{"id":7031,"date":"2025-11-05T16:32:34","date_gmt":"2025-11-05T15:32:34","guid":{"rendered":"https:\/\/etev7e.pef.czu.cz\/zs2223\/?post_type=product&#038;p=7031"},"modified":"2025-11-05T17:18:51","modified_gmt":"2025-11-05T16:18:51","slug":"prkno-c24-28-x-140-x-4000-mm","status":"publish","type":"product","link":"https:\/\/etev7e.pef.czu.cz\/zs2223\/produkt\/prkno-c24-28-x-140-x-4000-mm\/","title":{"rendered":"Prkno C24 \u2013 28 \u00d7 140 \u00d7 4000 mm"},"content":{"rendered":"<ul>\n<li><strong>Materi\u00e1l:<\/strong> Vyrobeno ze <strong>smrkov\u00e9ho d\u0159eva<\/strong>.<\/li>\n<li><strong>Kvalita:<\/strong> T\u0159\u00edda pevnosti <strong>C24<\/strong>. Prkno je <strong>nehoblovan\u00e9<\/strong> (hrub\u00fd \u0159ez) a nem\u00e1 sra\u017een\u00e9 hrany.<\/li>\n<li><strong>Rozm\u011bry:<\/strong> <strong>28 \u00d7 140 \u00d7 4000 mm<\/strong> (v\u00fd\u0161ka \u00d7 \u0161\u00ed\u0159ka \u00d7 d\u00e9lka).<\/li>\n<li><strong>Vyu\u017eit\u00ed:<\/strong> Vhodn\u00e9 pro <strong>opl\u00e1\u0161t\u011bn\u00ed, bedn\u011bn\u00ed, provizorn\u00ed podlahy, ploty, obklady k\u016flen<\/strong>, nebo obecn\u011b jako <strong>pomocn\u00fd stavebn\u00ed materi\u00e1l<\/strong>.<\/li>\n<\/ul>\n","protected":false},"excerpt":{"rendered":"<p>Univerz\u00e1ln\u00ed <strong>prkno<\/strong> pevnostn\u00ed t\u0159\u00eddy <strong>C24<\/strong> pro \u0161irokou \u0161k\u00e1lu <strong>stavebn\u00edch<\/strong> a <strong>pomocn\u00fdch prac\u00ed<\/strong>.<\/p>\n","protected":false},"featured_media":7032,"comment_status":"open","ping_status":"closed","template":"","meta":[],"product_brand":[],"product_cat":[1924],"product_tag":[1929,1926],"class_list":{"0":"post-7031","1":"product","2":"type-product","3":"status-publish","4":"has-post-thumbnail","6":"product_cat-dreveny-material-pro-stavby-2025","7":"product_tag-nehoblovane-drevo","8":"product_tag-smrkove-drevo","10":"first","11":"instock","12":"taxable","13":"shipping-taxable","14":"purchasable","15":"product-type-simple"},"jetpack_sharing_enabled":true,"_links":{"self":[{"href":"https:\/\/etev7e.pef.czu.cz\/zs2223\/wp-json\/wp\/v2\/product\/7031","targetHints":{"allow":["GET"]}}],"collection":[{"href":"https:\/\/etev7e.pef.czu.cz\/zs2223\/wp-json\/wp\/v2\/product"}],"about":[{"href":"https:\/\/etev7e.pef.czu.cz\/zs2223\/wp-json\/wp\/v2\/types\/product"}],"replies":[{"embeddable":true,"href":"https:\/\/etev7e.pef.czu.cz\/zs2223\/wp-json\/wp\/v2\/comments?post=7031"}],"wp:featuredmedia":[{"embeddable":true,"href":"https:\/\/etev7e.pef.czu.cz\/zs2223\/wp-json\/wp\/v2\/media\/7032"}],"wp:attachment":[{"href":"https:\/\/etev7e.pef.czu.cz\/zs2223\/wp-json\/wp\/v2\/media?parent=7031"}],"wp:term":[{"taxonomy":"product_brand","embeddable":true,"href":"https:\/\/etev7e.pef.czu.cz\/zs2223\/wp-json\/wp\/v2\/product_brand?post=7031"},{"taxonomy":"product_cat","embeddable":true,"href":"https:\/\/etev7e.pef.czu.cz\/zs2223\/wp-json\/wp\/v2\/product_cat?post=7031"},{"taxonomy":"product_tag","embeddable":true,"href":"https:\/\/etev7e.pef.czu.cz\/zs2223\/wp-json\/wp\/v2\/product_tag?post=7031"}],"curies":[{"name":"wp","href":"https:\/\/api.w.org\/{rel}","templated":true}]}}