{"id":7038,"date":"2025-11-05T18:36:26","date_gmt":"2025-11-05T17:36:26","guid":{"rendered":"https:\/\/etev7e.pef.czu.cz\/zs2223\/?post_type=product&#038;p=7038"},"modified":"2025-11-10T14:39:14","modified_gmt":"2025-11-10T13:39:14","slug":"vse-svatecni","status":"publish","type":"product","link":"https:\/\/etev7e.pef.czu.cz\/zs2223\/produkt\/vse-svatecni\/","title":{"rendered":"V\u0161e Sv\u00e1te\u010dn\u00ed"},"content":{"rendered":"<p>Kdy\u017e se potkaj\u00ed dv\u011b cukr\u00e1\u0159sk\u00e9 legendy, sou\u010dasn\u00e1 hv\u011bzda\u00a0<strong>Iveta Fabe\u0161ov\u00e1<\/strong>\u00a0a nest\u00e1rnouc\u00ed inspirace\u00a0<strong>Marie Sandtnerov\u00e1<\/strong>, vznikne n\u011bco opravdu kouzeln\u00e9ho. Tahle kniha je jako v\u00e1no\u010dn\u00ed st\u016fl, pln\u00e1 sv\u011bt\u00fdlek, tradic a omamn\u00e9 v\u016fn\u011b \u010derstv\u011b upe\u010den\u00e9ho cukrov\u00ed. Najde\u0161 v n\u00ed des\u00edtky\u00a0<strong>nejchutn\u011bj\u0161\u00edch sv\u00e1te\u010dn\u00edch recept\u016f<\/strong>, kter\u00e9 spojuj\u00ed \u010deskou klasiku s modern\u00edm pojet\u00edm. Zah\u0159ej si troubu, zapal sv\u00ed\u010dku a nech se v\u00e9st recepty, co dovedou ka\u017ed\u00fd den prom\u011bnit ve sv\u00e1tek.<\/p>\n","protected":false},"excerpt":{"rendered":"<p>Kdy\u017e se potkaj\u00ed dv\u011b cukr\u00e1\u0159sk\u00e9 legendy, sou\u010dasn\u00e1 hv\u011bzda\u00a0<strong>Iveta Fabe\u0161ov\u00e1<\/strong>\u00a0a nest\u00e1rnouc\u00ed inspirace\u00a0<strong>Marie Sandtnerov\u00e1<\/strong>, vznikne n\u011bco opravdu kouzeln\u00e9ho.<\/p>\n","protected":false},"featured_media":7098,"comment_status":"open","ping_status":"closed","template":"","meta":[],"product_brand":[2267],"product_cat":[1931],"product_tag":[2259,1112,2257,2258,2268,2260],"class_list":{"0":"post-7038","1":"product","2":"type-product","3":"status-publish","4":"has-post-thumbnail","6":"product_brand-xyz","7":"product_cat-sladke-kucharky","8":"product_tag-dorty","9":"product_tag-knihy","10":"product_tag-kucharky","11":"product_tag-sladka-kuchyne-a-peceni","12":"product_tag-slavnostni-peceni","13":"product_tag-zakusky","15":"first","16":"instock","17":"sale","18":"featured","19":"purchasable","20":"product-type-simple"},"jetpack_sharing_enabled":true,"_links":{"self":[{"href":"https:\/\/etev7e.pef.czu.cz\/zs2223\/wp-json\/wp\/v2\/product\/7038","targetHints":{"allow":["GET"]}}],"collection":[{"href":"https:\/\/etev7e.pef.czu.cz\/zs2223\/wp-json\/wp\/v2\/product"}],"about":[{"href":"https:\/\/etev7e.pef.czu.cz\/zs2223\/wp-json\/wp\/v2\/types\/product"}],"replies":[{"embeddable":true,"href":"https:\/\/etev7e.pef.czu.cz\/zs2223\/wp-json\/wp\/v2\/comments?post=7038"}],"wp:featuredmedia":[{"embeddable":true,"href":"https:\/\/etev7e.pef.czu.cz\/zs2223\/wp-json\/wp\/v2\/media\/7098"}],"wp:attachment":[{"href":"https:\/\/etev7e.pef.czu.cz\/zs2223\/wp-json\/wp\/v2\/media?parent=7038"}],"wp:term":[{"taxonomy":"product_brand","embeddable":true,"href":"https:\/\/etev7e.pef.czu.cz\/zs2223\/wp-json\/wp\/v2\/product_brand?post=7038"},{"taxonomy":"product_cat","embeddable":true,"href":"https:\/\/etev7e.pef.czu.cz\/zs2223\/wp-json\/wp\/v2\/product_cat?post=7038"},{"taxonomy":"product_tag","embeddable":true,"href":"https:\/\/etev7e.pef.czu.cz\/zs2223\/wp-json\/wp\/v2\/product_tag?post=7038"}],"curies":[{"name":"wp","href":"https:\/\/api.w.org\/{rel}","templated":true}]}}