{"id":7044,"date":"2025-11-05T21:09:55","date_gmt":"2025-11-05T20:09:55","guid":{"rendered":"https:\/\/etev7e.pef.czu.cz\/zs2223\/?post_type=product&#038;p=7044"},"modified":"2025-11-08T17:28:11","modified_gmt":"2025-11-08T16:28:11","slug":"terarium-s-kaktusy","status":"publish","type":"product","link":"https:\/\/etev7e.pef.czu.cz\/zs2223\/produkt\/terarium-s-kaktusy\/","title":{"rendered":"Ter\u00e1rium s kaktusy"},"content":{"rendered":"<p>Ter\u00e1rium s kaktusem je dokonal\u00fdm spojen\u00edm modern\u00ed jednoduchosti a p\u0159\u00edrodn\u00ed estetiky. Suchomiln\u00e9 rostliny vynikaj\u00ed svou v\u00fdraznou strukturou a \u010dist\u00fdmi liniemi, kter\u00e9 dod\u00e1vaj\u00ed celku elegantn\u00ed charakter. D\u00edky nen\u00e1ro\u010dn\u00e9 p\u00e9\u010di je ide\u00e1ln\u00ed volbou pro ty, kdo miluj\u00ed styl a kr\u00e1su, ale cht\u011bj\u00ed si z\u00e1rove\u0148 u\u017e\u00edvat klid a jednoduchost. Tento kousek je skute\u010dn\u00fdm \u0161perkem pro interi\u00e9r s vyt\u0159\u00edben\u00fdm vkusem\u00a0p\u0159\u00edrody i designu.<\/p>\n","protected":false},"excerpt":{"rendered":"<p>Tento kousek je skute\u010dn\u00fdm \u0161perkem pro interi\u00e9r s vyt\u0159\u00edben\u00fdm vkusem\u00a0p\u0159\u00edrody i designu.<\/p>\n","protected":false},"featured_media":7046,"comment_status":"open","ping_status":"closed","template":"","meta":[],"product_brand":[],"product_cat":[1933],"product_tag":[1936,1935,1424,1937],"class_list":{"0":"post-7044","1":"product","2":"type-product","3":"status-publish","4":"has-post-thumbnail","6":"product_cat-teraria-cz","7":"product_tag-dekorace-do-bytu","8":"product_tag-kaktusy","9":"product_tag-nenarocna-pece","10":"product_tag-zive-rostliny","12":"first","13":"instock","14":"taxable","15":"shipping-taxable","16":"purchasable","17":"product-type-simple"},"jetpack_sharing_enabled":true,"_links":{"self":[{"href":"https:\/\/etev7e.pef.czu.cz\/zs2223\/wp-json\/wp\/v2\/product\/7044","targetHints":{"allow":["GET"]}}],"collection":[{"href":"https:\/\/etev7e.pef.czu.cz\/zs2223\/wp-json\/wp\/v2\/product"}],"about":[{"href":"https:\/\/etev7e.pef.czu.cz\/zs2223\/wp-json\/wp\/v2\/types\/product"}],"replies":[{"embeddable":true,"href":"https:\/\/etev7e.pef.czu.cz\/zs2223\/wp-json\/wp\/v2\/comments?post=7044"}],"wp:featuredmedia":[{"embeddable":true,"href":"https:\/\/etev7e.pef.czu.cz\/zs2223\/wp-json\/wp\/v2\/media\/7046"}],"wp:attachment":[{"href":"https:\/\/etev7e.pef.czu.cz\/zs2223\/wp-json\/wp\/v2\/media?parent=7044"}],"wp:term":[{"taxonomy":"product_brand","embeddable":true,"href":"https:\/\/etev7e.pef.czu.cz\/zs2223\/wp-json\/wp\/v2\/product_brand?post=7044"},{"taxonomy":"product_cat","embeddable":true,"href":"https:\/\/etev7e.pef.czu.cz\/zs2223\/wp-json\/wp\/v2\/product_cat?post=7044"},{"taxonomy":"product_tag","embeddable":true,"href":"https:\/\/etev7e.pef.czu.cz\/zs2223\/wp-json\/wp\/v2\/product_tag?post=7044"}],"curies":[{"name":"wp","href":"https:\/\/api.w.org\/{rel}","templated":true}]}}