{"id":7045,"date":"2025-11-05T21:10:49","date_gmt":"2025-11-05T20:10:49","guid":{"rendered":"https:\/\/etev7e.pef.czu.cz\/zs2223\/?post_type=product&#038;p=7045"},"modified":"2025-11-10T21:33:47","modified_gmt":"2025-11-10T20:33:47","slug":"svicka-lesni-klid","status":"publish","type":"product","link":"https:\/\/etev7e.pef.czu.cz\/zs2223\/produkt\/svicka-lesni-klid\/","title":{"rendered":"Sv\u00ed\u010dka Lesn\u00ed klid"},"content":{"rendered":"","protected":false},"excerpt":{"rendered":"<p>Sv\u00ed\u010dka \u201eLesn\u00ed klid\u201c v\u00e1s p\u0159enese do hlubok\u00e9ho lesa d\u00edky sv\u011b\u017e\u00ed v\u016fni borovice, zemit\u00e9m t\u00f3n\u016fm cedru a jemn\u00e9mu eukalyptu, kter\u00e9 spole\u010dn\u011b vytv\u00e1\u0159ej\u00ed harmonickou a uklid\u0148uj\u00edc\u00ed atmosf\u00e9ru. Ru\u010dn\u011b odl\u00e9van\u00e1 z p\u0159\u00edrodn\u00edho vosku, s elegantn\u00edm sklen\u011bn\u00fdm obalem a dobou ho\u0159en\u00ed a\u017e 40 hodin, je ide\u00e1ln\u00ed pro chv\u00edle meditace, relaxace nebo odpo\u010dinku po n\u00e1ro\u010dn\u00e9m dni \u2013 pom\u00e1h\u00e1 navodit pocit rovnov\u00e1hy a spojen\u00ed s p\u0159\u00edrodou.<\/p>\n","protected":false},"featured_media":7067,"comment_status":"open","ping_status":"closed","template":"","meta":[],"product_brand":[],"product_cat":[1934],"product_tag":[1253,928],"class_list":{"0":"post-7045","1":"product","2":"type-product","3":"status-publish","4":"has-post-thumbnail","6":"product_cat-svicky-skupina-4","7":"product_tag-priroda","8":"product_tag-relaxace","10":"first","11":"instock","12":"sale","13":"taxable","14":"shipping-taxable","15":"purchasable","16":"product-type-variable","17":"has-default-attributes"},"jetpack_sharing_enabled":true,"_links":{"self":[{"href":"https:\/\/etev7e.pef.czu.cz\/zs2223\/wp-json\/wp\/v2\/product\/7045","targetHints":{"allow":["GET"]}}],"collection":[{"href":"https:\/\/etev7e.pef.czu.cz\/zs2223\/wp-json\/wp\/v2\/product"}],"about":[{"href":"https:\/\/etev7e.pef.czu.cz\/zs2223\/wp-json\/wp\/v2\/types\/product"}],"replies":[{"embeddable":true,"href":"https:\/\/etev7e.pef.czu.cz\/zs2223\/wp-json\/wp\/v2\/comments?post=7045"}],"wp:featuredmedia":[{"embeddable":true,"href":"https:\/\/etev7e.pef.czu.cz\/zs2223\/wp-json\/wp\/v2\/media\/7067"}],"wp:attachment":[{"href":"https:\/\/etev7e.pef.czu.cz\/zs2223\/wp-json\/wp\/v2\/media?parent=7045"}],"wp:term":[{"taxonomy":"product_brand","embeddable":true,"href":"https:\/\/etev7e.pef.czu.cz\/zs2223\/wp-json\/wp\/v2\/product_brand?post=7045"},{"taxonomy":"product_cat","embeddable":true,"href":"https:\/\/etev7e.pef.czu.cz\/zs2223\/wp-json\/wp\/v2\/product_cat?post=7045"},{"taxonomy":"product_tag","embeddable":true,"href":"https:\/\/etev7e.pef.czu.cz\/zs2223\/wp-json\/wp\/v2\/product_tag?post=7045"}],"curies":[{"name":"wp","href":"https:\/\/api.w.org\/{rel}","templated":true}]}}