{"id":7052,"date":"2025-11-05T21:23:00","date_gmt":"2025-11-05T20:23:00","guid":{"rendered":"https:\/\/etev7e.pef.czu.cz\/zs2223\/?post_type=product&#038;p=7052"},"modified":"2025-11-10T21:33:28","modified_gmt":"2025-11-10T20:33:28","slug":"svicka-vanilkovy-sen","status":"publish","type":"product","link":"https:\/\/etev7e.pef.czu.cz\/zs2223\/produkt\/svicka-vanilkovy-sen\/","title":{"rendered":"Sv\u00ed\u010dka Vanilkov\u00fd sen"},"content":{"rendered":"","protected":false},"excerpt":{"rendered":"<p>Sv\u00ed\u010dka \u201eVanilkov\u00fd sen\u201c okouzl\u00ed sladkou a kr\u00e9movou v\u016fn\u00ed vanilky s jemn\u00fdm n\u00e1dechem karamelu, kter\u00e1 vytv\u00e1\u0159\u00ed pocit tepla, pohody a bezpe\u010d\u00ed. Ru\u010dn\u011b odl\u00e9van\u00e1 z p\u0159\u00edrodn\u00edho vosku, s elegantn\u00edm sklen\u011bn\u00fdm obalem a dobou ho\u0159en\u00ed a\u017e 40 hodin, je ide\u00e1ln\u00ed pro zimn\u00ed ve\u010dery, romantick\u00e9 chv\u00edle nebo jako d\u00e1rek pro milovn\u00edky sladk\u00fdch t\u00f3n\u016f \u2013 p\u0159in\u00e1\u0161\u00ed \u00fatulnou atmosf\u00e9ru a chv\u00edle klidu.<\/p>\n","protected":false},"featured_media":7068,"comment_status":"open","ping_status":"closed","template":"","meta":[],"product_brand":[],"product_cat":[1934],"product_tag":[928,1650],"class_list":{"0":"post-7052","1":"product","2":"type-product","3":"status-publish","4":"has-post-thumbnail","6":"product_cat-svicky-skupina-4","7":"product_tag-relaxace","8":"product_tag-vanilka","10":"first","11":"instock","12":"sale","13":"taxable","14":"shipping-taxable","15":"purchasable","16":"product-type-variable","17":"has-default-attributes"},"jetpack_sharing_enabled":true,"_links":{"self":[{"href":"https:\/\/etev7e.pef.czu.cz\/zs2223\/wp-json\/wp\/v2\/product\/7052","targetHints":{"allow":["GET"]}}],"collection":[{"href":"https:\/\/etev7e.pef.czu.cz\/zs2223\/wp-json\/wp\/v2\/product"}],"about":[{"href":"https:\/\/etev7e.pef.czu.cz\/zs2223\/wp-json\/wp\/v2\/types\/product"}],"replies":[{"embeddable":true,"href":"https:\/\/etev7e.pef.czu.cz\/zs2223\/wp-json\/wp\/v2\/comments?post=7052"}],"wp:featuredmedia":[{"embeddable":true,"href":"https:\/\/etev7e.pef.czu.cz\/zs2223\/wp-json\/wp\/v2\/media\/7068"}],"wp:attachment":[{"href":"https:\/\/etev7e.pef.czu.cz\/zs2223\/wp-json\/wp\/v2\/media?parent=7052"}],"wp:term":[{"taxonomy":"product_brand","embeddable":true,"href":"https:\/\/etev7e.pef.czu.cz\/zs2223\/wp-json\/wp\/v2\/product_brand?post=7052"},{"taxonomy":"product_cat","embeddable":true,"href":"https:\/\/etev7e.pef.czu.cz\/zs2223\/wp-json\/wp\/v2\/product_cat?post=7052"},{"taxonomy":"product_tag","embeddable":true,"href":"https:\/\/etev7e.pef.czu.cz\/zs2223\/wp-json\/wp\/v2\/product_tag?post=7052"}],"curies":[{"name":"wp","href":"https:\/\/api.w.org\/{rel}","templated":true}]}}