{"id":7055,"date":"2025-11-05T21:24:04","date_gmt":"2025-11-05T20:24:04","guid":{"rendered":"https:\/\/etev7e.pef.czu.cz\/zs2223\/?post_type=product&#038;p=7055"},"modified":"2025-11-08T17:27:01","modified_gmt":"2025-11-08T16:27:01","slug":"terarium-maxi","status":"publish","type":"product","link":"https:\/\/etev7e.pef.czu.cz\/zs2223\/produkt\/terarium-maxi\/","title":{"rendered":"Ter\u00e1rium Maxi"},"content":{"rendered":"<p>V\u00fdrazn\u00fd designov\u00fd prvek, kter\u00fd prom\u011bn\u00ed jak\u00fdkoliv interi\u00e9r v sofistikovan\u00fd a p\u0159\u00edjemn\u00fd prostor. Velk\u00e9 ter\u00e1rium p\u0159edstavuje skute\u010dn\u00fd kousek p\u0159\u00edrody za sklem \u2014 s bohatou strukturou, v\u00edcevrstv\u00fdm dekorem a rostlinami, kter\u00e9 p\u0159irozen\u011b rostou a vyv\u00edjej\u00ed se. Je ide\u00e1ln\u00ed jako centr\u00e1ln\u00ed dekorace ob\u00fdvac\u00edho pokoje nebo reprezentativn\u00edho prostoru. Nad\u010dasov\u00e1 elegance a \u017eiv\u00e1 zele\u0148 vytv\u00e1\u0159ej\u00ed klidnou atmosf\u00e9ru, kter\u00e1 inspiruje a uklid\u0148uje.<\/p>\n","protected":false},"excerpt":{"rendered":"<p>Nad\u010dasov\u00e1 elegance a \u017eiv\u00e1 zele\u0148 vytv\u00e1\u0159ej\u00ed klidnou atmosf\u00e9ru, kter\u00e1 inspiruje a uklid\u0148uje.<\/p>\n","protected":false},"featured_media":7056,"comment_status":"open","ping_status":"closed","template":"","meta":[],"product_brand":[],"product_cat":[1933],"product_tag":[1945,1946,537,1944],"class_list":{"0":"post-7055","1":"product","2":"type-product","3":"status-publish","4":"has-post-thumbnail","6":"product_cat-teraria-cz","7":"product_tag-designovy-doplnek","8":"product_tag-luxusni-darek","9":"product_tag-rucni-vyroba","10":"product_tag-velka-dekorace","12":"first","13":"instock","14":"taxable","15":"shipping-taxable","16":"purchasable","17":"product-type-simple"},"jetpack_sharing_enabled":true,"_links":{"self":[{"href":"https:\/\/etev7e.pef.czu.cz\/zs2223\/wp-json\/wp\/v2\/product\/7055","targetHints":{"allow":["GET"]}}],"collection":[{"href":"https:\/\/etev7e.pef.czu.cz\/zs2223\/wp-json\/wp\/v2\/product"}],"about":[{"href":"https:\/\/etev7e.pef.czu.cz\/zs2223\/wp-json\/wp\/v2\/types\/product"}],"replies":[{"embeddable":true,"href":"https:\/\/etev7e.pef.czu.cz\/zs2223\/wp-json\/wp\/v2\/comments?post=7055"}],"wp:featuredmedia":[{"embeddable":true,"href":"https:\/\/etev7e.pef.czu.cz\/zs2223\/wp-json\/wp\/v2\/media\/7056"}],"wp:attachment":[{"href":"https:\/\/etev7e.pef.czu.cz\/zs2223\/wp-json\/wp\/v2\/media?parent=7055"}],"wp:term":[{"taxonomy":"product_brand","embeddable":true,"href":"https:\/\/etev7e.pef.czu.cz\/zs2223\/wp-json\/wp\/v2\/product_brand?post=7055"},{"taxonomy":"product_cat","embeddable":true,"href":"https:\/\/etev7e.pef.czu.cz\/zs2223\/wp-json\/wp\/v2\/product_cat?post=7055"},{"taxonomy":"product_tag","embeddable":true,"href":"https:\/\/etev7e.pef.czu.cz\/zs2223\/wp-json\/wp\/v2\/product_tag?post=7055"}],"curies":[{"name":"wp","href":"https:\/\/api.w.org\/{rel}","templated":true}]}}