{"id":7057,"date":"2025-11-05T21:28:05","date_gmt":"2025-11-05T20:28:05","guid":{"rendered":"https:\/\/etev7e.pef.czu.cz\/zs2223\/?post_type=product&#038;p=7057"},"modified":"2025-11-08T17:27:23","modified_gmt":"2025-11-08T16:27:23","slug":"terarium-midi","status":"publish","type":"product","link":"https:\/\/etev7e.pef.czu.cz\/zs2223\/produkt\/terarium-midi\/","title":{"rendered":"Ter\u00e1rium Midi"},"content":{"rendered":"<p>St\u0159edn\u00ed velikost nab\u00edz\u00ed perfektn\u00ed rovnov\u00e1hu mezi eleganc\u00ed a v\u00fdraznost\u00ed. Ter\u00e1rium je navr\u017eeno tak, aby p\u0159irozen\u011b ladilo s modern\u00edm interi\u00e9rem, a\u0165 u\u017e doma nebo v kancel\u00e1\u0159i. Pe\u010dliv\u011b vrstven\u00fd substr\u00e1t, jemn\u00e9 kameny a zdrav\u00e9 rostliny vytv\u00e1\u0159ej\u00ed mal\u00fd, sob\u011bsta\u010dn\u00fd ekosyst\u00e9m, kter\u00fd nejen kr\u00e1sn\u011b vypad\u00e1, ale tak\u00e9 p\u0159in\u00e1\u0161\u00ed pocit pohody a spojen\u00ed s p\u0159\u00edrodou. Ka\u017ed\u00fd detail byl navr\u017een s d\u016frazem na estetiku a dlouhou \u017eivotnost.<\/p>\n","protected":false},"excerpt":{"rendered":"<p>Ka\u017ed\u00fd detail je navr\u017een s d\u016frazem na estetiku a dlouhou \u017eivotnost.<\/p>\n","protected":false},"featured_media":7059,"comment_status":"open","ping_status":"closed","template":"","meta":[],"product_brand":[],"product_cat":[1933],"product_tag":[1948,537,1947],"class_list":{"0":"post-7057","1":"product","2":"type-product","3":"status-publish","4":"has-post-thumbnail","6":"product_cat-teraria-cz","7":"product_tag-domaci-dekorace","8":"product_tag-rucni-vyroba","9":"product_tag-stredni-terarium","11":"first","12":"instock","13":"sale","14":"taxable","15":"shipping-taxable","16":"purchasable","17":"product-type-simple"},"jetpack_sharing_enabled":true,"_links":{"self":[{"href":"https:\/\/etev7e.pef.czu.cz\/zs2223\/wp-json\/wp\/v2\/product\/7057","targetHints":{"allow":["GET"]}}],"collection":[{"href":"https:\/\/etev7e.pef.czu.cz\/zs2223\/wp-json\/wp\/v2\/product"}],"about":[{"href":"https:\/\/etev7e.pef.czu.cz\/zs2223\/wp-json\/wp\/v2\/types\/product"}],"replies":[{"embeddable":true,"href":"https:\/\/etev7e.pef.czu.cz\/zs2223\/wp-json\/wp\/v2\/comments?post=7057"}],"wp:featuredmedia":[{"embeddable":true,"href":"https:\/\/etev7e.pef.czu.cz\/zs2223\/wp-json\/wp\/v2\/media\/7059"}],"wp:attachment":[{"href":"https:\/\/etev7e.pef.czu.cz\/zs2223\/wp-json\/wp\/v2\/media?parent=7057"}],"wp:term":[{"taxonomy":"product_brand","embeddable":true,"href":"https:\/\/etev7e.pef.czu.cz\/zs2223\/wp-json\/wp\/v2\/product_brand?post=7057"},{"taxonomy":"product_cat","embeddable":true,"href":"https:\/\/etev7e.pef.czu.cz\/zs2223\/wp-json\/wp\/v2\/product_cat?post=7057"},{"taxonomy":"product_tag","embeddable":true,"href":"https:\/\/etev7e.pef.czu.cz\/zs2223\/wp-json\/wp\/v2\/product_tag?post=7057"}],"curies":[{"name":"wp","href":"https:\/\/api.w.org\/{rel}","templated":true}]}}