{"id":7058,"date":"2025-11-05T21:25:06","date_gmt":"2025-11-05T20:25:06","guid":{"rendered":"https:\/\/etev7e.pef.czu.cz\/zs2223\/?post_type=product&#038;p=7058"},"modified":"2025-11-10T21:32:53","modified_gmt":"2025-11-10T20:32:53","slug":"svicka-citrusova-energie","status":"publish","type":"product","link":"https:\/\/etev7e.pef.czu.cz\/zs2223\/produkt\/svicka-citrusova-energie\/","title":{"rendered":"Sv\u00ed\u010dka Citrusov\u00e1 energie"},"content":{"rendered":"","protected":false},"excerpt":{"rendered":"<p>Sv\u00ed\u010dka \u201eCitrusov\u00e1 energie\u201c spojuje sv\u011b\u017e\u00ed v\u016fni pomeran\u010de, citronu a bergamotu, kter\u00e1 rozjasn\u00ed prostor, dod\u00e1 energii a podpo\u0159\u00ed koncentraci. Ru\u010dn\u011b odl\u00e9van\u00e1 z p\u0159\u00edrodn\u00edho vosku, s elegantn\u00edm sklen\u011bn\u00fdm obalem a dobou ho\u0159en\u00ed a\u017e 40 hodin, je ide\u00e1ln\u00ed do pracovn\u00edho koutku, dom\u00e1c\u00ed kancel\u00e1\u0159e nebo pro rann\u00ed ritu\u00e1ly \u2013 pom\u00e1h\u00e1 nastartovat den s jasnou mysl\u00ed a pozitivn\u00ed n\u00e1ladou.<\/p>\n","protected":false},"featured_media":7066,"comment_status":"open","ping_status":"closed","template":"","meta":[],"product_brand":[],"product_cat":[1934],"product_tag":[1655,806],"class_list":{"0":"post-7058","1":"product","2":"type-product","3":"status-publish","4":"has-post-thumbnail","6":"product_cat-svicky-skupina-4","7":"product_tag-citrusovy-nadech","8":"product_tag-energie","10":"first","11":"instock","12":"sale","13":"taxable","14":"shipping-taxable","15":"purchasable","16":"product-type-variable","17":"has-default-attributes"},"jetpack_sharing_enabled":true,"_links":{"self":[{"href":"https:\/\/etev7e.pef.czu.cz\/zs2223\/wp-json\/wp\/v2\/product\/7058","targetHints":{"allow":["GET"]}}],"collection":[{"href":"https:\/\/etev7e.pef.czu.cz\/zs2223\/wp-json\/wp\/v2\/product"}],"about":[{"href":"https:\/\/etev7e.pef.czu.cz\/zs2223\/wp-json\/wp\/v2\/types\/product"}],"replies":[{"embeddable":true,"href":"https:\/\/etev7e.pef.czu.cz\/zs2223\/wp-json\/wp\/v2\/comments?post=7058"}],"wp:featuredmedia":[{"embeddable":true,"href":"https:\/\/etev7e.pef.czu.cz\/zs2223\/wp-json\/wp\/v2\/media\/7066"}],"wp:attachment":[{"href":"https:\/\/etev7e.pef.czu.cz\/zs2223\/wp-json\/wp\/v2\/media?parent=7058"}],"wp:term":[{"taxonomy":"product_brand","embeddable":true,"href":"https:\/\/etev7e.pef.czu.cz\/zs2223\/wp-json\/wp\/v2\/product_brand?post=7058"},{"taxonomy":"product_cat","embeddable":true,"href":"https:\/\/etev7e.pef.czu.cz\/zs2223\/wp-json\/wp\/v2\/product_cat?post=7058"},{"taxonomy":"product_tag","embeddable":true,"href":"https:\/\/etev7e.pef.czu.cz\/zs2223\/wp-json\/wp\/v2\/product_tag?post=7058"}],"curies":[{"name":"wp","href":"https:\/\/api.w.org\/{rel}","templated":true}]}}