{"id":7061,"date":"2025-11-05T21:29:50","date_gmt":"2025-11-05T20:29:50","guid":{"rendered":"https:\/\/etev7e.pef.czu.cz\/zs2223\/?post_type=product&#038;p=7061"},"modified":"2025-11-10T21:32:34","modified_gmt":"2025-11-10T20:32:34","slug":"svicka-levandulove-udoli","status":"publish","type":"product","link":"https:\/\/etev7e.pef.czu.cz\/zs2223\/produkt\/svicka-levandulove-udoli\/","title":{"rendered":"Sv\u00ed\u010dka Levandulov\u00e9 \u00fadol\u00ed"},"content":{"rendered":"","protected":false},"excerpt":{"rendered":"<p>Sv\u00ed\u010dka \u201eLevandulov\u00e9 \u00fadol\u00ed\u201c p\u0159in\u00e1\u0161\u00ed jemnou v\u016fni levandule s dotekem \u0161alv\u011bje, kter\u00e1 navozuje klidnou atmosf\u00e9ru, pom\u00e1h\u00e1 zm\u00edrnit stres a podporuje kvalitn\u00ed sp\u00e1nek. Ru\u010dn\u011b odl\u00e9van\u00e1 z p\u0159\u00edrodn\u00edho vosku, s elegantn\u00edm sklen\u011bn\u00fdm obalem a dobou ho\u0159en\u00ed a\u017e 40 hodin, je ide\u00e1ln\u00ed do lo\u017enice, koupelny nebo relaxa\u010dn\u00edho koutku \u2013 perfektn\u00ed pro ve\u010dern\u00ed ritu\u00e1ly, meditaci i chv\u00edle odpo\u010dinku.<\/p>\n","protected":false},"featured_media":7064,"comment_status":"open","ping_status":"closed","template":"","meta":[],"product_brand":[],"product_cat":[1934],"product_tag":[1293,928,333],"class_list":{"0":"post-7061","1":"product","2":"type-product","3":"status-publish","4":"has-post-thumbnail","6":"product_cat-svicky-skupina-4","7":"product_tag-levandule","8":"product_tag-relaxace","9":"product_tag-spanek","11":"first","12":"instock","13":"sale","14":"taxable","15":"shipping-taxable","16":"purchasable","17":"product-type-variable","18":"has-default-attributes"},"jetpack_sharing_enabled":true,"_links":{"self":[{"href":"https:\/\/etev7e.pef.czu.cz\/zs2223\/wp-json\/wp\/v2\/product\/7061","targetHints":{"allow":["GET"]}}],"collection":[{"href":"https:\/\/etev7e.pef.czu.cz\/zs2223\/wp-json\/wp\/v2\/product"}],"about":[{"href":"https:\/\/etev7e.pef.czu.cz\/zs2223\/wp-json\/wp\/v2\/types\/product"}],"replies":[{"embeddable":true,"href":"https:\/\/etev7e.pef.czu.cz\/zs2223\/wp-json\/wp\/v2\/comments?post=7061"}],"wp:featuredmedia":[{"embeddable":true,"href":"https:\/\/etev7e.pef.czu.cz\/zs2223\/wp-json\/wp\/v2\/media\/7064"}],"wp:attachment":[{"href":"https:\/\/etev7e.pef.czu.cz\/zs2223\/wp-json\/wp\/v2\/media?parent=7061"}],"wp:term":[{"taxonomy":"product_brand","embeddable":true,"href":"https:\/\/etev7e.pef.czu.cz\/zs2223\/wp-json\/wp\/v2\/product_brand?post=7061"},{"taxonomy":"product_cat","embeddable":true,"href":"https:\/\/etev7e.pef.czu.cz\/zs2223\/wp-json\/wp\/v2\/product_cat?post=7061"},{"taxonomy":"product_tag","embeddable":true,"href":"https:\/\/etev7e.pef.czu.cz\/zs2223\/wp-json\/wp\/v2\/product_tag?post=7061"}],"curies":[{"name":"wp","href":"https:\/\/api.w.org\/{rel}","templated":true}]}}