{"id":7062,"date":"2025-11-05T21:32:05","date_gmt":"2025-11-05T20:32:05","guid":{"rendered":"https:\/\/etev7e.pef.czu.cz\/zs2223\/?post_type=product&#038;p=7062"},"modified":"2025-11-10T21:31:37","modified_gmt":"2025-11-10T20:31:37","slug":"svicka-kava-kakao","status":"publish","type":"product","link":"https:\/\/etev7e.pef.czu.cz\/zs2223\/produkt\/svicka-kava-kakao\/","title":{"rendered":"Sv\u00ed\u010dka K\u00e1va &amp; Kakao"},"content":{"rendered":"","protected":false},"excerpt":{"rendered":"<p>Sv\u00ed\u010dka \u201eK\u00e1va &amp; Kakao\u201c okouzl\u00ed intenzivn\u00ed v\u016fn\u00ed \u010derstv\u011b mlet\u00e9 k\u00e1vy a ho\u0159k\u00e9ho kakaa, kter\u00e1 stimuluje smysly a dod\u00e1v\u00e1 prostoru luxusn\u00ed, h\u0159ejivou atmosf\u00e9ru. Ru\u010dn\u011b odl\u00e9van\u00e1 z p\u0159\u00edrodn\u00edho vosku, s elegantn\u00edm sklen\u011bn\u00fdm obalem a dobou ho\u0159en\u00ed a\u017e 40 hodin, je ide\u00e1ln\u00ed do pracovny, knihovny nebo jako d\u00e1rek pro milovn\u00edky k\u00e1vy \u2013 p\u0159in\u00e1\u0161\u00ed chv\u00edle soust\u0159ed\u011bn\u00ed i smyslov\u00e9ho pot\u011b\u0161en\u00ed.<\/p>\n","protected":false},"featured_media":7065,"comment_status":"open","ping_status":"closed","template":"","meta":[],"product_brand":[],"product_cat":[1934],"product_tag":[112,928],"class_list":{"0":"post-7062","1":"product","2":"type-product","3":"status-publish","4":"has-post-thumbnail","6":"product_cat-svicky-skupina-4","7":"product_tag-kava","8":"product_tag-relaxace","10":"first","11":"instock","12":"sale","13":"taxable","14":"shipping-taxable","15":"purchasable","16":"product-type-variable","17":"has-default-attributes"},"jetpack_sharing_enabled":true,"_links":{"self":[{"href":"https:\/\/etev7e.pef.czu.cz\/zs2223\/wp-json\/wp\/v2\/product\/7062","targetHints":{"allow":["GET"]}}],"collection":[{"href":"https:\/\/etev7e.pef.czu.cz\/zs2223\/wp-json\/wp\/v2\/product"}],"about":[{"href":"https:\/\/etev7e.pef.czu.cz\/zs2223\/wp-json\/wp\/v2\/types\/product"}],"replies":[{"embeddable":true,"href":"https:\/\/etev7e.pef.czu.cz\/zs2223\/wp-json\/wp\/v2\/comments?post=7062"}],"wp:featuredmedia":[{"embeddable":true,"href":"https:\/\/etev7e.pef.czu.cz\/zs2223\/wp-json\/wp\/v2\/media\/7065"}],"wp:attachment":[{"href":"https:\/\/etev7e.pef.czu.cz\/zs2223\/wp-json\/wp\/v2\/media?parent=7062"}],"wp:term":[{"taxonomy":"product_brand","embeddable":true,"href":"https:\/\/etev7e.pef.czu.cz\/zs2223\/wp-json\/wp\/v2\/product_brand?post=7062"},{"taxonomy":"product_cat","embeddable":true,"href":"https:\/\/etev7e.pef.czu.cz\/zs2223\/wp-json\/wp\/v2\/product_cat?post=7062"},{"taxonomy":"product_tag","embeddable":true,"href":"https:\/\/etev7e.pef.czu.cz\/zs2223\/wp-json\/wp\/v2\/product_tag?post=7062"}],"curies":[{"name":"wp","href":"https:\/\/api.w.org\/{rel}","templated":true}]}}