{"id":7099,"date":"2025-11-06T10:22:12","date_gmt":"2025-11-06T09:22:12","guid":{"rendered":"https:\/\/etev7e.pef.czu.cz\/zs2223\/?post_type=product&#038;p=7099"},"modified":"2025-11-10T15:18:54","modified_gmt":"2025-11-10T14:18:54","slug":"vojtech-vrtiska-kucharka","status":"publish","type":"product","link":"https:\/\/etev7e.pef.czu.cz\/zs2223\/produkt\/vojtech-vrtiska-kucharka\/","title":{"rendered":"Vojt\u011bch Vrti\u0161ka: Kucha\u0159ka"},"content":{"rendered":"<p>Mlad\u00fd, talentovan\u00fd a srdcem nad\u0161en\u00fd peka\u0159\u00a0<strong>Vojt\u011bch Vrti\u0161ka<\/strong>\u00a0t\u011b zve do sv\u00e9 cukr\u00e1\u0159sk\u00e9 kuchyn\u011b pln\u00e9 inspirace, radosti a hravosti. Ka\u017ed\u00fd dezert zde m\u00e1 dv\u011b tv\u00e1\u0159e,\u00a0<strong>jednodu\u0161\u0161\u00ed verzi pro za\u010d\u00e1te\u010dn\u00edky<\/strong>\u00a0a\u00a0<strong>n\u00e1ro\u010dn\u011bj\u0161\u00ed pro ty, kdo cht\u011bj\u00ed zaz\u00e1\u0159it jako mist\u0159i<\/strong>. Pod veden\u00edm v\u00edt\u011bze sout\u011b\u017ee \u201ePe\u010de cel\u00e1 zem\u011b\u201c o nejlep\u0161\u00edho \u010desk\u00e9ho amat\u00e9rsk\u00e9ho peka\u0159e se pe\u010den\u00ed st\u00e1v\u00e1 radost\u00ed, ne v\u00fdzvou. Nau\u010d\u00ed\u0161 se, \u017ee dokonal\u00fd dezert nen\u00ed o dokonalosti, ale o l\u00e1sce, trp\u011blivosti a chuti tvo\u0159it.<\/p>\n","protected":false},"excerpt":{"rendered":"<p>Mlad\u00fd, talentovan\u00fd a srdcem nad\u0161en\u00fd peka\u0159\u00a0<strong>Vojt\u011bch Vrti\u0161ka<\/strong>\u00a0t\u011b zve do sv\u00e9 cukr\u00e1\u0159sk\u00e9 kuchyn\u011b pln\u00e9 inspirace, radosti a hravosti.<\/p>\n","protected":false},"featured_media":7830,"comment_status":"open","ping_status":"closed","template":"","meta":[],"product_brand":[2287],"product_cat":[1931],"product_tag":[2259,1112,2257,2288,2258,2260],"class_list":{"0":"post-7099","1":"product","2":"type-product","3":"status-publish","4":"has-post-thumbnail","6":"product_brand-cpress","7":"product_cat-sladke-kucharky","8":"product_tag-dorty","9":"product_tag-knihy","10":"product_tag-kucharky","11":"product_tag-moderni-peceni","12":"product_tag-sladka-kuchyne-a-peceni","13":"product_tag-zakusky","15":"first","16":"instock","17":"sale","18":"featured","19":"purchasable","20":"product-type-simple"},"jetpack_sharing_enabled":true,"_links":{"self":[{"href":"https:\/\/etev7e.pef.czu.cz\/zs2223\/wp-json\/wp\/v2\/product\/7099","targetHints":{"allow":["GET"]}}],"collection":[{"href":"https:\/\/etev7e.pef.czu.cz\/zs2223\/wp-json\/wp\/v2\/product"}],"about":[{"href":"https:\/\/etev7e.pef.czu.cz\/zs2223\/wp-json\/wp\/v2\/types\/product"}],"replies":[{"embeddable":true,"href":"https:\/\/etev7e.pef.czu.cz\/zs2223\/wp-json\/wp\/v2\/comments?post=7099"}],"wp:featuredmedia":[{"embeddable":true,"href":"https:\/\/etev7e.pef.czu.cz\/zs2223\/wp-json\/wp\/v2\/media\/7830"}],"wp:attachment":[{"href":"https:\/\/etev7e.pef.czu.cz\/zs2223\/wp-json\/wp\/v2\/media?parent=7099"}],"wp:term":[{"taxonomy":"product_brand","embeddable":true,"href":"https:\/\/etev7e.pef.czu.cz\/zs2223\/wp-json\/wp\/v2\/product_brand?post=7099"},{"taxonomy":"product_cat","embeddable":true,"href":"https:\/\/etev7e.pef.czu.cz\/zs2223\/wp-json\/wp\/v2\/product_cat?post=7099"},{"taxonomy":"product_tag","embeddable":true,"href":"https:\/\/etev7e.pef.czu.cz\/zs2223\/wp-json\/wp\/v2\/product_tag?post=7099"}],"curies":[{"name":"wp","href":"https:\/\/api.w.org\/{rel}","templated":true}]}}