{"id":7101,"date":"2025-11-06T10:23:58","date_gmt":"2025-11-06T09:23:58","guid":{"rendered":"https:\/\/etev7e.pef.czu.cz\/zs2223\/?post_type=product&#038;p=7101"},"modified":"2025-11-11T12:56:20","modified_gmt":"2025-11-11T11:56:20","slug":"buchty-po-ranu","status":"publish","type":"product","link":"https:\/\/etev7e.pef.czu.cz\/zs2223\/produkt\/buchty-po-ranu\/","title":{"rendered":"Buchty po r\u00e1nu"},"content":{"rendered":"<p>Rozvon\u011bn\u00e9 r\u00e1no, tepl\u00e1 kuchyn\u011b a dobr\u00e1 n\u00e1lada, to je sv\u011bt\u00a0<strong>Josefa Mar\u0161\u00e1lka a Terezy Bebarov\u00e9<\/strong>. Tahle dvojice t\u011b provede v\u0161\u00edm, co pot\u0159ebuje\u0161 v\u011bd\u011bt, aby se tvoje pe\u010den\u00ed zm\u011bnilo v \u010dist\u00e9 pot\u011b\u0161en\u00ed. \u017d\u00e1dn\u00e9 zdrcl\u00e9 buchty ani nevyb\u011bhl\u00e9 t\u011bsto! V t\u00e9hle knize se nau\u010d\u00ed\u0161 v\u0161echna mal\u00e1 tajemstv\u00ed mistr\u016f cukr\u00e1\u0159\u016f, od kynut\u00e9ho pe\u010diva po k\u0159ehk\u00e9 laskonky. S \u0161edes\u00e1ti recepty ze stejnojmenn\u00e9ho po\u0159adu \u010cesk\u00e9 televize se tv\u00e1 kuchyn\u011b prom\u011bn\u00ed ve von\u00edc\u00ed ned\u011bln\u00ed kav\u00e1rnu.<\/p>\n","protected":false},"excerpt":{"rendered":"<p>V t\u00e9hle knize se nau\u010d\u00ed\u0161 v\u0161echna mal\u00e1 tajemstv\u00ed mistr\u016f cukr\u00e1\u0159\u016f, od kynut\u00e9ho pe\u010diva po k\u0159ehk\u00e9 laskonky.<\/p>\n","protected":false},"featured_media":7828,"comment_status":"open","ping_status":"closed","template":"","meta":[],"product_brand":[2289],"product_cat":[1931],"product_tag":[1112,2291,2257,2261,2258,2290,2260],"class_list":{"0":"post-7101","1":"product","2":"type-product","3":"status-publish","4":"has-post-thumbnail","6":"product_brand-edice-ceske-televize","7":"product_cat-sladke-kucharky","8":"product_tag-knihy","9":"product_tag-kolace","10":"product_tag-kucharky","11":"product_tag-rychle-peceni","12":"product_tag-sladka-kuchyne-a-peceni","13":"product_tag-tradicni-recepty","14":"product_tag-zakusky","16":"first","17":"instock","18":"sale","19":"featured","20":"purchasable","21":"product-type-simple"},"jetpack_sharing_enabled":true,"_links":{"self":[{"href":"https:\/\/etev7e.pef.czu.cz\/zs2223\/wp-json\/wp\/v2\/product\/7101","targetHints":{"allow":["GET"]}}],"collection":[{"href":"https:\/\/etev7e.pef.czu.cz\/zs2223\/wp-json\/wp\/v2\/product"}],"about":[{"href":"https:\/\/etev7e.pef.czu.cz\/zs2223\/wp-json\/wp\/v2\/types\/product"}],"replies":[{"embeddable":true,"href":"https:\/\/etev7e.pef.czu.cz\/zs2223\/wp-json\/wp\/v2\/comments?post=7101"}],"wp:featuredmedia":[{"embeddable":true,"href":"https:\/\/etev7e.pef.czu.cz\/zs2223\/wp-json\/wp\/v2\/media\/7828"}],"wp:attachment":[{"href":"https:\/\/etev7e.pef.czu.cz\/zs2223\/wp-json\/wp\/v2\/media?parent=7101"}],"wp:term":[{"taxonomy":"product_brand","embeddable":true,"href":"https:\/\/etev7e.pef.czu.cz\/zs2223\/wp-json\/wp\/v2\/product_brand?post=7101"},{"taxonomy":"product_cat","embeddable":true,"href":"https:\/\/etev7e.pef.czu.cz\/zs2223\/wp-json\/wp\/v2\/product_cat?post=7101"},{"taxonomy":"product_tag","embeddable":true,"href":"https:\/\/etev7e.pef.czu.cz\/zs2223\/wp-json\/wp\/v2\/product_tag?post=7101"}],"curies":[{"name":"wp","href":"https:\/\/api.w.org\/{rel}","templated":true}]}}