{"id":7102,"date":"2025-11-06T10:24:56","date_gmt":"2025-11-06T09:24:56","guid":{"rendered":"https:\/\/etev7e.pef.czu.cz\/zs2223\/?post_type=product&#038;p=7102"},"modified":"2025-11-06T10:38:35","modified_gmt":"2025-11-06T09:38:35","slug":"zubni-nit-oral-b","status":"publish","type":"product","link":"https:\/\/etev7e.pef.czu.cz\/zs2223\/produkt\/zubni-nit-oral-b\/","title":{"rendered":"Zubn\u00ed nit Oral-B 50m"},"content":{"rendered":"<p><strong>Oral-B Essentialfloss<\/strong>\u00a0je kl\u00ed\u010dem k dokonal\u00e9 \u00fastn\u00ed hygien\u011b, jeliko\u017e vy\u010dist\u00ed m\u00edsta, kam se b\u011b\u017en\u00fdm kart\u00e1\u010dkem nelze dostat. Tato voskovan\u00e1 zubn\u00ed nit s mentolovou p\u0159\u00edchut\u00ed je odoln\u00e1 proti t\u0159epen\u00ed, \u010d\u00edm\u017e se zaru\u010d\u00ed jej\u00ed snadn\u00e9 pou\u017eit\u00ed a kluznost. S d\u00e9lkou 50m poskytuje dlouhotrvaj\u00edc\u00ed ochranu. Jej\u00ed pravideln\u00e9 pou\u017e\u00edv\u00e1n\u00ed p\u0159isp\u00edv\u00e1 ke sn\u00ed\u017een\u00ed zubn\u00edho kazu, onemocn\u011bn\u00ed d\u00e1sn\u00ed a sv\u011b\u017e\u00edmu dechu.<\/p>\n","protected":false},"excerpt":{"rendered":"<p>Oral-B Essentialfloss\u00a0je kl\u00ed\u010dem k dokonal\u00e9 \u00fastn\u00ed hygien\u011b, jeliko\u017e vy\u010dist\u00ed m\u00edsta, kam se b\u011b\u017en\u00fdm kart\u00e1\u010dkem nelze dostat. Tato voskovan\u00e1 zubn\u00ed nit s mentolovou p\u0159\u00edchut\u00ed je odoln\u00e1 proti t\u0159epen\u00ed, \u010d\u00edm\u017e se zaru\u010d\u00ed jej\u00ed snadn\u00e9 pou\u017eit\u00ed a kluznost. S d\u00e9lkou 50m poskytuje dlouhotrvaj\u00edc\u00ed ochranu. Jej\u00ed pravideln\u00e9 pou\u017e\u00edv\u00e1n\u00ed p\u0159isp\u00edv\u00e1 ke sn\u00ed\u017een\u00ed zubn\u00edho kazu, onemocn\u011bn\u00ed d\u00e1sn\u00ed a sv\u011b\u017e\u00edmu dechu.<\/p>\n","protected":false},"featured_media":7103,"comment_status":"open","ping_status":"closed","template":"","meta":[],"product_brand":[1954],"product_cat":[1952],"product_tag":[1960,1961],"class_list":{"0":"post-7102","1":"product","2":"type-product","3":"status-publish","4":"has-post-thumbnail","6":"product_brand-oral-b","7":"product_cat-ustni-hygiena","8":"product_tag-pece-o-dasne","9":"product_tag-svezi-dech","11":"first","12":"instock","13":"sale","14":"taxable","15":"shipping-taxable","16":"purchasable","17":"product-type-simple"},"jetpack_sharing_enabled":true,"_links":{"self":[{"href":"https:\/\/etev7e.pef.czu.cz\/zs2223\/wp-json\/wp\/v2\/product\/7102","targetHints":{"allow":["GET"]}}],"collection":[{"href":"https:\/\/etev7e.pef.czu.cz\/zs2223\/wp-json\/wp\/v2\/product"}],"about":[{"href":"https:\/\/etev7e.pef.czu.cz\/zs2223\/wp-json\/wp\/v2\/types\/product"}],"replies":[{"embeddable":true,"href":"https:\/\/etev7e.pef.czu.cz\/zs2223\/wp-json\/wp\/v2\/comments?post=7102"}],"wp:featuredmedia":[{"embeddable":true,"href":"https:\/\/etev7e.pef.czu.cz\/zs2223\/wp-json\/wp\/v2\/media\/7103"}],"wp:attachment":[{"href":"https:\/\/etev7e.pef.czu.cz\/zs2223\/wp-json\/wp\/v2\/media?parent=7102"}],"wp:term":[{"taxonomy":"product_brand","embeddable":true,"href":"https:\/\/etev7e.pef.czu.cz\/zs2223\/wp-json\/wp\/v2\/product_brand?post=7102"},{"taxonomy":"product_cat","embeddable":true,"href":"https:\/\/etev7e.pef.czu.cz\/zs2223\/wp-json\/wp\/v2\/product_cat?post=7102"},{"taxonomy":"product_tag","embeddable":true,"href":"https:\/\/etev7e.pef.czu.cz\/zs2223\/wp-json\/wp\/v2\/product_tag?post=7102"}],"curies":[{"name":"wp","href":"https:\/\/api.w.org\/{rel}","templated":true}]}}