{"id":7104,"date":"2025-11-06T10:25:01","date_gmt":"2025-11-06T09:25:01","guid":{"rendered":"https:\/\/etev7e.pef.czu.cz\/zs2223\/?post_type=product&#038;p=7104"},"modified":"2025-11-10T15:38:54","modified_gmt":"2025-11-10T14:38:54","slug":"famozni-od-babicky","status":"publish","type":"product","link":"https:\/\/etev7e.pef.czu.cz\/zs2223\/produkt\/famozni-od-babicky\/","title":{"rendered":"Fam\u00f3zn\u00ed! Od babi\u010dky"},"content":{"rendered":"<p>Zav\u0159i o\u010di a vra\u0165 se do d\u011btstv\u00ed, kdy babi\u010dka vytahovala z trouby hork\u00e9 kremrole a cel\u00fd d\u016fm von\u011bl po m\u00e1sle. Mirka van Gils Slav\u00edkov\u00e1 p\u0159in\u00e1\u0161\u00ed 70 ov\u011b\u0159en\u00fdch recept\u016f, kter\u00e9 propojuj\u00ed\u00a0<strong>chu\u0165 minulosti s eleganc\u00ed cukr\u00e1\u0159sk\u00e9ho um\u011bn\u00ed<\/strong>. Kniha je poctou klasice, v\u011bne\u010dk\u016fm, v\u011btrn\u00edk\u016fm, rakvi\u010dk\u00e1m i indi\u00e1nk\u016fm, na kter\u00fdch jsme vyrostli. Ka\u017ed\u00fd recept v sob\u011b nese kus l\u00e1sky, zku\u0161enost\u00ed a tradice, kter\u00e1 se d\u011bd\u00ed z generace na generaci. Fam\u00f3zn\u00ed \u010dten\u00ed i pe\u010den\u00ed, kter\u00e9 rozz\u00e1\u0159\u00ed nejen st\u016fl, ale i srdce.<\/p>\n","protected":false},"excerpt":{"rendered":"<p>Mirka van Gils Slav\u00edkov\u00e1 p\u0159in\u00e1\u0161\u00ed 70 ov\u011b\u0159en\u00fdch recept\u016f, kter\u00e9 propojuj\u00ed\u00a0<strong>chu\u0165 minulosti s eleganc\u00ed cukr\u00e1\u0159sk\u00e9ho um\u011bn\u00ed<\/strong>.<\/p>\n","protected":false},"featured_media":7829,"comment_status":"open","ping_status":"closed","template":"","meta":[],"product_brand":[2292],"product_cat":[1931],"product_tag":[1112,2291,2257,2295,2293,2294,2290],"class_list":{"0":"post-7104","1":"product","2":"type-product","3":"status-publish","4":"has-post-thumbnail","6":"product_brand-103-media","7":"product_cat-sladke-kucharky","8":"product_tag-knihy","9":"product_tag-kolace","10":"product_tag-kucharky","11":"product_tag-moucniky","12":"product_tag-sladka-kucharka","13":"product_tag-sladke-peceni","14":"product_tag-tradicni-recepty","16":"first","17":"instock","18":"sale","19":"featured","20":"purchasable","21":"product-type-simple"},"jetpack_sharing_enabled":true,"_links":{"self":[{"href":"https:\/\/etev7e.pef.czu.cz\/zs2223\/wp-json\/wp\/v2\/product\/7104","targetHints":{"allow":["GET"]}}],"collection":[{"href":"https:\/\/etev7e.pef.czu.cz\/zs2223\/wp-json\/wp\/v2\/product"}],"about":[{"href":"https:\/\/etev7e.pef.czu.cz\/zs2223\/wp-json\/wp\/v2\/types\/product"}],"replies":[{"embeddable":true,"href":"https:\/\/etev7e.pef.czu.cz\/zs2223\/wp-json\/wp\/v2\/comments?post=7104"}],"wp:featuredmedia":[{"embeddable":true,"href":"https:\/\/etev7e.pef.czu.cz\/zs2223\/wp-json\/wp\/v2\/media\/7829"}],"wp:attachment":[{"href":"https:\/\/etev7e.pef.czu.cz\/zs2223\/wp-json\/wp\/v2\/media?parent=7104"}],"wp:term":[{"taxonomy":"product_brand","embeddable":true,"href":"https:\/\/etev7e.pef.czu.cz\/zs2223\/wp-json\/wp\/v2\/product_brand?post=7104"},{"taxonomy":"product_cat","embeddable":true,"href":"https:\/\/etev7e.pef.czu.cz\/zs2223\/wp-json\/wp\/v2\/product_cat?post=7104"},{"taxonomy":"product_tag","embeddable":true,"href":"https:\/\/etev7e.pef.czu.cz\/zs2223\/wp-json\/wp\/v2\/product_tag?post=7104"}],"curies":[{"name":"wp","href":"https:\/\/api.w.org\/{rel}","templated":true}]}}