{"id":7105,"date":"2025-11-06T10:35:59","date_gmt":"2025-11-06T09:35:59","guid":{"rendered":"https:\/\/etev7e.pef.czu.cz\/zs2223\/?post_type=product&#038;p=7105"},"modified":"2025-11-06T13:55:29","modified_gmt":"2025-11-06T12:55:29","slug":"%f0%9f%8c%b8-podlozka-pure-balance","status":"publish","type":"product","link":"https:\/\/etev7e.pef.czu.cz\/zs2223\/produkt\/%f0%9f%8c%b8-podlozka-pure-balance\/","title":{"rendered":"\ud83c\udf38 Podlo\u017eka \u201ePure Balance\u201c"},"content":{"rendered":"<p dir=\"ltr\"><strong>podlo\u017eka je vyrobena z m\u011bkk\u00e9ho, ale odoln\u00e9ho materi\u00e1lu, kter\u00fd tlum\u00ed n\u00e1razy a chr\u00e1n\u00ed klouby p\u0159i cvi\u010den\u00ed. Protiskluzov\u00fd povrch zaru\u010duje stabilitu i p\u0159i n\u00e1ro\u010dn\u011bj\u0161\u00edch pozic\u00edch, tak\u017ee se m\u016f\u017ee\u0161 pln\u011b soust\u0159edit na sv\u016fj tr\u00e9nink. Je lehk\u00e1, snadno se \u010dist\u00ed a d\u00edky skladn\u00e9mu designu si ji m\u016f\u017ee\u0161 vz\u00edt kamkoli \u2013 ide\u00e1ln\u00ed spole\u010dn\u00edk pro pilates, j\u00f3gu i relaxa\u010dn\u00ed stre\u010dink. \u2728<\/strong><\/p>\n<p>&nbsp;<\/p>\n","protected":false},"excerpt":{"rendered":"<p dir=\"ltr\">U\u017eij si ka\u017ed\u00fd pohyb s podlo\u017ekou <strong data-start=\"32\" data-end=\"48\">Pure Balance<\/strong>! \ud83e\uddd8\u200d\u2640\ufe0f M\u011bkk\u00e1, odoln\u00e1 a protiskluzov\u00e1 \u2013 poskytne ti jistotu i pohodl\u00ed p\u0159i ka\u017ed\u00e9m cvi\u010den\u00ed. Lehk\u00e1, snadno omyvateln\u00e1 a ide\u00e1ln\u00ed pro pilates, j\u00f3gu i stre\u010dink.<\/p>\n<p dir=\"ltr\">\n","protected":false},"featured_media":7115,"comment_status":"open","ping_status":"closed","template":"","meta":[],"product_brand":[],"product_cat":[2065],"product_tag":[1974,1295,75,1030,1973,1975,458],"class_list":{"0":"post-7105","1":"product","2":"type-product","3":"status-publish","4":"has-post-thumbnail","6":"product_cat-pilates-a-joga","7":"product_tag-cviceni","8":"product_tag-darky-pro-zeny","9":"product_tag-fitness","10":"product_tag-joga","11":"product_tag-pilates","12":"product_tag-protiskluzova","13":"product_tag-ruzova","15":"first","16":"instock","17":"sale","18":"taxable","19":"shipping-taxable","20":"purchasable","21":"product-type-simple"},"jetpack_sharing_enabled":true,"_links":{"self":[{"href":"https:\/\/etev7e.pef.czu.cz\/zs2223\/wp-json\/wp\/v2\/product\/7105","targetHints":{"allow":["GET"]}}],"collection":[{"href":"https:\/\/etev7e.pef.czu.cz\/zs2223\/wp-json\/wp\/v2\/product"}],"about":[{"href":"https:\/\/etev7e.pef.czu.cz\/zs2223\/wp-json\/wp\/v2\/types\/product"}],"replies":[{"embeddable":true,"href":"https:\/\/etev7e.pef.czu.cz\/zs2223\/wp-json\/wp\/v2\/comments?post=7105"}],"wp:featuredmedia":[{"embeddable":true,"href":"https:\/\/etev7e.pef.czu.cz\/zs2223\/wp-json\/wp\/v2\/media\/7115"}],"wp:attachment":[{"href":"https:\/\/etev7e.pef.czu.cz\/zs2223\/wp-json\/wp\/v2\/media?parent=7105"}],"wp:term":[{"taxonomy":"product_brand","embeddable":true,"href":"https:\/\/etev7e.pef.czu.cz\/zs2223\/wp-json\/wp\/v2\/product_brand?post=7105"},{"taxonomy":"product_cat","embeddable":true,"href":"https:\/\/etev7e.pef.czu.cz\/zs2223\/wp-json\/wp\/v2\/product_cat?post=7105"},{"taxonomy":"product_tag","embeddable":true,"href":"https:\/\/etev7e.pef.czu.cz\/zs2223\/wp-json\/wp\/v2\/product_tag?post=7105"}],"curies":[{"name":"wp","href":"https:\/\/api.w.org\/{rel}","templated":true}]}}