{"id":7106,"date":"2025-11-06T10:26:15","date_gmt":"2025-11-06T09:26:15","guid":{"rendered":"https:\/\/etev7e.pef.czu.cz\/zs2223\/?post_type=product&#038;p=7106"},"modified":"2025-11-06T10:42:29","modified_gmt":"2025-11-06T09:42:29","slug":"elektricky-zubni-kartacek-philips-sonicare","status":"publish","type":"product","link":"https:\/\/etev7e.pef.czu.cz\/zs2223\/produkt\/elektricky-zubni-kartacek-philips-sonicare\/","title":{"rendered":"Elektrick\u00fd zubn\u00ed kart\u00e1\u010dek Philips Sonicare"},"content":{"rendered":"<p>Elektrick\u00fd zubn\u00ed kart\u00e1\u010dek\u00a0<strong>Philips Sonicare 6100\u00a0<\/strong>nab\u00edz\u00ed \u0161etrn\u00e9, ale mimo\u0159\u00e1dn\u011b \u00fa\u010dinn\u00e9 \u010di\u0161t\u011bn\u00ed d\u00edky pokro\u010dil\u00e9 sonick\u00e9 technologii. Sonick\u00e9 vibrace jemn\u011b, av\u0161ak \u00fa\u010dinn\u011b odstra\u0148uj\u00ed zubn\u00ed plak i z t\u011b\u017eko dostupn\u00fdch m\u00edst, a p\u0159itom \u0161et\u0159\u00ed va\u0161e d\u00e1sn\u011b. Kart\u00e1\u010dek umo\u017e\u0148uje v\u00fdb\u011br ze 2 re\u017eim\u016f \u010di\u0161t\u011bn\u00ed a 3 \u00farovn\u00ed intenzity, tak\u017ee si snadno p\u0159izp\u016fsob\u00edte \u010di\u0161t\u011bn\u00ed podle sv\u00fdch pot\u0159eb. Tlakov\u00fd senzor v\u00e1s upozorn\u00ed, pokud na zuby p\u0159\u00edli\u0161 tla\u010d\u00edte a t\u00edm pom\u00e1h\u00e1 chr\u00e1nit va\u0161e zuby i d\u00e1sn\u011b. D\u00edky v\u00fddr\u017ei a\u017e 21 dn\u00ed na jedno nabit\u00ed je ide\u00e1ln\u00ed i na cesty. Praktick\u00fdm dopl\u0148kem je upozorn\u011bn\u00ed na v\u00fdm\u011bnu hlavice a USB nab\u00edjen\u00ed (adapt\u00e9r nen\u00ed sou\u010d\u00e1st\u00ed balen\u00ed). V balen\u00ed v\u0161ak najdete ochrann\u00e9 cestovn\u00ed pouzdro.<\/p>\n","protected":false},"excerpt":{"rendered":"<p>Elektrick\u00fd zubn\u00ed kart\u00e1\u010dek\u00a0Philips Sonicare 6100\u00a0nab\u00edz\u00ed \u0161etrn\u00e9, ale mimo\u0159\u00e1dn\u011b \u00fa\u010dinn\u00e9 \u010di\u0161t\u011bn\u00ed d\u00edky pokro\u010dil\u00e9 sonick\u00e9 technologii. Sonick\u00e9 vibrace jemn\u011b, av\u0161ak \u00fa\u010dinn\u011b odstra\u0148uj\u00ed zubn\u00ed plak i z t\u011b\u017eko dostupn\u00fdch m\u00edst, a p\u0159itom \u0161et\u0159\u00ed va\u0161e d\u00e1sn\u011b. Kart\u00e1\u010dek umo\u017e\u0148uje v\u00fdb\u011br ze 2 re\u017eim\u016f \u010di\u0161t\u011bn\u00ed a 3 \u00farovn\u00ed intenzity, tak\u017ee si snadno p\u0159izp\u016fsob\u00edte \u010di\u0161t\u011bn\u00ed podle sv\u00fdch pot\u0159eb. Tlakov\u00fd senzor v\u00e1s upozorn\u00ed, [&hellip;]<\/p>\n","protected":false},"featured_media":7107,"comment_status":"open","ping_status":"closed","template":"","meta":[],"product_brand":[1956,1957],"product_cat":[1952],"product_tag":[1959,1965,1960,1964],"class_list":{"0":"post-7106","1":"product","2":"type-product","3":"status-publish","4":"has-post-thumbnail","6":"product_brand-philips","7":"product_brand-sonicare","8":"product_cat-ustni-hygiena","9":"product_tag-beleni-zubu","10":"product_tag-elektricky-kartacek","11":"product_tag-pece-o-dasne","12":"product_tag-philips-sonicare","14":"first","15":"instock","16":"sale","17":"taxable","18":"shipping-taxable","19":"purchasable","20":"product-type-simple"},"jetpack_sharing_enabled":true,"_links":{"self":[{"href":"https:\/\/etev7e.pef.czu.cz\/zs2223\/wp-json\/wp\/v2\/product\/7106","targetHints":{"allow":["GET"]}}],"collection":[{"href":"https:\/\/etev7e.pef.czu.cz\/zs2223\/wp-json\/wp\/v2\/product"}],"about":[{"href":"https:\/\/etev7e.pef.czu.cz\/zs2223\/wp-json\/wp\/v2\/types\/product"}],"replies":[{"embeddable":true,"href":"https:\/\/etev7e.pef.czu.cz\/zs2223\/wp-json\/wp\/v2\/comments?post=7106"}],"wp:featuredmedia":[{"embeddable":true,"href":"https:\/\/etev7e.pef.czu.cz\/zs2223\/wp-json\/wp\/v2\/media\/7107"}],"wp:attachment":[{"href":"https:\/\/etev7e.pef.czu.cz\/zs2223\/wp-json\/wp\/v2\/media?parent=7106"}],"wp:term":[{"taxonomy":"product_brand","embeddable":true,"href":"https:\/\/etev7e.pef.czu.cz\/zs2223\/wp-json\/wp\/v2\/product_brand?post=7106"},{"taxonomy":"product_cat","embeddable":true,"href":"https:\/\/etev7e.pef.czu.cz\/zs2223\/wp-json\/wp\/v2\/product_cat?post=7106"},{"taxonomy":"product_tag","embeddable":true,"href":"https:\/\/etev7e.pef.czu.cz\/zs2223\/wp-json\/wp\/v2\/product_tag?post=7106"}],"curies":[{"name":"wp","href":"https:\/\/api.w.org\/{rel}","templated":true}]}}