{"id":7112,"date":"2025-11-06T10:29:37","date_gmt":"2025-11-06T09:29:37","guid":{"rendered":"https:\/\/etev7e.pef.czu.cz\/zs2223\/?post_type=product&#038;p=7112"},"modified":"2025-11-06T10:37:58","modified_gmt":"2025-11-06T09:37:58","slug":"zubni-pasta-vademecum","status":"publish","type":"product","link":"https:\/\/etev7e.pef.czu.cz\/zs2223\/produkt\/zubni-pasta-vademecum\/","title":{"rendered":"Zubn\u00ed pasta Vademecum 75ml"},"content":{"rendered":"<p><strong>Vademecum Expert White &amp; Bright<\/strong>\u00a0je zubn\u00ed pasta ur\u010den\u00e1 pro ka\u017edodenn\u00ed p\u00e9\u010di o p\u0159irozen\u011b b\u00edl\u00e9 a zdrav\u00e9 zuby. Jej\u00ed \u00fa\u010dinn\u00e9 slo\u017een\u00ed s jedlou sodou a v\u00fdta\u017ekem ze \u0161alv\u011bje jemn\u011b, ale efektivn\u011b odstra\u0148uje povrchov\u00e9 skvrny, \u010d\u00edm\u017e pom\u00e1h\u00e1 obnovit p\u0159irozen\u00fd jas zub\u016f. Z\u00e1rove\u0148 posiluje zubn\u00ed sklovinu a p\u0159isp\u00edv\u00e1 k dlouhodob\u00e9 ochran\u011b p\u0159ed vznikem zubn\u00edho kazu. D\u00edky obsahu p\u0159\u00edrodn\u00edch ingredienc\u00ed poskytuje sv\u011b\u017e\u00ed pocit v \u00fastech a napom\u00e1h\u00e1 zdrav\u00ed d\u00e1sn\u00ed. P\u0159i pravideln\u00e9m pou\u017e\u00edv\u00e1n\u00ed zanech\u00e1v\u00e1 zuby viditeln\u011b b\u011blej\u0161\u00ed a z\u00e1\u0159iv\u011bj\u0161\u00ed. Pasta je vegansk\u00e1, dermatologicky testovan\u00e1 a balen\u00e1 v recyklovateln\u00e9m obalu, co\u017e z n\u00ed \u010din\u00ed \u0161etrnou a ekologickou volbu pro ka\u017edodenn\u00ed \u00fastn\u00ed hygienu.<\/p>\n","protected":false},"excerpt":{"rendered":"<p>Vademecum Expert White &amp; Bright\u00a0je zubn\u00ed pasta ur\u010den\u00e1 pro ka\u017edodenn\u00ed p\u00e9\u010di o p\u0159irozen\u011b b\u00edl\u00e9 a zdrav\u00e9 zuby. Jej\u00ed \u00fa\u010dinn\u00e9 slo\u017een\u00ed s jedlou sodou a v\u00fdta\u017ekem ze \u0161alv\u011bje jemn\u011b, ale efektivn\u011b odstra\u0148uje povrchov\u00e9 skvrny, \u010d\u00edm\u017e pom\u00e1h\u00e1 obnovit p\u0159irozen\u00fd jas zub\u016f. Z\u00e1rove\u0148 posiluje zubn\u00ed sklovinu a p\u0159isp\u00edv\u00e1 k dlouhodob\u00e9 ochran\u011b p\u0159ed vznikem zubn\u00edho kazu. D\u00edky obsahu p\u0159\u00edrodn\u00edch [&hellip;]<\/p>\n","protected":false},"featured_media":7114,"comment_status":"open","ping_status":"closed","template":"","meta":[],"product_brand":[1958],"product_cat":[1952],"product_tag":[1959,1960,1306,1961,1963,1962],"class_list":{"0":"post-7112","1":"product","2":"type-product","3":"status-publish","4":"has-post-thumbnail","6":"product_brand-vademecum","7":"product_cat-ustni-hygiena","8":"product_tag-beleni-zubu","9":"product_tag-pece-o-dasne","10":"product_tag-prirodni-slozeni","11":"product_tag-svezi-dech","12":"product_tag-vademecum","13":"product_tag-veganska-kosmetika","15":"first","16":"instock","17":"sale","18":"taxable","19":"shipping-taxable","20":"purchasable","21":"product-type-simple"},"jetpack_sharing_enabled":true,"_links":{"self":[{"href":"https:\/\/etev7e.pef.czu.cz\/zs2223\/wp-json\/wp\/v2\/product\/7112","targetHints":{"allow":["GET"]}}],"collection":[{"href":"https:\/\/etev7e.pef.czu.cz\/zs2223\/wp-json\/wp\/v2\/product"}],"about":[{"href":"https:\/\/etev7e.pef.czu.cz\/zs2223\/wp-json\/wp\/v2\/types\/product"}],"replies":[{"embeddable":true,"href":"https:\/\/etev7e.pef.czu.cz\/zs2223\/wp-json\/wp\/v2\/comments?post=7112"}],"wp:featuredmedia":[{"embeddable":true,"href":"https:\/\/etev7e.pef.czu.cz\/zs2223\/wp-json\/wp\/v2\/media\/7114"}],"wp:attachment":[{"href":"https:\/\/etev7e.pef.czu.cz\/zs2223\/wp-json\/wp\/v2\/media?parent=7112"}],"wp:term":[{"taxonomy":"product_brand","embeddable":true,"href":"https:\/\/etev7e.pef.czu.cz\/zs2223\/wp-json\/wp\/v2\/product_brand?post=7112"},{"taxonomy":"product_cat","embeddable":true,"href":"https:\/\/etev7e.pef.czu.cz\/zs2223\/wp-json\/wp\/v2\/product_cat?post=7112"},{"taxonomy":"product_tag","embeddable":true,"href":"https:\/\/etev7e.pef.czu.cz\/zs2223\/wp-json\/wp\/v2\/product_tag?post=7112"}],"curies":[{"name":"wp","href":"https:\/\/api.w.org\/{rel}","templated":true}]}}