{"id":7117,"date":"2025-11-06T10:36:00","date_gmt":"2025-11-06T09:36:00","guid":{"rendered":"https:\/\/etev7e.pef.czu.cz\/zs2223\/?post_type=product&#038;p=7117"},"modified":"2025-11-06T13:57:55","modified_gmt":"2025-11-06T12:57:55","slug":"%f0%9f%92%97-pilates-krouzek-power-circle","status":"publish","type":"product","link":"https:\/\/etev7e.pef.czu.cz\/zs2223\/produkt\/%f0%9f%92%97-pilates-krouzek-power-circle\/","title":{"rendered":"\ud83d\udc97 Pilates krou\u017eek \u201ePower Circle\u201c"},"content":{"rendered":"<p id=\"yui_3_18_1_1_1762421378341_29\" dir=\"ltr\"><strong>Objev s\u00edlu elegance s na\u0161\u00edm Pilates krou\u017ekem Power Circle! Tento lehk\u00fd, ale pevn\u00fd krou\u017eek ti pom\u016f\u017ee efektivn\u011b pos\u00edlit pa\u017ee, stehna i st\u0159ed t\u011bla. D\u00edky pohodln\u00fdm p\u011bnov\u00fdm \u00fachop\u016fm na obou stran\u00e1ch nab\u00edz\u00ed skv\u011blou kontrolu a komfort i p\u0159i del\u0161\u00edm cvi\u010den\u00ed. Je ide\u00e1ln\u00edm dopl\u0148kem pro dom\u00e1c\u00ed pilates nebo lekce ve studiu \u2013 zab\u00edr\u00e1 minimum m\u00edsta, ale dok\u00e1\u017ee z\u00e1zraky s tv\u00fdm dr\u017een\u00edm t\u011bla a svalov\u00fdm tonusem. Jeho stylov\u00fd vzhled t\u011b bude motivovat p\u0159i ka\u017ed\u00e9m pohybu a dod\u00e1 tv\u00e9mu tr\u00e9ninku \u017eensk\u00fd, energick\u00fd n\u00e1dech.<\/strong><\/p>\n","protected":false},"excerpt":{"rendered":"<p>Objev s\u00edlu elegance s Pilates krou\u017ekem <strong data-start=\"39\" data-end=\"55\">Power Circle<\/strong>! \ud83d\udcab Kompaktn\u00ed, lehk\u00fd a p\u0159itom pevn\u00fd \u2013 ide\u00e1ln\u00ed pro pos\u00edlen\u00ed pa\u017e\u00ed, stehen i st\u0159edu t\u011bla. D\u00edky pohodln\u00fdm p\u011bnov\u00fdm \u00fachop\u016fm nab\u00edz\u00ed maxim\u00e1ln\u00ed komfort a kontrolu p\u0159i ka\u017ed\u00e9m pohybu. Stylov\u00fd dopln\u011bk, kter\u00fd dod\u00e1 tv\u00e9mu tr\u00e9ninku energii i ladnost.<\/p>\n","protected":false},"featured_media":7119,"comment_status":"open","ping_status":"closed","template":"","meta":[],"product_brand":[],"product_cat":[2065],"product_tag":[1977,75,526,1973,1976,1978],"class_list":{"0":"post-7117","1":"product","2":"type-product","3":"status-publish","4":"has-post-thumbnail","6":"product_cat-pilates-a-joga","7":"product_tag-core","8":"product_tag-fitness","9":"product_tag-krouzek","10":"product_tag-pilates","11":"product_tag-posilovani","12":"product_tag-powercircle","14":"first","15":"instock","16":"sale","17":"taxable","18":"shipping-taxable","19":"purchasable","20":"product-type-simple"},"jetpack_sharing_enabled":true,"_links":{"self":[{"href":"https:\/\/etev7e.pef.czu.cz\/zs2223\/wp-json\/wp\/v2\/product\/7117","targetHints":{"allow":["GET"]}}],"collection":[{"href":"https:\/\/etev7e.pef.czu.cz\/zs2223\/wp-json\/wp\/v2\/product"}],"about":[{"href":"https:\/\/etev7e.pef.czu.cz\/zs2223\/wp-json\/wp\/v2\/types\/product"}],"replies":[{"embeddable":true,"href":"https:\/\/etev7e.pef.czu.cz\/zs2223\/wp-json\/wp\/v2\/comments?post=7117"}],"wp:featuredmedia":[{"embeddable":true,"href":"https:\/\/etev7e.pef.czu.cz\/zs2223\/wp-json\/wp\/v2\/media\/7119"}],"wp:attachment":[{"href":"https:\/\/etev7e.pef.czu.cz\/zs2223\/wp-json\/wp\/v2\/media?parent=7117"}],"wp:term":[{"taxonomy":"product_brand","embeddable":true,"href":"https:\/\/etev7e.pef.czu.cz\/zs2223\/wp-json\/wp\/v2\/product_brand?post=7117"},{"taxonomy":"product_cat","embeddable":true,"href":"https:\/\/etev7e.pef.czu.cz\/zs2223\/wp-json\/wp\/v2\/product_cat?post=7117"},{"taxonomy":"product_tag","embeddable":true,"href":"https:\/\/etev7e.pef.czu.cz\/zs2223\/wp-json\/wp\/v2\/product_tag?post=7117"}],"curies":[{"name":"wp","href":"https:\/\/api.w.org\/{rel}","templated":true}]}}