{"id":7121,"date":"2025-11-06T10:36:16","date_gmt":"2025-11-06T09:36:16","guid":{"rendered":"https:\/\/etev7e.pef.czu.cz\/zs2223\/?post_type=product&#038;p=7121"},"modified":"2025-11-06T10:36:16","modified_gmt":"2025-11-06T09:36:16","slug":"belici-sada-blanx","status":"publish","type":"product","link":"https:\/\/etev7e.pef.czu.cz\/zs2223\/produkt\/belici-sada-blanx\/","title":{"rendered":"B\u011bl\u00edc\u00ed sada BlanX"},"content":{"rendered":"<p>B\u011bl\u00edc\u00ed sada\u00a0<strong>BlanX White Shock Power<\/strong>\u00a0v\u00e1m pom\u016f\u017ee z\u00edskat kr\u00e1sn\u00fd a z\u00e1\u0159iv\u00fd \u00fasm\u011bv. Neabrazivn\u00ed b\u011bl\u00edc\u00ed k\u00fara zajist\u00ed va\u0161e zuby b\u011blej\u0161\u00ed a\u017e o 4 odst\u00edny za 2 t\u00fddny, co\u017e bylo potvrzeno klinicko- kosmetick\u00fdmi testy. D\u00edky technologii Blue Formule dos\u00e1hnete okam\u017eit\u00e9ho b\u011bl\u00edc\u00edho efektu, kter\u00fd je viditeln\u00fd ji\u017e po 1. pou\u017eit\u00ed.<br \/>\nBalen\u00ed obsahuje BlanX LED aplik\u00e1tor, kter\u00fd je opakovateln\u011b pou\u017eiteln\u00fd, a stomatologick\u00fd b\u011bl\u00edc\u00ed gel Power White Treatment, kter\u00fd obsahuje patentovanou l\u00e1tku ActiLux. \u010c\u00edm v\u00edce sv\u011btla zuby o\u0161et\u0159en\u00e9 aktivn\u00ed l\u00e1tkou ActiLux p\u0159ij\u00edmaj\u00ed, t\u00edm intenzivn\u011bj\u0161\u00ed je b\u011bl\u00edc\u00ed \u00fa\u010dinek. Z\u00e1rove\u0148 l\u00e1tka ActiLux pom\u00e1h\u00e1 vytvo\u0159it ochrannou bari\u00e9ru na zubn\u00ed sklovin\u011b a pom\u00e1h\u00e1 p\u0159edch\u00e1zen\u00ed \u017eloutnut\u00ed zub\u016f. D\u00edky BlanX LED aplik\u00e1toru zesiluje nejen b\u011blen\u00ed, ale i pom\u00e1h\u00e1 p\u0159edch\u00e1zet onemocn\u011bn\u00edm \u00fastn\u00ed dutiny.<br \/>\nB\u011bl\u00edc\u00ed sada BlanX White Shock Power je bezpe\u010dn\u00e1 pro sklovinu, neobsahuje PEG, parabeny ani peroxid.<\/p>\n","protected":false},"excerpt":{"rendered":"<p>B\u011bl\u00edc\u00ed sada\u00a0BlanX White Shock Power\u00a0v\u00e1m pom\u016f\u017ee z\u00edskat kr\u00e1sn\u00fd a z\u00e1\u0159iv\u00fd \u00fasm\u011bv. Neabrazivn\u00ed b\u011bl\u00edc\u00ed k\u00fara zajist\u00ed va\u0161e zuby b\u011blej\u0161\u00ed a\u017e o 4 odst\u00edny za 2 t\u00fddny, co\u017e bylo potvrzeno klinicko- kosmetick\u00fdmi testy. D\u00edky technologii Blue Formule dos\u00e1hnete okam\u017eit\u00e9ho b\u011bl\u00edc\u00edho efektu, kter\u00fd je viditeln\u00fd ji\u017e po 1. pou\u017eit\u00ed. Balen\u00ed obsahuje BlanX LED aplik\u00e1tor, kter\u00fd je opakovateln\u011b pou\u017eiteln\u00fd, [&hellip;]<\/p>\n","protected":false},"featured_media":7122,"comment_status":"open","ping_status":"closed","template":"","meta":[],"product_brand":[1979],"product_cat":[1952],"product_tag":[1959,1982,1980,1981],"class_list":{"0":"post-7121","1":"product","2":"type-product","3":"status-publish","4":"has-post-thumbnail","6":"product_brand-blanx","7":"product_cat-ustni-hygiena","8":"product_tag-beleni-zubu","9":"product_tag-blanx","10":"product_tag-dentalni-doplnky","11":"product_tag-pece-o-zuby","13":"first","14":"instock","15":"taxable","16":"shipping-taxable","17":"purchasable","18":"product-type-simple"},"jetpack_sharing_enabled":true,"_links":{"self":[{"href":"https:\/\/etev7e.pef.czu.cz\/zs2223\/wp-json\/wp\/v2\/product\/7121","targetHints":{"allow":["GET"]}}],"collection":[{"href":"https:\/\/etev7e.pef.czu.cz\/zs2223\/wp-json\/wp\/v2\/product"}],"about":[{"href":"https:\/\/etev7e.pef.czu.cz\/zs2223\/wp-json\/wp\/v2\/types\/product"}],"replies":[{"embeddable":true,"href":"https:\/\/etev7e.pef.czu.cz\/zs2223\/wp-json\/wp\/v2\/comments?post=7121"}],"wp:featuredmedia":[{"embeddable":true,"href":"https:\/\/etev7e.pef.czu.cz\/zs2223\/wp-json\/wp\/v2\/media\/7122"}],"wp:attachment":[{"href":"https:\/\/etev7e.pef.czu.cz\/zs2223\/wp-json\/wp\/v2\/media?parent=7121"}],"wp:term":[{"taxonomy":"product_brand","embeddable":true,"href":"https:\/\/etev7e.pef.czu.cz\/zs2223\/wp-json\/wp\/v2\/product_brand?post=7121"},{"taxonomy":"product_cat","embeddable":true,"href":"https:\/\/etev7e.pef.czu.cz\/zs2223\/wp-json\/wp\/v2\/product_cat?post=7121"},{"taxonomy":"product_tag","embeddable":true,"href":"https:\/\/etev7e.pef.czu.cz\/zs2223\/wp-json\/wp\/v2\/product_tag?post=7121"}],"curies":[{"name":"wp","href":"https:\/\/api.w.org\/{rel}","templated":true}]}}