{"id":7126,"date":"2025-11-06T10:42:06","date_gmt":"2025-11-06T09:42:06","guid":{"rendered":"https:\/\/etev7e.pef.czu.cz\/zs2223\/?post_type=product&#038;p=7126"},"modified":"2025-11-06T13:53:32","modified_gmt":"2025-11-06T12:53:32","slug":"%f0%9f%92%97-sada-cinek-a-zavazi-na-zapesti-pretty-strength-set","status":"publish","type":"product","link":"https:\/\/etev7e.pef.czu.cz\/zs2223\/produkt\/%f0%9f%92%97-sada-cinek-a-zavazi-na-zapesti-pretty-strength-set\/","title":{"rendered":"\ud83d\udc97 Sada \u010dinek a z\u00e1va\u017e\u00ed na z\u00e1p\u011bst\u00ed \u201ePretty Strength Set\u201c"},"content":{"rendered":"<p><strong>Zpevni sv\u00e9 t\u011blo stylov\u011b s na\u0161\u00ed sadou Pretty Strength Set! Tento elegantn\u00ed set kombinuje dv\u011b nepostradateln\u00e9 pom\u016fcky \u2013 r\u016f\u017eov\u00e9 \u010dinky a lad\u00edc\u00ed z\u00e1va\u017e\u00ed na z\u00e1p\u011bst\u00ed. \u010cinky jsou lehk\u00e9, ergonomicky tvarovan\u00e9 a ide\u00e1ln\u00ed pro pilates, j\u00f3gu i dom\u00e1c\u00ed posilov\u00e1n\u00ed. Z\u00e1va\u017e\u00ed na z\u00e1p\u011bst\u00ed se pohodln\u011b p\u0159izp\u016fsob\u00ed ruce d\u00edky m\u011bkk\u00e9mu, prody\u0161n\u00e9mu materi\u00e1lu a such\u00e9mu zipu, tak\u017ee z\u016fst\u00e1vaj\u00ed na m\u00edst\u011b i p\u0159i dynamick\u00e9m pohybu. Spole\u010dn\u011b ti pomohou pos\u00edlit pa\u017ee, ramena i st\u0159ed t\u011bla bez zbyte\u010dn\u00e9 n\u00e1mahy.\u00a0<\/strong><\/p>\n<p dir=\"ltr\"><strong>Obsah sady: 2 \u010dinky a 2 z\u00e1va\u017e\u00ed na z\u00e1p\u011bst\u00ed.<\/strong><\/p>\n","protected":false},"excerpt":{"rendered":"<p>Zpevni sv\u00e9 t\u011blo s eleganc\u00ed d\u00edky sad\u011b <strong data-start=\"37\" data-end=\"60\">Pretty Strength Set<\/strong>! \ud83d\udc95 Kombinuje r\u016f\u017eov\u00e9 \u010dinky a lad\u00edc\u00ed z\u00e1va\u017e\u00ed na z\u00e1p\u011bst\u00ed \u2013 ide\u00e1ln\u00ed duo pro pilates, j\u00f3gu i dom\u00e1c\u00ed tr\u00e9nink. Lehk\u00e1, pohodln\u00e1 a stylov\u00e1 pom\u016fcka, kter\u00e1 ti pom\u016f\u017ee pos\u00edlit pa\u017ee, ramena i st\u0159ed t\u011bla.<\/p>\n","protected":false},"featured_media":7127,"comment_status":"open","ping_status":"closed","template":"","meta":[],"product_brand":[],"product_cat":[2065],"product_tag":[1989,1295,75,1030,1973,1976,1991,458,1992,1990],"class_list":{"0":"post-7126","1":"product","2":"type-product","3":"status-publish","4":"has-post-thumbnail","6":"product_cat-pilates-a-joga","7":"product_tag-cinky","8":"product_tag-darky-pro-zeny","9":"product_tag-fitness","10":"product_tag-joga","11":"product_tag-pilates","12":"product_tag-posilovani","13":"product_tag-prettystrength","14":"product_tag-ruzova","15":"product_tag-sada","16":"product_tag-zavazi_na_zapesti","18":"first","19":"instock","20":"sale","21":"taxable","22":"shipping-taxable","23":"purchasable","24":"product-type-simple"},"jetpack_sharing_enabled":true,"_links":{"self":[{"href":"https:\/\/etev7e.pef.czu.cz\/zs2223\/wp-json\/wp\/v2\/product\/7126","targetHints":{"allow":["GET"]}}],"collection":[{"href":"https:\/\/etev7e.pef.czu.cz\/zs2223\/wp-json\/wp\/v2\/product"}],"about":[{"href":"https:\/\/etev7e.pef.czu.cz\/zs2223\/wp-json\/wp\/v2\/types\/product"}],"replies":[{"embeddable":true,"href":"https:\/\/etev7e.pef.czu.cz\/zs2223\/wp-json\/wp\/v2\/comments?post=7126"}],"wp:featuredmedia":[{"embeddable":true,"href":"https:\/\/etev7e.pef.czu.cz\/zs2223\/wp-json\/wp\/v2\/media\/7127"}],"wp:attachment":[{"href":"https:\/\/etev7e.pef.czu.cz\/zs2223\/wp-json\/wp\/v2\/media?parent=7126"}],"wp:term":[{"taxonomy":"product_brand","embeddable":true,"href":"https:\/\/etev7e.pef.czu.cz\/zs2223\/wp-json\/wp\/v2\/product_brand?post=7126"},{"taxonomy":"product_cat","embeddable":true,"href":"https:\/\/etev7e.pef.czu.cz\/zs2223\/wp-json\/wp\/v2\/product_cat?post=7126"},{"taxonomy":"product_tag","embeddable":true,"href":"https:\/\/etev7e.pef.czu.cz\/zs2223\/wp-json\/wp\/v2\/product_tag?post=7126"}],"curies":[{"name":"wp","href":"https:\/\/api.w.org\/{rel}","templated":true}]}}