{"id":7130,"date":"2025-11-06T10:44:46","date_gmt":"2025-11-06T09:44:46","guid":{"rendered":"https:\/\/etev7e.pef.czu.cz\/zs2223\/?post_type=product&#038;p=7130"},"modified":"2025-11-06T13:53:15","modified_gmt":"2025-11-06T12:53:15","slug":"%f0%9f%8c%b8-klouzave-disky-na-pilates-glide-balance-duo","status":"publish","type":"product","link":"https:\/\/etev7e.pef.czu.cz\/zs2223\/produkt\/%f0%9f%8c%b8-klouzave-disky-na-pilates-glide-balance-duo\/","title":{"rendered":"\ud83c\udf38 Klouzav\u00e9 disky na pilates \u201eGlide Balance Duo\u201c"},"content":{"rendered":"<p dir=\"ltr\"><strong>Objev nov\u00fd rozm\u011br pohybu s na\u0161imi disky Glide Balance Duo! Tyto elegantn\u00ed klouzav\u00e9 podlo\u017eky ti umo\u017en\u00ed zapojit cel\u00e9 t\u011blo a procvi\u010dit svaly, o kter\u00fdch jsi ani netu\u0161ila, \u017ee existuj\u00ed. Sta\u010d\u00ed je polo\u017eit na hladk\u00fd povrch, postavit se na n\u011b a nechat je jemn\u011b klouzat p\u0159i ka\u017ed\u00e9m pohybu \u2013 ide\u00e1ln\u00ed pro pos\u00edlen\u00ed st\u0159edu t\u011bla, nohou i stabiliza\u010dn\u00edch sval\u016f. Jejich protiskluzov\u00e1 spodn\u00ed vrstva zaru\u010duje bezpe\u010dnost a plynul\u00fd pohyb bez zadrh\u00e1v\u00e1n\u00ed. D\u00edky lehk\u00e9mu a skladn\u00e9mu designu je m\u016f\u017ee\u0161 m\u00edt kdykoli po ruce!<\/strong><\/p>\n<p dir=\"ltr\"><strong>Obsah sady: 2 disky (Duo)<\/strong><\/p>\n","protected":false},"excerpt":{"rendered":"<p>Tyto klouzav\u00e9 podlo\u017eky aktivuj\u00ed cel\u00e9 t\u011blo a zapoj\u00ed i ty nejhloub\u011bji ulo\u017een\u00e9 svaly. Sta\u010d\u00ed je polo\u017eit na hladk\u00fd povrch a nechat klouzat p\u0159i ka\u017ed\u00e9m pohybu \u2013 ide\u00e1ln\u00ed pro pos\u00edlen\u00ed st\u0159edu t\u011bla, nohou i stability. Protiskluzov\u00e1 spodn\u00ed vrstva zajist\u00ed bezpe\u010dn\u00e9 a plynul\u00e9 cvi\u010den\u00ed, zat\u00edmco lehk\u00fd a skladn\u00fd design ti umo\u017en\u00ed vz\u00edt je kamkoli.<\/p>\n","protected":false},"featured_media":7131,"comment_status":"open","ping_status":"closed","template":"","meta":[],"product_brand":[],"product_cat":[2065],"product_tag":[1977,1996,1295,1994,1993,1973,1976,458,1995],"class_list":{"0":"post-7130","1":"product","2":"type-product","3":"status-publish","4":"has-post-thumbnail","6":"product_cat-pilates-a-joga","7":"product_tag-core","8":"product_tag-cviceni_doma","9":"product_tag-darky-pro-zeny","10":"product_tag-gliding","11":"product_tag-klouzave_disky","12":"product_tag-pilates","13":"product_tag-posilovani","14":"product_tag-ruzova","15":"product_tag-stabilita","17":"first","18":"instock","19":"sale","20":"taxable","21":"shipping-taxable","22":"purchasable","23":"product-type-simple"},"jetpack_sharing_enabled":true,"_links":{"self":[{"href":"https:\/\/etev7e.pef.czu.cz\/zs2223\/wp-json\/wp\/v2\/product\/7130","targetHints":{"allow":["GET"]}}],"collection":[{"href":"https:\/\/etev7e.pef.czu.cz\/zs2223\/wp-json\/wp\/v2\/product"}],"about":[{"href":"https:\/\/etev7e.pef.czu.cz\/zs2223\/wp-json\/wp\/v2\/types\/product"}],"replies":[{"embeddable":true,"href":"https:\/\/etev7e.pef.czu.cz\/zs2223\/wp-json\/wp\/v2\/comments?post=7130"}],"wp:featuredmedia":[{"embeddable":true,"href":"https:\/\/etev7e.pef.czu.cz\/zs2223\/wp-json\/wp\/v2\/media\/7131"}],"wp:attachment":[{"href":"https:\/\/etev7e.pef.czu.cz\/zs2223\/wp-json\/wp\/v2\/media?parent=7130"}],"wp:term":[{"taxonomy":"product_brand","embeddable":true,"href":"https:\/\/etev7e.pef.czu.cz\/zs2223\/wp-json\/wp\/v2\/product_brand?post=7130"},{"taxonomy":"product_cat","embeddable":true,"href":"https:\/\/etev7e.pef.czu.cz\/zs2223\/wp-json\/wp\/v2\/product_cat?post=7130"},{"taxonomy":"product_tag","embeddable":true,"href":"https:\/\/etev7e.pef.czu.cz\/zs2223\/wp-json\/wp\/v2\/product_tag?post=7130"}],"curies":[{"name":"wp","href":"https:\/\/api.w.org\/{rel}","templated":true}]}}