{"id":7133,"date":"2025-11-06T10:47:28","date_gmt":"2025-11-06T09:47:28","guid":{"rendered":"https:\/\/etev7e.pef.czu.cz\/zs2223\/?post_type=product&#038;p=7133"},"modified":"2025-11-06T13:51:55","modified_gmt":"2025-11-06T12:51:55","slug":"%f0%9f%8e%80-sada-odporovych-gum-flexi-set","status":"publish","type":"product","link":"https:\/\/etev7e.pef.czu.cz\/zs2223\/produkt\/%f0%9f%8e%80-sada-odporovych-gum-flexi-set\/","title":{"rendered":"\ud83c\udf80 Sada odporov\u00fdch gum \u201eFlexi Set\u201c"},"content":{"rendered":"<p><strong>Rozh\u00fdbej cel\u00e9 t\u011blo s na\u0161\u00ed stylovou sadou pilates gum Flexi Set! T\u0159i odst\u00edny r\u016f\u017eov\u00e9 p\u0159edstavuj\u00ed t\u0159i \u00farovn\u011b odporu \u2013 od jemn\u00e9ho pro prota\u017een\u00ed a\u017e po siln\u00fd pro intenzivn\u00ed posilov\u00e1n\u00ed. Tyto gumy jsou ide\u00e1ln\u00edm spole\u010dn\u00edkem pro cvi\u010den\u00ed doma, ve fitness i na cest\u00e1ch. Pomohou ti zpevnit nohy, pa\u017ee, h\u00fd\u017ed\u011b i st\u0159ed t\u011bla a d\u00edky sv\u00e9 lehkosti je m\u016f\u017ee\u0161 m\u00edt kdykoli po ruce. Vyroben\u00e9 z odoln\u00e9ho latexu, kter\u00fd vydr\u017e\u00ed i \u010dast\u00e9 pou\u017e\u00edv\u00e1n\u00ed, a nav\u00edc vypadaj\u00ed skv\u011ble. Kombinace funk\u010dnosti a elegance, kter\u00e1 prom\u011bn\u00ed ka\u017ed\u00fd tr\u00e9nink v radost!<\/strong><\/p>\n<p><strong>Obsah sady: 3 kusy (Sv\u011btle r\u016f\u017eov\u00e1 &#8211; lehk\u00fd odpor, St\u0159edn\u011b r\u016f\u017eov\u00e1 &#8211; st\u0159edn\u00ed odpor, Tmav\u011b r\u016f\u017eov\u00e1 &#8211; siln\u00fd odpor)<\/strong><\/p>\n","protected":false},"excerpt":{"rendered":"<p>Stylov\u00e1 sada t\u0159\u00ed r\u016f\u017eov\u00fdch pilates gum <strong data-start=\"38\" data-end=\"51\">Flexi Set<\/strong> ti pom\u016f\u017ee rozh\u00fdbat cel\u00e9 t\u011blo a pos\u00edlit svaly od hlavy a\u017e po paty. Jsou ide\u00e1ln\u00ed pro cvi\u010den\u00ed doma, ve fitku i na cest\u00e1ch \u2013 lehk\u00e9, odoln\u00e9 a v\u017edy p\u0159ipraven\u00e9 k akci. Spojuj\u00ed funk\u010dnost s eleganc\u00ed a prom\u011bn\u00ed ka\u017ed\u00fd tr\u00e9nink v radost.<\/p>\n","protected":false},"featured_media":7136,"comment_status":"open","ping_status":"closed","template":"","meta":[],"product_brand":[],"product_cat":[2065],"product_tag":[1295,2000,1998,1973,1997,1976,2002,1992,1999],"class_list":{"0":"post-7133","1":"product","2":"type-product","3":"status-publish","4":"has-post-thumbnail","6":"product_cat-pilates-a-joga","7":"product_tag-darky-pro-zeny","8":"product_tag-flexiset","9":"product_tag-latex","10":"product_tag-pilates","11":"product_tag-posilovaci_gumy","12":"product_tag-posilovani","13":"product_tag-ruzove","14":"product_tag-sada","15":"product_tag-strecink","17":"first","18":"instock","19":"sale","20":"taxable","21":"shipping-taxable","22":"purchasable","23":"product-type-simple"},"jetpack_sharing_enabled":true,"_links":{"self":[{"href":"https:\/\/etev7e.pef.czu.cz\/zs2223\/wp-json\/wp\/v2\/product\/7133","targetHints":{"allow":["GET"]}}],"collection":[{"href":"https:\/\/etev7e.pef.czu.cz\/zs2223\/wp-json\/wp\/v2\/product"}],"about":[{"href":"https:\/\/etev7e.pef.czu.cz\/zs2223\/wp-json\/wp\/v2\/types\/product"}],"replies":[{"embeddable":true,"href":"https:\/\/etev7e.pef.czu.cz\/zs2223\/wp-json\/wp\/v2\/comments?post=7133"}],"wp:featuredmedia":[{"embeddable":true,"href":"https:\/\/etev7e.pef.czu.cz\/zs2223\/wp-json\/wp\/v2\/media\/7136"}],"wp:attachment":[{"href":"https:\/\/etev7e.pef.czu.cz\/zs2223\/wp-json\/wp\/v2\/media?parent=7133"}],"wp:term":[{"taxonomy":"product_brand","embeddable":true,"href":"https:\/\/etev7e.pef.czu.cz\/zs2223\/wp-json\/wp\/v2\/product_brand?post=7133"},{"taxonomy":"product_cat","embeddable":true,"href":"https:\/\/etev7e.pef.czu.cz\/zs2223\/wp-json\/wp\/v2\/product_cat?post=7133"},{"taxonomy":"product_tag","embeddable":true,"href":"https:\/\/etev7e.pef.czu.cz\/zs2223\/wp-json\/wp\/v2\/product_tag?post=7133"}],"curies":[{"name":"wp","href":"https:\/\/api.w.org\/{rel}","templated":true}]}}