{"id":7186,"date":"2025-11-06T13:02:35","date_gmt":"2025-11-06T12:02:35","guid":{"rendered":"https:\/\/etev7e.pef.czu.cz\/zs2223\/?post_type=product&#038;p=7186"},"modified":"2025-11-06T15:29:49","modified_gmt":"2025-11-06T14:29:49","slug":"immunoprotect-pro-podporu-imunity","status":"publish","type":"product","link":"https:\/\/etev7e.pef.czu.cz\/zs2223\/produkt\/immunoprotect-pro-podporu-imunity\/","title":{"rendered":"ImmunoProtect &#8211; pro podporu imunity"},"content":{"rendered":"<p><strong>ImmunoProtect<\/strong> je dopln\u011bk stravy navr\u017een\u00fd pro ka\u017ed\u00e9ho, kdo chce podpo\u0159it p\u0159irozenou obranyschopnost a pos\u00edlit imunitn\u00ed syst\u00e9m, zejm\u00e9na v obdob\u00ed zv\u00fd\u0161en\u00e9 z\u00e1t\u011b\u017ee nebo zm\u011bn po\u010das\u00ed.<br \/>\nObsahuje kombinaci p\u0159\u00edrodn\u00edch rostlinn\u00fdch extrakt\u016f a l\u00e1tek vyu\u017e\u00edvan\u00fdch v dopl\u0148c\u00edch zam\u011b\u0159en\u00fdch na imunitu \u2013 <strong>echinaceu, \u0161\u00edpek (p\u0159\u00edrodn\u00ed zdroj vitam\u00ednu C) a z\u00e1zvor<\/strong><strong>.<\/strong><br \/>\nEchinacea p\u0159isp\u00edv\u00e1 k norm\u00e1ln\u00ed funkci imunitn\u00edho syst\u00e9mu, \u0161\u00edpek je p\u0159irozen\u00fdm zdrojem vitam\u00ednu C a podporuje obranyschopnost a z\u00e1zvor je zn\u00e1m\u00fd svou tradi\u010dn\u00ed podporou vitality a komfortu d\u00fdchac\u00edch cest.<\/p>\n<p><strong>ImmunoProtect<\/strong> je vhodn\u00fd b\u011bhem n\u00e1ro\u010dn\u00e9ho obdob\u00ed, sez\u00f3nn\u00edch zm\u011bn nebo kdykoli chce\u0161 podpo\u0159it p\u0159irozenou imunitu t\u011bla.<\/p>\n<p><strong>Podporuj imunitu. \u017dij bez omezen\u00ed.<\/strong><\/p>\n<p>&nbsp;<\/p>\n","protected":false},"excerpt":{"rendered":"<p>ImmunoProtect podporuje p\u0159irozenou imunitu a obranyschopnost organismu. Pom\u00e1h\u00e1 udr\u017eet t\u011blo siln\u00e9 zejm\u00e9na v obdob\u00ed zv\u00fd\u0161en\u00e9 z\u00e1t\u011b\u017ee nebo zm\u011bn po\u010das\u00ed.<\/p>\n","protected":false},"featured_media":7208,"comment_status":"open","ping_status":"closed","template":"","meta":[],"product_brand":[2032],"product_cat":[1892],"product_tag":[2037,192,309,2033,2034,2035,2048,2036,2047,220,219,116],"class_list":{"0":"post-7186","1":"product","2":"type-product","3":"status-publish","4":"has-post-thumbnail","6":"product_brand-vital-nutriska","7":"product_cat-doplnkystravy2025","8":"product_tag-antioxidanty","9":"product_tag-doplnky-stravy","10":"product_tag-imunita","11":"product_tag-obranyschopnost","12":"product_tag-podpora-organismu","13":"product_tag-prevence","14":"product_tag-sipek","15":"product_tag-vitalita","16":"product_tag-vitamin","17":"product_tag-vitamin-c","18":"product_tag-vitaminy","19":"product_tag-zdravi","21":"first","22":"instock","23":"sale","24":"taxable","25":"shipping-taxable","26":"purchasable","27":"product-type-variable","28":"has-default-attributes"},"jetpack_sharing_enabled":true,"_links":{"self":[{"href":"https:\/\/etev7e.pef.czu.cz\/zs2223\/wp-json\/wp\/v2\/product\/7186","targetHints":{"allow":["GET"]}}],"collection":[{"href":"https:\/\/etev7e.pef.czu.cz\/zs2223\/wp-json\/wp\/v2\/product"}],"about":[{"href":"https:\/\/etev7e.pef.czu.cz\/zs2223\/wp-json\/wp\/v2\/types\/product"}],"replies":[{"embeddable":true,"href":"https:\/\/etev7e.pef.czu.cz\/zs2223\/wp-json\/wp\/v2\/comments?post=7186"}],"wp:featuredmedia":[{"embeddable":true,"href":"https:\/\/etev7e.pef.czu.cz\/zs2223\/wp-json\/wp\/v2\/media\/7208"}],"wp:attachment":[{"href":"https:\/\/etev7e.pef.czu.cz\/zs2223\/wp-json\/wp\/v2\/media?parent=7186"}],"wp:term":[{"taxonomy":"product_brand","embeddable":true,"href":"https:\/\/etev7e.pef.czu.cz\/zs2223\/wp-json\/wp\/v2\/product_brand?post=7186"},{"taxonomy":"product_cat","embeddable":true,"href":"https:\/\/etev7e.pef.czu.cz\/zs2223\/wp-json\/wp\/v2\/product_cat?post=7186"},{"taxonomy":"product_tag","embeddable":true,"href":"https:\/\/etev7e.pef.czu.cz\/zs2223\/wp-json\/wp\/v2\/product_tag?post=7186"}],"curies":[{"name":"wp","href":"https:\/\/api.w.org\/{rel}","templated":true}]}}