{"id":7204,"date":"2025-11-06T12:36:51","date_gmt":"2025-11-06T11:36:51","guid":{"rendered":"https:\/\/etev7e.pef.czu.cz\/zs2223\/?post_type=product&#038;p=7204"},"modified":"2025-11-06T13:41:23","modified_gmt":"2025-11-06T12:41:23","slug":"wildflower-bouquet","status":"publish","type":"product","link":"https:\/\/etev7e.pef.czu.cz\/zs2223\/produkt\/wildflower-bouquet\/","title":{"rendered":"LEGO stavebnice Wildflower\u00a0Bouquet"},"content":{"rendered":"<p><span data-contrast=\"auto\">Wildflower\u00a0Bouquet zobrazuje pestrou sm\u011bs lu\u010dn\u00edch kv\u011bt\u016f v realistick\u00fdch barv\u00e1ch a tvarech \u2013 nechyb\u00ed nap\u0159\u00edklad chrpy, kopretiny, m\u00e1ky \u010di levandule. Ka\u017ed\u00e1 kv\u011btina je pln\u011b sestaviteln\u00e1, s nastaviteln\u00fdmi stonky a listy, co\u017e umo\u017e\u0148uje snadn\u00e9 aran\u017eov\u00e1n\u00ed do v\u00e1zy podle vlastn\u00edho vkusu. <\/span><span data-contrast=\"auto\">Stavebnice nab\u00edz\u00ed relaxa\u010dn\u00ed z\u00e1\u017eitek ze stav\u011bn\u00ed a z\u00e1rove\u0148 se stane p\u016fsobivou dekorac\u00ed interi\u00e9ru.<\/span><span data-ccp-props=\"{&quot;335559738&quot;:240,&quot;335559739&quot;:240}\">\u00a0<\/span><\/p>\n<p><b><span data-contrast=\"auto\">Obsah balen\u00ed:<\/span><\/b><br \/>\n<span data-contrast=\"auto\">\u2013 sestaviteln\u00e9 modely r\u016fzn\u00fdch druh\u016f lu\u010dn\u00edch kv\u011btin s p\u0159izp\u016fsobitelnou v\u00fd\u0161kou,<\/span><br \/>\n<span data-contrast=\"auto\">\u2013 jednotliv\u00e9 d\u00edlky pro detailn\u00ed listy a okv\u011btn\u00ed pl\u00e1tky,<\/span><br \/>\n<span data-contrast=\"auto\">\u2013 n\u00e1vod pro snadn\u00e9 sestaven\u00ed a inspiraci k aran\u017eov\u00e1n\u00ed.<\/span><span data-ccp-props=\"{&quot;335559738&quot;:240,&quot;335559739&quot;:240}\">\u00a0<\/span><\/p>\n","protected":false},"excerpt":{"rendered":"<p><span data-contrast=\"auto\">LEGO<\/span><span data-contrast=\"auto\">\u00a0stavebnice\u00a0Wildflower\u00a0Bouquet\u00a0je ur\u010dena pro d\u011bti od 8 let, ale pot\u011b\u0161\u00ed i dosp\u011bl\u00e9 fanou\u0161ky kv\u011btinov\u00fdch motiv\u016f a designu. Jedn\u00e1 se o elegantn\u00ed model z \u0159ady LEGO\u00a0Botanical\u00a0Collection, kter\u00fd p\u0159in\u00e1\u0161\u00ed kr\u00e1su p\u0159\u00edrody p\u0159\u00edmo do va\u0161eho domova.<\/span><\/p>\n","protected":false},"featured_media":7212,"comment_status":"open","ping_status":"closed","template":"","meta":[],"product_brand":[],"product_cat":[2061],"product_tag":[370,376,926,48,550,570],"class_list":{"0":"post-7204","1":"product","2":"type-product","3":"status-publish","4":"has-post-thumbnail","6":"product_cat-lego-stavebnice-2025","7":"product_tag-dekorace","8":"product_tag-hracky","9":"product_tag-kvetiny","10":"product_tag-pokojove-rostliny","11":"product_tag-stavebnice","12":"product_tag-zahrada","14":"first","15":"instock","16":"taxable","17":"shipping-taxable","18":"purchasable","19":"product-type-simple"},"jetpack_sharing_enabled":true,"_links":{"self":[{"href":"https:\/\/etev7e.pef.czu.cz\/zs2223\/wp-json\/wp\/v2\/product\/7204","targetHints":{"allow":["GET"]}}],"collection":[{"href":"https:\/\/etev7e.pef.czu.cz\/zs2223\/wp-json\/wp\/v2\/product"}],"about":[{"href":"https:\/\/etev7e.pef.czu.cz\/zs2223\/wp-json\/wp\/v2\/types\/product"}],"replies":[{"embeddable":true,"href":"https:\/\/etev7e.pef.czu.cz\/zs2223\/wp-json\/wp\/v2\/comments?post=7204"}],"wp:featuredmedia":[{"embeddable":true,"href":"https:\/\/etev7e.pef.czu.cz\/zs2223\/wp-json\/wp\/v2\/media\/7212"}],"wp:attachment":[{"href":"https:\/\/etev7e.pef.czu.cz\/zs2223\/wp-json\/wp\/v2\/media?parent=7204"}],"wp:term":[{"taxonomy":"product_brand","embeddable":true,"href":"https:\/\/etev7e.pef.czu.cz\/zs2223\/wp-json\/wp\/v2\/product_brand?post=7204"},{"taxonomy":"product_cat","embeddable":true,"href":"https:\/\/etev7e.pef.czu.cz\/zs2223\/wp-json\/wp\/v2\/product_cat?post=7204"},{"taxonomy":"product_tag","embeddable":true,"href":"https:\/\/etev7e.pef.czu.cz\/zs2223\/wp-json\/wp\/v2\/product_tag?post=7204"}],"curies":[{"name":"wp","href":"https:\/\/api.w.org\/{rel}","templated":true}]}}