{"id":7216,"date":"2025-11-06T12:58:44","date_gmt":"2025-11-06T11:58:44","guid":{"rendered":"https:\/\/etev7e.pef.czu.cz\/zs2223\/?post_type=product&#038;p=7216"},"modified":"2025-11-10T18:27:44","modified_gmt":"2025-11-10T17:27:44","slug":"pilea-peperomioides","status":"publish","type":"product","link":"https:\/\/etev7e.pef.czu.cz\/zs2223\/produkt\/pilea-peperomioides\/","title":{"rendered":"Pilea Peperomioides"},"content":{"rendered":"<p dir=\"ltr\">Pilea neboli \u010d\u00ednsk\u00e1 pen\u00edzovka (Chinese Money Plant) je elegantn\u00ed pokojov\u00e1 rostlina p\u016fvodem z \u010c\u00edny. Jej\u00ed charakteristick\u00e9 kulat\u00e9 listy p\u0159ipom\u00ednaj\u00ed pen\u00edzky, a proto je pova\u017eov\u00e1na za symbol \u0161t\u011bst\u00ed, hojnosti a prosperity. D\u00edky sv\u00e9mu minimalistick\u00e9mu a velmi modern\u00edmu vzhledu se stala obl\u00edbenou rostlinou v interi\u00e9rech po cel\u00e9m sv\u011bt\u011b.<\/p>\n<p dir=\"ltr\">Tato rostlina je nen\u00e1ro\u010dn\u00e1 na p\u011bstov\u00e1n\u00ed, \u010d\u00edm\u017e je ide\u00e1ln\u00ed volbou i pro za\u010d\u00e1te\u010dn\u00ed p\u011bstitele. Nejl\u00e9pe se j\u00ed da\u0159\u00ed na sv\u011btl\u00fdch m\u00edstech, kde je dostatek nep\u0159\u00edm\u00e9ho sv\u011btla. Zal\u00e9v\u00e1 se st\u0159\u00eddm\u011b a to v\u017edy a\u017e po vyschnut\u00ed vrchn\u00ed vrstvy p\u016fdy, proto\u017ee p\u0159emok\u0159en\u00ed nesn\u00e1\u0161\u00ed. Je pro ni vhodn\u00fd lehk\u00fd, dob\u0159e propustn\u00fd substr\u00e1t a b\u011b\u017en\u00e1 pokojov\u00e1 teplota.<\/p>\n","protected":false},"excerpt":{"rendered":"<p>Velikost: st\u0159edn\u00ed<br \/>\nBarva kv\u011btin\u00e1\u010de: antracit<\/p>\n","protected":false},"featured_media":7218,"comment_status":"open","ping_status":"closed","template":"","meta":[],"product_brand":[],"product_cat":[2057],"product_tag":[2039,2041,2042,2040],"class_list":{"0":"post-7216","1":"product","2":"type-product","3":"status-publish","4":"has-post-thumbnail","6":"product_cat-pokojove-rostliny-2025","7":"product_tag-cinska-penizovka","8":"product_tag-minimalisticka-dekorace","9":"product_tag-nenarocna","10":"product_tag-rostlina-stesti","12":"first","13":"instock","14":"sale","15":"taxable","16":"shipping-taxable","17":"purchasable","18":"product-type-simple"},"jetpack_sharing_enabled":true,"_links":{"self":[{"href":"https:\/\/etev7e.pef.czu.cz\/zs2223\/wp-json\/wp\/v2\/product\/7216","targetHints":{"allow":["GET"]}}],"collection":[{"href":"https:\/\/etev7e.pef.czu.cz\/zs2223\/wp-json\/wp\/v2\/product"}],"about":[{"href":"https:\/\/etev7e.pef.czu.cz\/zs2223\/wp-json\/wp\/v2\/types\/product"}],"replies":[{"embeddable":true,"href":"https:\/\/etev7e.pef.czu.cz\/zs2223\/wp-json\/wp\/v2\/comments?post=7216"}],"wp:featuredmedia":[{"embeddable":true,"href":"https:\/\/etev7e.pef.czu.cz\/zs2223\/wp-json\/wp\/v2\/media\/7218"}],"wp:attachment":[{"href":"https:\/\/etev7e.pef.czu.cz\/zs2223\/wp-json\/wp\/v2\/media?parent=7216"}],"wp:term":[{"taxonomy":"product_brand","embeddable":true,"href":"https:\/\/etev7e.pef.czu.cz\/zs2223\/wp-json\/wp\/v2\/product_brand?post=7216"},{"taxonomy":"product_cat","embeddable":true,"href":"https:\/\/etev7e.pef.czu.cz\/zs2223\/wp-json\/wp\/v2\/product_cat?post=7216"},{"taxonomy":"product_tag","embeddable":true,"href":"https:\/\/etev7e.pef.czu.cz\/zs2223\/wp-json\/wp\/v2\/product_tag?post=7216"}],"curies":[{"name":"wp","href":"https:\/\/api.w.org\/{rel}","templated":true}]}}