{"id":7219,"date":"2025-11-06T13:01:01","date_gmt":"2025-11-06T12:01:01","guid":{"rendered":"https:\/\/etev7e.pef.czu.cz\/zs2223\/?post_type=product&#038;p=7219"},"modified":"2025-11-10T18:24:45","modified_gmt":"2025-11-10T17:24:45","slug":"calathea-makoyana","status":"publish","type":"product","link":"https:\/\/etev7e.pef.czu.cz\/zs2223\/produkt\/calathea-makoyana\/","title":{"rendered":"Calathea makoyana"},"content":{"rendered":"<p dir=\"ltr\">Calathea \u010desky \u010dasto ozna\u010dov\u00e1na jako kalatea nebo tak\u00e9 p\u00e1vov\u00e1 rostlina je okrasn\u00e1 rostlina p\u016fvodem z Braz\u00edlie. Je cen\u011bn\u00e1 p\u0159edev\u0161\u00edm pro sv\u00e9 v\u00fdrazn\u00e9 dekorativn\u00ed listy. Pova\u017euje se tak\u00e9 za \u201cmodlitebn\u00ed rostlinu\u201d jeliko\u017e ve\u010der sv\u00e9 listy zved\u00e1 k nebi a r\u00e1no je op\u011bt skl\u00e1n\u00ed sm\u011brem dol\u016f.<\/p>\n<p dir=\"ltr\">Jedn\u00e1 se o rostlinu, kter\u00e1 vy\u017eaduje trochu v\u00edce p\u00e9\u010de, aby z\u016fstala kr\u00e1sn\u00e1 a zdrav\u00e1. M\u00e1 r\u00e1da sv\u011btl\u00e9 m\u00edsto s rozpt\u00fdlen\u00fdm nebo nep\u0159\u00edm\u00fdm sv\u011btlem. Pozor na p\u0159\u00edm\u00e9 sv\u011btlo, kter\u00e9 m\u016f\u017ee jej\u00ed barevn\u00e9 listy sp\u00e1lit. Substr\u00e1t by m\u011bl b\u00fdt st\u00e1le m\u00edrn\u011b vlhk\u00fd a proto ji zal\u00e9vejte pravideln\u011b. Ide\u00e1ln\u00ed teplota je pro ni mezi 18 a 25 stupni Celsia.<\/p>\n","protected":false},"excerpt":{"rendered":"<p>Velikost: st\u0159edn\u00ed<br \/>\nTyp listu: Makoyana \/ Orbifolia \/ Medallion<\/p>\n","protected":false},"featured_media":7217,"comment_status":"open","ping_status":"closed","template":"","meta":[],"product_brand":[],"product_cat":[2057],"product_tag":[2045,2046,2044,2043],"class_list":{"0":"post-7219","1":"product","2":"type-product","3":"status-publish","4":"has-post-thumbnail","6":"product_cat-pokojove-rostliny-2025","7":"product_tag-calathea","8":"product_tag-dekorativni-listy","9":"product_tag-modlitebni-rostlina","10":"product_tag-pavova-rostlina","12":"first","13":"instock","14":"sale","15":"taxable","16":"shipping-taxable","17":"purchasable","18":"product-type-simple"},"jetpack_sharing_enabled":true,"_links":{"self":[{"href":"https:\/\/etev7e.pef.czu.cz\/zs2223\/wp-json\/wp\/v2\/product\/7219","targetHints":{"allow":["GET"]}}],"collection":[{"href":"https:\/\/etev7e.pef.czu.cz\/zs2223\/wp-json\/wp\/v2\/product"}],"about":[{"href":"https:\/\/etev7e.pef.czu.cz\/zs2223\/wp-json\/wp\/v2\/types\/product"}],"replies":[{"embeddable":true,"href":"https:\/\/etev7e.pef.czu.cz\/zs2223\/wp-json\/wp\/v2\/comments?post=7219"}],"wp:featuredmedia":[{"embeddable":true,"href":"https:\/\/etev7e.pef.czu.cz\/zs2223\/wp-json\/wp\/v2\/media\/7217"}],"wp:attachment":[{"href":"https:\/\/etev7e.pef.czu.cz\/zs2223\/wp-json\/wp\/v2\/media?parent=7219"}],"wp:term":[{"taxonomy":"product_brand","embeddable":true,"href":"https:\/\/etev7e.pef.czu.cz\/zs2223\/wp-json\/wp\/v2\/product_brand?post=7219"},{"taxonomy":"product_cat","embeddable":true,"href":"https:\/\/etev7e.pef.czu.cz\/zs2223\/wp-json\/wp\/v2\/product_cat?post=7219"},{"taxonomy":"product_tag","embeddable":true,"href":"https:\/\/etev7e.pef.czu.cz\/zs2223\/wp-json\/wp\/v2\/product_tag?post=7219"}],"curies":[{"name":"wp","href":"https:\/\/api.w.org\/{rel}","templated":true}]}}