{"id":7226,"date":"2025-11-06T13:26:14","date_gmt":"2025-11-06T12:26:14","guid":{"rendered":"https:\/\/etev7e.pef.czu.cz\/zs2223\/?post_type=product&#038;p=7226"},"modified":"2025-11-09T08:47:13","modified_gmt":"2025-11-09T07:47:13","slug":"energyboost-doplnek-stravy-pro-energii-a-snizeni-unavy","status":"publish","type":"product","link":"https:\/\/etev7e.pef.czu.cz\/zs2223\/produkt\/energyboost-doplnek-stravy-pro-energii-a-snizeni-unavy\/","title":{"rendered":"EnergyBoost &#8211; pro energii a sn\u00ed\u017een\u00ed \u00fanavy"},"content":{"rendered":"<p><strong>EnergyBoost <\/strong>je dopln\u011bk stravy navr\u017een\u00fd pro ka\u017ed\u00e9ho, kdo pot\u0159ebuje v\u00edce energie b\u011bhem dne, chce sn\u00ed\u017eit \u00fanavu a podpo\u0159it vitalitu.<br \/>\nObsahuje kombinaci guarany, \u017een\u0161enu a medicin\u00e1ln\u00ed houby cordyceps \u2013 guarana pro p\u0159irozen\u00fd zdroj energie, \u017een\u0161en pro zv\u00fd\u0161en\u00ed vitality a cordyceps pro podporu fyzick\u00e9 a ment\u00e1ln\u00ed v\u00fddr\u017ee.<\/p>\n<p>EnergyBoost je ide\u00e1ln\u00ed kdykoli pot\u0159ebuje\u0161 rychle doplnit energii \u2014 p\u0159ed prac\u00ed, u\u010den\u00edm nebo sportovn\u00edm v\u00fdkonem.<\/p>\n<p><strong>Nastaruj energii. \u017dij naplno.<\/strong><\/p>\n","protected":false},"excerpt":{"rendered":"<p>EnergyBoost je dopln\u011bk stravy pro rychl\u00e9 dopln\u011bn\u00ed energie a sn\u00ed\u017een\u00ed \u00fanavy. Kombinuje guaranu, \u017een\u0161en a cordyceps, kter\u00e9 podporuj\u00ed vitalitu, fyzickou i ment\u00e1ln\u00ed v\u00fddr\u017e. Ide\u00e1ln\u00ed p\u0159ed prac\u00ed, u\u010den\u00edm nebo sportem.<\/p>\n","protected":false},"featured_media":7240,"comment_status":"open","ping_status":"closed","template":"","meta":[],"product_brand":[2032],"product_cat":[1892],"product_tag":[1870,192,806,2060,1701,350,2058,2036,2047,2059,1800,116],"class_list":{"0":"post-7226","1":"product","2":"type-product","3":"status-publish","4":"has-post-thumbnail","6":"product_brand-vital-nutriska","7":"product_cat-doplnkystravy2025","8":"product_tag-aktivita","9":"product_tag-doplnky-stravy","10":"product_tag-energie","11":"product_tag-motivace","12":"product_tag-produktivita","13":"product_tag-sport","14":"product_tag-unava","15":"product_tag-vitalita","16":"product_tag-vitamin","17":"product_tag-vydrz","18":"product_tag-vykon","19":"product_tag-zdravi","21":"first","22":"instock","23":"sale","24":"taxable","25":"shipping-taxable","26":"purchasable","27":"product-type-variable"},"jetpack_sharing_enabled":true,"_links":{"self":[{"href":"https:\/\/etev7e.pef.czu.cz\/zs2223\/wp-json\/wp\/v2\/product\/7226","targetHints":{"allow":["GET"]}}],"collection":[{"href":"https:\/\/etev7e.pef.czu.cz\/zs2223\/wp-json\/wp\/v2\/product"}],"about":[{"href":"https:\/\/etev7e.pef.czu.cz\/zs2223\/wp-json\/wp\/v2\/types\/product"}],"replies":[{"embeddable":true,"href":"https:\/\/etev7e.pef.czu.cz\/zs2223\/wp-json\/wp\/v2\/comments?post=7226"}],"wp:featuredmedia":[{"embeddable":true,"href":"https:\/\/etev7e.pef.czu.cz\/zs2223\/wp-json\/wp\/v2\/media\/7240"}],"wp:attachment":[{"href":"https:\/\/etev7e.pef.czu.cz\/zs2223\/wp-json\/wp\/v2\/media?parent=7226"}],"wp:term":[{"taxonomy":"product_brand","embeddable":true,"href":"https:\/\/etev7e.pef.czu.cz\/zs2223\/wp-json\/wp\/v2\/product_brand?post=7226"},{"taxonomy":"product_cat","embeddable":true,"href":"https:\/\/etev7e.pef.czu.cz\/zs2223\/wp-json\/wp\/v2\/product_cat?post=7226"},{"taxonomy":"product_tag","embeddable":true,"href":"https:\/\/etev7e.pef.czu.cz\/zs2223\/wp-json\/wp\/v2\/product_tag?post=7226"}],"curies":[{"name":"wp","href":"https:\/\/api.w.org\/{rel}","templated":true}]}}