{"id":7227,"date":"2025-11-06T13:08:23","date_gmt":"2025-11-06T12:08:23","guid":{"rendered":"https:\/\/etev7e.pef.czu.cz\/zs2223\/?post_type=product&#038;p=7227"},"modified":"2025-11-10T18:31:35","modified_gmt":"2025-11-10T17:31:35","slug":"tradescantia-pink-paradise","status":"publish","type":"product","link":"https:\/\/etev7e.pef.czu.cz\/zs2223\/produkt\/tradescantia-pink-paradise\/","title":{"rendered":"Tradescantia Pink Paradise"},"content":{"rendered":"<p dir=\"ltr\">Tradescantia, takt\u00e9\u017e zn\u00e1m\u00e1 jako vod\u011bnka, je ohromuj\u00edc\u00ed pokojov\u00e1 rostlina, kter\u00e1 zaujme sv\u00fdmi r\u016f\u017eov\u00fdmi, zelen\u00fdmi a b\u00edl\u00fdmi listy, kter\u00e9 se rozv\u011btvuj\u00ed a linou sm\u011brem dol\u016f. Krom\u011b zaj\u00edmav\u00e9ho vzhledu je jej\u00ed p\u0159ednost\u00ed i schopnost \u010distit vzduch. Nen\u00ed vhodn\u00e1 do interi\u00e9ru s d\u011btmi a zv\u00ed\u0159aty, jeliko\u017e je pro n\u011b jedovat\u00e1.<\/p>\n<p dir=\"ltr\">Vod\u011bnka je nen\u00e1ro\u010dn\u00e1 rostlina na p\u011bstov\u00e1n\u00ed, da\u0159\u00ed se j\u00ed na jasn\u00e9m a nep\u0159\u00edm\u00e9m sv\u011btle, ale zvl\u00e1dne se p\u0159izp\u016fsobit i polost\u00ednu. Vy\u017eaduje pravidelnou z\u00e1livku, mezi jednotliv\u00fdmi zal\u00e9v\u00e1n\u00edmi je vhodn\u00e9 nechat horn\u00ed vrstvu substr\u00e1tu proschnout, aby nedo\u0161lo k p\u0159emok\u0159en\u00ed. Jeliko\u017e m\u00e1 r\u00e1da pravidelnost, je \u017e\u00e1douc\u00ed ji zal\u00e9vat v pravideln\u00fdch intervalech. Vod\u011bnka ocen\u00ed vzdu\u0161n\u00fd, lehce vlhk\u00fd substr\u00e1t z kompostu, kokosov\u00e9ho vl\u00e1kna a perlitu v pom\u011bru 2:1:1.<\/p>\n","protected":false},"excerpt":{"rendered":"<p>Velikost: st\u0159edn\u00ed<br \/>\nBarva list\u016f: r\u016f\u017eovo-zelen\u00e1 \/ st\u0159\u00edb\u0159it\u00e1 \/ fialov\u00e1<\/p>\n","protected":false},"featured_media":7222,"comment_status":"open","ping_status":"closed","template":"","meta":[],"product_brand":[],"product_cat":[2057],"product_tag":[1434,2052,2051,2050],"class_list":{"0":"post-7227","1":"product","2":"type-product","3":"status-publish","4":"has-post-thumbnail","6":"product_cat-pokojove-rostliny-2025","7":"product_tag-dekorativni","8":"product_tag-previsla-rostlina","9":"product_tag-ruzova-rostlina","10":"product_tag-vodenka","12":"first","13":"instock","14":"sale","15":"taxable","16":"shipping-taxable","17":"purchasable","18":"product-type-simple"},"jetpack_sharing_enabled":true,"_links":{"self":[{"href":"https:\/\/etev7e.pef.czu.cz\/zs2223\/wp-json\/wp\/v2\/product\/7227","targetHints":{"allow":["GET"]}}],"collection":[{"href":"https:\/\/etev7e.pef.czu.cz\/zs2223\/wp-json\/wp\/v2\/product"}],"about":[{"href":"https:\/\/etev7e.pef.czu.cz\/zs2223\/wp-json\/wp\/v2\/types\/product"}],"replies":[{"embeddable":true,"href":"https:\/\/etev7e.pef.czu.cz\/zs2223\/wp-json\/wp\/v2\/comments?post=7227"}],"wp:featuredmedia":[{"embeddable":true,"href":"https:\/\/etev7e.pef.czu.cz\/zs2223\/wp-json\/wp\/v2\/media\/7222"}],"wp:attachment":[{"href":"https:\/\/etev7e.pef.czu.cz\/zs2223\/wp-json\/wp\/v2\/media?parent=7227"}],"wp:term":[{"taxonomy":"product_brand","embeddable":true,"href":"https:\/\/etev7e.pef.czu.cz\/zs2223\/wp-json\/wp\/v2\/product_brand?post=7227"},{"taxonomy":"product_cat","embeddable":true,"href":"https:\/\/etev7e.pef.czu.cz\/zs2223\/wp-json\/wp\/v2\/product_cat?post=7227"},{"taxonomy":"product_tag","embeddable":true,"href":"https:\/\/etev7e.pef.czu.cz\/zs2223\/wp-json\/wp\/v2\/product_tag?post=7227"}],"curies":[{"name":"wp","href":"https:\/\/api.w.org\/{rel}","templated":true}]}}