{"id":7228,"date":"2025-11-06T13:29:46","date_gmt":"2025-11-06T12:29:46","guid":{"rendered":"https:\/\/etev7e.pef.czu.cz\/zs2223\/?post_type=product&#038;p=7228"},"modified":"2025-11-06T13:59:39","modified_gmt":"2025-11-06T12:59:39","slug":"elysia-glow-motion-podprsenka","status":"publish","type":"product","link":"https:\/\/etev7e.pef.czu.cz\/zs2223\/produkt\/elysia-glow-motion-podprsenka\/","title":{"rendered":"ELYSIA GLOW MOTION PODPRSENKA"},"content":{"rendered":"<p>Sportovn\u00ed podprsenka z lehk\u00e9ho a pru\u017en\u00e9ho materi\u00e1lu poskytuje p\u0159irozen\u00fd komfort a podporu. Jemn\u00e9 p\u0159ek\u0159\u00ed\u017een\u00ed a tvarov\u00e1n\u00ed zad zv\u00fdraz\u0148uje siluetu a dekolt. Podprsenka obsahuje vyj\u00edmateln\u00e9 vycp\u00e1vky, vestav\u011bnou podporu a nastaviteln\u00e1 ram\u00ednka. P\u0159edn\u00ed \u010d\u00e1st zdob\u00ed potisk EXALTED k\u0159\u00eddel. Povrch je hladk\u00fd a elastick\u00fd, ide\u00e1ln\u00ed pro letn\u00ed obdob\u00ed.<\/p>\n<table>\n<tbody>\n<tr>\n<td width=\"201\"><strong>Velikost<\/strong><\/td>\n<td width=\"201\"><strong>Obvod hrudn\u00edku (cm)<\/strong><\/td>\n<td width=\"201\"><strong>Obvod pod prsy (cm)<\/strong><\/td>\n<\/tr>\n<tr>\n<td width=\"201\"><strong>XS<\/strong><\/td>\n<td width=\"201\"><strong>79-85<\/strong><\/td>\n<td width=\"201\"><strong>67-73<\/strong><\/td>\n<\/tr>\n<tr>\n<td width=\"201\"><strong>S<\/strong><\/td>\n<td width=\"201\"><strong>85-91<\/strong><\/td>\n<td width=\"201\"><strong>73-77<\/strong><\/td>\n<\/tr>\n<tr>\n<td width=\"201\"><strong>M<\/strong><\/td>\n<td width=\"201\"><strong>91-97<\/strong><\/td>\n<td width=\"201\"><strong>77-83<\/strong><\/td>\n<\/tr>\n<tr>\n<td width=\"201\"><strong>L<\/strong><\/td>\n<td width=\"201\"><strong>97-103<\/strong><\/td>\n<td width=\"201\"><strong>83-89<\/strong><\/td>\n<\/tr>\n<\/tbody>\n<\/table>\n","protected":false},"excerpt":{"rendered":"<p>Sportovn\u00ed podprsenka z lehk\u00e9ho a pru\u017en\u00e9ho materi\u00e1lu poskytuje p\u0159irozen\u00fd komfort a podporu. Jemn\u00e9 p\u0159ek\u0159\u00ed\u017een\u00ed a tvarov\u00e1n\u00ed zad zv\u00fdraz\u0148uje siluetu a dekolt. Podprsenka obsahuje vyj\u00edmateln\u00e9 vycp\u00e1vky, vestav\u011bnou podporu a nastaviteln\u00e1 ram\u00ednka. P\u0159edn\u00ed \u010d\u00e1st zdob\u00ed potisk EXALTED k\u0159\u00eddel. Povrch je hladk\u00fd a elastick\u00fd, ide\u00e1ln\u00ed pro letn\u00ed obdob\u00ed. Velikost Obvod hrudn\u00edku (cm) Obvod pod prsy (cm) XS 79-85 [&hellip;]<\/p>\n","protected":false},"featured_media":7235,"comment_status":"open","ping_status":"closed","template":"","meta":[],"product_brand":[],"product_cat":[2062],"product_tag":[1974,75,350],"class_list":{"0":"post-7228","1":"product","2":"type-product","3":"status-publish","4":"has-post-thumbnail","6":"product_cat-sportovni-obleceni","7":"product_tag-cviceni","8":"product_tag-fitness","9":"product_tag-sport","11":"first","12":"instock","13":"taxable","14":"shipping-taxable","15":"purchasable","16":"product-type-simple"},"jetpack_sharing_enabled":true,"_links":{"self":[{"href":"https:\/\/etev7e.pef.czu.cz\/zs2223\/wp-json\/wp\/v2\/product\/7228","targetHints":{"allow":["GET"]}}],"collection":[{"href":"https:\/\/etev7e.pef.czu.cz\/zs2223\/wp-json\/wp\/v2\/product"}],"about":[{"href":"https:\/\/etev7e.pef.czu.cz\/zs2223\/wp-json\/wp\/v2\/types\/product"}],"replies":[{"embeddable":true,"href":"https:\/\/etev7e.pef.czu.cz\/zs2223\/wp-json\/wp\/v2\/comments?post=7228"}],"wp:featuredmedia":[{"embeddable":true,"href":"https:\/\/etev7e.pef.czu.cz\/zs2223\/wp-json\/wp\/v2\/media\/7235"}],"wp:attachment":[{"href":"https:\/\/etev7e.pef.czu.cz\/zs2223\/wp-json\/wp\/v2\/media?parent=7228"}],"wp:term":[{"taxonomy":"product_brand","embeddable":true,"href":"https:\/\/etev7e.pef.czu.cz\/zs2223\/wp-json\/wp\/v2\/product_brand?post=7228"},{"taxonomy":"product_cat","embeddable":true,"href":"https:\/\/etev7e.pef.czu.cz\/zs2223\/wp-json\/wp\/v2\/product_cat?post=7228"},{"taxonomy":"product_tag","embeddable":true,"href":"https:\/\/etev7e.pef.czu.cz\/zs2223\/wp-json\/wp\/v2\/product_tag?post=7228"}],"curies":[{"name":"wp","href":"https:\/\/api.w.org\/{rel}","templated":true}]}}