{"id":7229,"date":"2025-11-06T13:10:13","date_gmt":"2025-11-06T12:10:13","guid":{"rendered":"https:\/\/etev7e.pef.czu.cz\/zs2223\/?post_type=product&#038;p=7229"},"modified":"2025-11-10T18:33:10","modified_gmt":"2025-11-10T17:33:10","slug":"monstera-deliciosa","status":"publish","type":"product","link":"https:\/\/etev7e.pef.czu.cz\/zs2223\/produkt\/monstera-deliciosa\/","title":{"rendered":"Monstera deliciosa"},"content":{"rendered":"<p dir=\"ltr\">Monstera deliciosa poch\u00e1z\u00ed z tropick\u00fdch prales\u016f St\u0159edn\u00ed a Ji\u017en\u00ed Ameriky, zejm\u00e9na z Mexika, Panamy a Kolumbie. V p\u0159\u00edrod\u011b roste jako pop\u00ednav\u00e1 rostlina, kter\u00e1 se sv\u00fdmi vzdu\u0161n\u00fdmi ko\u0159eny p\u0159ichycuje ke strom\u016fm. D\u00edky tomu m\u016f\u017ee dosahovat i v\u00fd\u0161ky n\u011bkolika metr\u016f. Jej\u00ed typick\u00fdm znakem jsou velk\u00e9, srd\u010dit\u00e9 listy s charakteristick\u00fdmi otvory a z\u00e1\u0159ezy, kter\u00e9 se vyv\u00edjej\u00ed postupn\u011b s v\u011bkem rostliny.<\/p>\n<p dir=\"ltr\">Monstera deliciosa je mezi pokojov\u00fdmi rostlinami velmi obl\u00edben\u00e1 d\u00edky sv\u00e9mu exotick\u00e9mu vzhledu a nen\u00e1ro\u010dnosti. Vyhovuje j\u00ed rozpt\u00fdlen\u00e9 sv\u011btlo, vy\u0161\u0161\u00ed vzdu\u0161n\u00e1 vlhkost a teplota kolem 20\u201325\u00b0C. Substr\u00e1t by m\u011bl b\u00fdt vzdu\u0161n\u00fd a propustn\u00fd, z\u00e1livka pravideln\u00e1, ale bez p\u0159elit\u00ed \u2013 p\u0159elit\u00ed m\u016f\u017ee zp\u016fsobit hnilobu ko\u0159en\u016f. Monstera je symbolem vitality, r\u016fstu a spojen\u00ed s p\u0159\u00edrodou, a proto se \u010dasto objevuje v modern\u00edm interi\u00e9rov\u00e9m designu.<\/p>\n","protected":false},"excerpt":{"rendered":"<p>Velikost: st\u0159edn\u00ed<br \/>\nTyp: klasick\u00e1 \/ variegata (pana\u0161ovan\u00e1)<\/p>\n","protected":false},"featured_media":7223,"comment_status":"open","ping_status":"closed","template":"","meta":[],"product_brand":[],"product_cat":[2057],"product_tag":[2056,2053,2055,2054],"class_list":{"0":"post-7229","1":"product","2":"type-product","3":"status-publish","4":"has-post-thumbnail","6":"product_cat-pokojove-rostliny-2025","7":"product_tag-designovy-interier","8":"product_tag-monstera","9":"product_tag-popinavka","10":"product_tag-tropicka-rostlina","12":"first","13":"instock","14":"sale","15":"taxable","16":"shipping-taxable","17":"purchasable","18":"product-type-simple"},"jetpack_sharing_enabled":true,"_links":{"self":[{"href":"https:\/\/etev7e.pef.czu.cz\/zs2223\/wp-json\/wp\/v2\/product\/7229","targetHints":{"allow":["GET"]}}],"collection":[{"href":"https:\/\/etev7e.pef.czu.cz\/zs2223\/wp-json\/wp\/v2\/product"}],"about":[{"href":"https:\/\/etev7e.pef.czu.cz\/zs2223\/wp-json\/wp\/v2\/types\/product"}],"replies":[{"embeddable":true,"href":"https:\/\/etev7e.pef.czu.cz\/zs2223\/wp-json\/wp\/v2\/comments?post=7229"}],"wp:featuredmedia":[{"embeddable":true,"href":"https:\/\/etev7e.pef.czu.cz\/zs2223\/wp-json\/wp\/v2\/media\/7223"}],"wp:attachment":[{"href":"https:\/\/etev7e.pef.czu.cz\/zs2223\/wp-json\/wp\/v2\/media?parent=7229"}],"wp:term":[{"taxonomy":"product_brand","embeddable":true,"href":"https:\/\/etev7e.pef.czu.cz\/zs2223\/wp-json\/wp\/v2\/product_brand?post=7229"},{"taxonomy":"product_cat","embeddable":true,"href":"https:\/\/etev7e.pef.czu.cz\/zs2223\/wp-json\/wp\/v2\/product_cat?post=7229"},{"taxonomy":"product_tag","embeddable":true,"href":"https:\/\/etev7e.pef.czu.cz\/zs2223\/wp-json\/wp\/v2\/product_tag?post=7229"}],"curies":[{"name":"wp","href":"https:\/\/api.w.org\/{rel}","templated":true}]}}