{"id":7254,"date":"2025-11-06T13:46:11","date_gmt":"2025-11-06T12:46:11","guid":{"rendered":"https:\/\/etev7e.pef.czu.cz\/zs2223\/?post_type=product&#038;p=7254"},"modified":"2025-11-06T13:58:06","modified_gmt":"2025-11-06T12:58:06","slug":"comfy-nest-original-oversized-mikina","status":"publish","type":"product","link":"https:\/\/etev7e.pef.czu.cz\/zs2223\/produkt\/comfy-nest-original-oversized-mikina\/","title":{"rendered":"COMFY-NEST\u2122 ORIGINAL OVERSIZED MIKINA"},"content":{"rendered":"<p>Komplet kombinuje jednu z nejkvalitn\u011bj\u0161\u00edch bavln na trhu s polyesterem pro lep\u0161\u00ed v\u00fddr\u017e a pru\u017enost. Nab\u00edz\u00ed maxim\u00e1ln\u00ed pohodl\u00ed a je ide\u00e1ln\u00ed pro voln\u00fd \u010das, cestov\u00e1n\u00ed \u010di lehk\u00e9 sporty. Oversized st\u0159ih s dropshoulder designem zaji\u0161\u0165uje volnost pohybu, zat\u00edmco grafick\u00e9 logo EXALTED na z\u00e1dech a vy\u0161it\u00fd n\u00e1pis na ruk\u00e1vech dod\u00e1vaj\u00ed kompletu charakter. P\u0159edn\u00ed \u010d\u00e1st obsahuje klokan\u00ed kapsu. Materi\u00e1l je m\u011bkk\u00fd, prody\u0161n\u00fd a z\u00e1rove\u0148 odoln\u00fd, vhodn\u00fd pro celodenn\u00ed no\u0161en\u00ed.<\/p>\n<table>\n<tbody>\n<tr>\n<td width=\"201\"><strong>Velikost<\/strong><\/td>\n<td width=\"201\"><strong>Obvod hrudn\u00edku (cm)<\/strong><\/td>\n<td width=\"201\"><strong>Obvod pod prsy (cm)<\/strong><\/td>\n<\/tr>\n<tr>\n<td width=\"201\"><strong>XS<\/strong><\/td>\n<td width=\"201\"><strong>79-85<\/strong><\/td>\n<td width=\"201\"><strong>67-73<\/strong><\/td>\n<\/tr>\n<tr>\n<td width=\"201\"><strong>S<\/strong><\/td>\n<td width=\"201\"><strong>85-91<\/strong><\/td>\n<td width=\"201\"><strong>73-77<\/strong><\/td>\n<\/tr>\n<tr>\n<td width=\"201\"><strong>M<\/strong><\/td>\n<td width=\"201\"><strong>91-97<\/strong><\/td>\n<td width=\"201\"><strong>77-83<\/strong><\/td>\n<\/tr>\n<tr>\n<td width=\"201\"><strong>L<\/strong><\/td>\n<td width=\"201\"><strong>97-103<\/strong><\/td>\n<td width=\"201\"><strong>83-89<\/strong><\/td>\n<\/tr>\n<\/tbody>\n<\/table>\n","protected":false},"excerpt":{"rendered":"<p>Komplet kombinuje jednu z nejkvalitn\u011bj\u0161\u00edch bavln na trhu s polyesterem pro lep\u0161\u00ed v\u00fddr\u017e a pru\u017enost. Nab\u00edz\u00ed maxim\u00e1ln\u00ed pohodl\u00ed a je ide\u00e1ln\u00ed pro voln\u00fd \u010das, cestov\u00e1n\u00ed \u010di lehk\u00e9 sporty. Oversized st\u0159ih s dropshoulder designem zaji\u0161\u0165uje volnost pohybu, zat\u00edmco grafick\u00e9 logo EXALTED na z\u00e1dech a vy\u0161it\u00fd n\u00e1pis na ruk\u00e1vech dod\u00e1vaj\u00ed kompletu charakter. P\u0159edn\u00ed \u010d\u00e1st obsahuje klokan\u00ed kapsu. [&hellip;]<\/p>\n","protected":false},"featured_media":7255,"comment_status":"open","ping_status":"closed","template":"","meta":[],"product_brand":[],"product_cat":[2062],"product_tag":[1974,75,350],"class_list":{"0":"post-7254","1":"product","2":"type-product","3":"status-publish","4":"has-post-thumbnail","6":"product_cat-sportovni-obleceni","7":"product_tag-cviceni","8":"product_tag-fitness","9":"product_tag-sport","11":"first","12":"instock","13":"taxable","14":"shipping-taxable","15":"purchasable","16":"product-type-simple"},"jetpack_sharing_enabled":true,"_links":{"self":[{"href":"https:\/\/etev7e.pef.czu.cz\/zs2223\/wp-json\/wp\/v2\/product\/7254","targetHints":{"allow":["GET"]}}],"collection":[{"href":"https:\/\/etev7e.pef.czu.cz\/zs2223\/wp-json\/wp\/v2\/product"}],"about":[{"href":"https:\/\/etev7e.pef.czu.cz\/zs2223\/wp-json\/wp\/v2\/types\/product"}],"replies":[{"embeddable":true,"href":"https:\/\/etev7e.pef.czu.cz\/zs2223\/wp-json\/wp\/v2\/comments?post=7254"}],"wp:featuredmedia":[{"embeddable":true,"href":"https:\/\/etev7e.pef.czu.cz\/zs2223\/wp-json\/wp\/v2\/media\/7255"}],"wp:attachment":[{"href":"https:\/\/etev7e.pef.czu.cz\/zs2223\/wp-json\/wp\/v2\/media?parent=7254"}],"wp:term":[{"taxonomy":"product_brand","embeddable":true,"href":"https:\/\/etev7e.pef.czu.cz\/zs2223\/wp-json\/wp\/v2\/product_brand?post=7254"},{"taxonomy":"product_cat","embeddable":true,"href":"https:\/\/etev7e.pef.czu.cz\/zs2223\/wp-json\/wp\/v2\/product_cat?post=7254"},{"taxonomy":"product_tag","embeddable":true,"href":"https:\/\/etev7e.pef.czu.cz\/zs2223\/wp-json\/wp\/v2\/product_tag?post=7254"}],"curies":[{"name":"wp","href":"https:\/\/api.w.org\/{rel}","templated":true}]}}