{"id":7272,"date":"2025-11-06T15:21:12","date_gmt":"2025-11-06T14:21:12","guid":{"rendered":"https:\/\/etev7e.pef.czu.cz\/zs2223\/?post_type=product&#038;p=7272"},"modified":"2025-11-09T08:51:23","modified_gmt":"2025-11-09T07:51:23","slug":"clearmind-doplnek-stravy-pro-lepsi-soustredeni-a-uceni","status":"publish","type":"product","link":"https:\/\/etev7e.pef.czu.cz\/zs2223\/produkt\/clearmind-doplnek-stravy-pro-lepsi-soustredeni-a-uceni\/","title":{"rendered":"ClearMind \u2013  pro lep\u0161\u00ed soust\u0159ed\u011bn\u00ed a u\u010den\u00ed"},"content":{"rendered":"<p><strong>ClearMind<\/strong> je modern\u00ed dopln\u011bk stravy navr\u017een\u00fd pro ka\u017ed\u00e9ho, kdo chce zlep\u0161it sv\u00e9 soust\u0159ed\u011bn\u00ed, zv\u00fd\u0161it efektivitu p\u0159i pr\u00e1ci i u\u010den\u00ed a udr\u017eet si jasnou a klidnou mysl bez zbyte\u010dn\u00e9ho nap\u011bt\u00ed.<\/p>\n<p>Obsahuje kombinaci L-theaninu, ginkgo biloby, vitam\u00edn\u016f skupiny B a ho\u0159\u010d\u00edku &#8211; L-theanin p\u0159isp\u00edv\u00e1 ke klidn\u00e9 a soust\u0159ed\u011bn\u00e9 mysli, ginkgo biloba podporuje pr\u00e1ci mozku a zpracov\u00e1n\u00ed informac\u00ed, vitaminy B pom\u00e1haj\u00ed sni\u017eovat \u00fanavu a ho\u0159\u010d\u00edk podporuje psychickou pohodu.<\/p>\n<p>ClearMind je ide\u00e1ln\u00ed volbou v\u017edy, kdy\u017e pot\u0159ebuje\u0161 podat maxim\u00e1ln\u00ed v\u00fdkon \u2014 p\u0159i pr\u00e1ci, studiu, kreativit\u011b nebo p\u0159i \u0159e\u0161en\u00ed n\u00e1ro\u010dn\u00fdch \u00fakol\u016f b\u011bhem dne.<\/p>\n<p><strong>Zapni svou mysl. U\u010d se soust\u0159ed\u011bn\u011b.<\/strong><\/p>\n","protected":false},"excerpt":{"rendered":"<p>ClearMind je dopln\u011bk stravy pro lep\u0161\u00ed soust\u0159ed\u011bn\u00ed, u\u010den\u00ed a jasnou mysl bez zbyte\u010dn\u00e9ho nap\u011bt\u00ed. Pom\u00e1h\u00e1 zv\u00fd\u0161it efektivitu p\u0159i pr\u00e1ci i studiu, podporuje ment\u00e1ln\u00ed v\u00fdkon a usnad\u0148uje udr\u017een\u00ed pozornosti i b\u011bhem n\u00e1ro\u010dn\u00fdch \u00fakol\u016f.<\/p>\n","protected":false},"featured_media":7276,"comment_status":"open","ping_status":"closed","template":"","meta":[],"product_brand":[2032],"product_cat":[1892],"product_tag":[192,2072,2069,2073,2071,2070,1701,2068,1765,2047,116],"class_list":{"0":"post-7272","1":"product","2":"type-product","3":"status-publish","4":"has-post-thumbnail","6":"product_brand-vital-nutriska","7":"product_cat-doplnkystravy2025","8":"product_tag-doplnky-stravy","9":"product_tag-jasna-mysl","10":"product_tag-koncentrace","11":"product_tag-mysleni","12":"product_tag-pamet","13":"product_tag-prace","14":"product_tag-produktivita","15":"product_tag-soustredeni","16":"product_tag-uceni","17":"product_tag-vitamin","18":"product_tag-zdravi","20":"first","21":"instock","22":"sale","23":"taxable","24":"shipping-taxable","25":"purchasable","26":"product-type-variable"},"jetpack_sharing_enabled":true,"_links":{"self":[{"href":"https:\/\/etev7e.pef.czu.cz\/zs2223\/wp-json\/wp\/v2\/product\/7272","targetHints":{"allow":["GET"]}}],"collection":[{"href":"https:\/\/etev7e.pef.czu.cz\/zs2223\/wp-json\/wp\/v2\/product"}],"about":[{"href":"https:\/\/etev7e.pef.czu.cz\/zs2223\/wp-json\/wp\/v2\/types\/product"}],"replies":[{"embeddable":true,"href":"https:\/\/etev7e.pef.czu.cz\/zs2223\/wp-json\/wp\/v2\/comments?post=7272"}],"wp:featuredmedia":[{"embeddable":true,"href":"https:\/\/etev7e.pef.czu.cz\/zs2223\/wp-json\/wp\/v2\/media\/7276"}],"wp:attachment":[{"href":"https:\/\/etev7e.pef.czu.cz\/zs2223\/wp-json\/wp\/v2\/media?parent=7272"}],"wp:term":[{"taxonomy":"product_brand","embeddable":true,"href":"https:\/\/etev7e.pef.czu.cz\/zs2223\/wp-json\/wp\/v2\/product_brand?post=7272"},{"taxonomy":"product_cat","embeddable":true,"href":"https:\/\/etev7e.pef.czu.cz\/zs2223\/wp-json\/wp\/v2\/product_cat?post=7272"},{"taxonomy":"product_tag","embeddable":true,"href":"https:\/\/etev7e.pef.czu.cz\/zs2223\/wp-json\/wp\/v2\/product_tag?post=7272"}],"curies":[{"name":"wp","href":"https:\/\/api.w.org\/{rel}","templated":true}]}}