{"id":7277,"date":"2025-11-06T15:38:02","date_gmt":"2025-11-06T14:38:02","guid":{"rendered":"https:\/\/etev7e.pef.czu.cz\/zs2223\/?post_type=product&#038;p=7277"},"modified":"2025-11-06T16:00:02","modified_gmt":"2025-11-06T15:00:02","slug":"biogena-majestic-ovocny-caj-zazvor-mandarinka","status":"publish","type":"product","link":"https:\/\/etev7e.pef.czu.cz\/zs2223\/produkt\/biogena-majestic-ovocny-caj-zazvor-mandarinka\/","title":{"rendered":"Biogena Majestic Ovocn\u00fd \u010daj Z\u00e1zvor &amp; Mandarinka"},"content":{"rendered":"<p>P\u0159edstavte si \u0161\u00e1lek \u010daje, kter\u00fd v sob\u011b spojuje jemn\u00e9 teplo z\u00e1zvoru s osv\u011b\u017euj\u00edc\u00ed sladkost\u00ed mandarinky \u2013 energick\u00e9 duo, kter\u00e9 zah\u0159eje t\u011blo a rozz\u00e1\u0159\u00ed n\u00e1ladu i v t\u011bch nejchladn\u011bj\u0161\u00edch dnech. Biogena Majestic Tea Mandarinka &amp; Z\u00e1zvor je \u010daj, kter\u00fd si zamiluj\u00ed i ti, kte\u0159\u00ed se z\u00e1zvoru obvykle vyh\u00fdbaj\u00ed \u2013 jeho \u0161tiplavost je tu vyv\u00e1\u017eena \u0161\u0165avnatou mandarinkou, d\u00edky n\u00ed\u017e vznik\u00e1 dokonale harmonick\u00e1 chu\u0165. Z\u00e1zvor je odprad\u00e1vna cen\u011bn pro sv\u00e9 posiluj\u00edc\u00ed a proh\u0159\u00edvac\u00ed \u00fa\u010dinky, podporuje imunitn\u00ed syst\u00e9m, napom\u00e1h\u00e1 tr\u00e1ven\u00ed a pom\u00e1h\u00e1 t\u011blu l\u00e9pe zvl\u00e1dat nachlazen\u00ed i \u00fanavu. Mandarinka do sm\u011bsi vn\u00e1\u0161\u00ed lehkou sladkost a sv\u011b\u017eest, kter\u00e1 osv\u011b\u017euje smysly a p\u0159in\u00e1\u0161\u00ed okam\u017eit\u00fd pocit pohody. Spole\u010dn\u011b tvo\u0159\u00ed \u010daj, kter\u00fd povzbud\u00ed i zklidn\u00ed z\u00e1rove\u0148 \u2013 ide\u00e1ln\u00ed spole\u010dn\u00edk pro zimn\u00ed ve\u010dery i klidn\u00e1 r\u00e1na pln\u00e1 sv\u011btla. Ka\u017ed\u00e9 balen\u00ed obsahuje 20 \u010dajov\u00fdch s\u00e1\u010dk\u016f.<\/p>\n<p>&nbsp;<\/p>\n","protected":false},"excerpt":{"rendered":"<p>\u010caj se py\u0161n\u00ed jemn\u011b kor\u00e1lovou barvou, von\u00ed po nasl\u00e1dl\u00e9m tropick\u00e9m ovoci, s vy\u0301raznou chut\u00ed z\u00e1zvoru.<\/p>\n","protected":false},"featured_media":7281,"comment_status":"open","ping_status":"closed","template":"","meta":[],"product_brand":[2074,2075],"product_cat":[814],"product_tag":[2077,2076,2078],"class_list":{"0":"post-7277","1":"product","2":"type-product","3":"status-publish","4":"has-post-thumbnail","6":"product_brand-biogena","7":"product_brand-majestic","8":"product_cat-caje","9":"product_tag-aromatizovane-caje","10":"product_tag-ovocne-caje","11":"product_tag-porcovane-caje","13":"first","14":"instock","15":"sale","16":"taxable","17":"shipping-taxable","18":"purchasable","19":"product-type-simple"},"jetpack_sharing_enabled":true,"_links":{"self":[{"href":"https:\/\/etev7e.pef.czu.cz\/zs2223\/wp-json\/wp\/v2\/product\/7277","targetHints":{"allow":["GET"]}}],"collection":[{"href":"https:\/\/etev7e.pef.czu.cz\/zs2223\/wp-json\/wp\/v2\/product"}],"about":[{"href":"https:\/\/etev7e.pef.czu.cz\/zs2223\/wp-json\/wp\/v2\/types\/product"}],"replies":[{"embeddable":true,"href":"https:\/\/etev7e.pef.czu.cz\/zs2223\/wp-json\/wp\/v2\/comments?post=7277"}],"wp:featuredmedia":[{"embeddable":true,"href":"https:\/\/etev7e.pef.czu.cz\/zs2223\/wp-json\/wp\/v2\/media\/7281"}],"wp:attachment":[{"href":"https:\/\/etev7e.pef.czu.cz\/zs2223\/wp-json\/wp\/v2\/media?parent=7277"}],"wp:term":[{"taxonomy":"product_brand","embeddable":true,"href":"https:\/\/etev7e.pef.czu.cz\/zs2223\/wp-json\/wp\/v2\/product_brand?post=7277"},{"taxonomy":"product_cat","embeddable":true,"href":"https:\/\/etev7e.pef.czu.cz\/zs2223\/wp-json\/wp\/v2\/product_cat?post=7277"},{"taxonomy":"product_tag","embeddable":true,"href":"https:\/\/etev7e.pef.czu.cz\/zs2223\/wp-json\/wp\/v2\/product_tag?post=7277"}],"curies":[{"name":"wp","href":"https:\/\/api.w.org\/{rel}","templated":true}]}}