{"id":7282,"date":"2025-11-06T15:43:50","date_gmt":"2025-11-06T14:43:50","guid":{"rendered":"https:\/\/etev7e.pef.czu.cz\/zs2223\/?post_type=product&#038;p=7282"},"modified":"2025-11-09T08:55:04","modified_gmt":"2025-11-09T07:55:04","slug":"calmbalance-doplnek-stravy-pro-zklidneni-a-psychickou-pohodu","status":"publish","type":"product","link":"https:\/\/etev7e.pef.czu.cz\/zs2223\/produkt\/calmbalance-doplnek-stravy-pro-zklidneni-a-psychickou-pohodu\/","title":{"rendered":"CalmBalance &#8211; pro zklidn\u011bn\u00ed a psychickou pohodu"},"content":{"rendered":"<p><strong>CalmBalance<\/strong> je dopln\u011bk stravy navr\u017een\u00fd pro ka\u017ed\u00e9ho, kdo chce sn\u00ed\u017eit ka\u017edodenn\u00ed stres, c\u00edtit se psychicky vyrovnan\u011bji a podpo\u0159it celkov\u00fd pocit klidu.<br \/>\nObsahuje kombinaci medu\u0148ky l\u00e9ka\u0159sk\u00e9, kozl\u00edku l\u00e9ka\u0159sk\u00e9ho, ho\u0159\u010d\u00edku a vitam\u00ednu B6 \u2013 medu\u0148ka podporuje p\u0159irozen\u00e9 zklidn\u011bn\u00ed a psychickou rovnov\u00e1hu, kozl\u00edk l\u00e9ka\u0159sk\u00fd pom\u00e1h\u00e1 uvolnit nap\u011bt\u00ed, ho\u0159\u010d\u00edk napom\u00e1h\u00e1 spr\u00e1vn\u00e9 \u010dinnosti nervov\u00e9 soustavy a vitam\u00edn B6 p\u0159isp\u00edv\u00e1 k psychick\u00e9 pohod\u011b a sn\u00ed\u017een\u00ed \u00fanavy.<\/p>\n<p><strong>CalmBalance<\/strong> je vhodn\u00fd v obdob\u00ed zv\u00fd\u0161en\u00e9ho stresu, p\u0159i psychick\u00e9m vyp\u011bt\u00ed nebo kdykoli, kdy\u017e pot\u0159ebuje\u0161 zpomalit a naj\u00edt rovnov\u00e1hu.<\/p>\n<p><strong>Uvolni mysl. Najdi sv\u016fj klid.<\/strong><\/p>\n","protected":false},"excerpt":{"rendered":"<p>CalmBalance je dopln\u011bk stravy pro zklidn\u011bn\u00ed a psychickou pohodu. Pom\u00e1h\u00e1 zm\u00edrnit stres, uvolnit nap\u011bt\u00ed a podporuje vnit\u0159n\u00ed rovnov\u00e1hu b\u011bhem n\u00e1ro\u010dn\u00fdch dn\u00ed.<\/p>\n","protected":false},"featured_media":7284,"comment_status":"open","ping_status":"closed","template":"","meta":[],"product_brand":[2032],"product_cat":[1892],"product_tag":[192,2084,2083,2082,2080,928,2079,2047,116,2081],"class_list":{"0":"post-7282","1":"product","2":"type-product","3":"status-publish","4":"has-post-thumbnail","6":"product_brand-vital-nutriska","7":"product_cat-doplnkystravy2025","8":"product_tag-doplnky-stravy","9":"product_tag-dusevni-rovnovaha","10":"product_tag-emocni-rovnovaha","11":"product_tag-nervovy-system","12":"product_tag-psychicka-pohoda","13":"product_tag-relaxace","14":"product_tag-stres","15":"product_tag-vitamin","16":"product_tag-zdravi","17":"product_tag-zklidneni","19":"first","20":"instock","21":"sale","22":"taxable","23":"shipping-taxable","24":"purchasable","25":"product-type-variable"},"jetpack_sharing_enabled":true,"_links":{"self":[{"href":"https:\/\/etev7e.pef.czu.cz\/zs2223\/wp-json\/wp\/v2\/product\/7282","targetHints":{"allow":["GET"]}}],"collection":[{"href":"https:\/\/etev7e.pef.czu.cz\/zs2223\/wp-json\/wp\/v2\/product"}],"about":[{"href":"https:\/\/etev7e.pef.czu.cz\/zs2223\/wp-json\/wp\/v2\/types\/product"}],"replies":[{"embeddable":true,"href":"https:\/\/etev7e.pef.czu.cz\/zs2223\/wp-json\/wp\/v2\/comments?post=7282"}],"wp:featuredmedia":[{"embeddable":true,"href":"https:\/\/etev7e.pef.czu.cz\/zs2223\/wp-json\/wp\/v2\/media\/7284"}],"wp:attachment":[{"href":"https:\/\/etev7e.pef.czu.cz\/zs2223\/wp-json\/wp\/v2\/media?parent=7282"}],"wp:term":[{"taxonomy":"product_brand","embeddable":true,"href":"https:\/\/etev7e.pef.czu.cz\/zs2223\/wp-json\/wp\/v2\/product_brand?post=7282"},{"taxonomy":"product_cat","embeddable":true,"href":"https:\/\/etev7e.pef.czu.cz\/zs2223\/wp-json\/wp\/v2\/product_cat?post=7282"},{"taxonomy":"product_tag","embeddable":true,"href":"https:\/\/etev7e.pef.czu.cz\/zs2223\/wp-json\/wp\/v2\/product_tag?post=7282"}],"curies":[{"name":"wp","href":"https:\/\/api.w.org\/{rel}","templated":true}]}}