{"id":7290,"date":"2025-11-06T15:46:44","date_gmt":"2025-11-06T14:46:44","guid":{"rendered":"https:\/\/etev7e.pef.czu.cz\/zs2223\/?post_type=product&#038;p=7290"},"modified":"2025-11-06T15:58:19","modified_gmt":"2025-11-06T14:58:19","slug":"biogena-majestic-ovocny-caj-mango-ruze","status":"publish","type":"product","link":"https:\/\/etev7e.pef.czu.cz\/zs2223\/produkt\/biogena-majestic-ovocny-caj-mango-ruze\/","title":{"rendered":"Biogena Majestic Ovocn\u00fd \u010daj mango &amp; r\u016f\u017ee"},"content":{"rendered":"<p>Nechte se un\u00e9st v\u016fn\u00ed exotiky a jemnost\u00ed kv\u011btin v jedine\u010dn\u00e9m spojen\u00ed zral\u00e9ho manga a r\u016f\u017ee. Biogena Majestic Tea Mango &amp; R\u016f\u017ee p\u0159in\u00e1\u0161\u00ed harmonii sladce ovocn\u00e9 sv\u011b\u017eesti a kv\u011btinov\u00e9 elegance. Sladk\u00e1 chu\u0165 \u0161\u0165avnat\u00e9ho manga se tu prol\u00edn\u00e1 s n\u011b\u017en\u00fdmi t\u00f3ny r\u016f\u017eov\u00fdch l\u00edstk\u016f, kter\u00e9 dod\u00e1vaj\u00ed \u010daji sametovou lehkost a v\u00fdjime\u010dnou v\u016fni. R\u016f\u017ee je odprad\u00e1vna symbolem kr\u00e1sy, zklidn\u011bn\u00ed a harmonie \u2013 jej\u00ed jemn\u00e9 aroma uvol\u0148uje nap\u011bt\u00ed a p\u0159isp\u00edv\u00e1 k pocitu du\u0161evn\u00ed rovnov\u00e1hy. Mango je zase zn\u00e1m\u00e9 sv\u00fdm obsahem vitamin\u016f a antioxidant\u016f, kter\u00e9 podporuj\u00ed vitalitu a dod\u00e1vaj\u00ed t\u011blu p\u0159irozenou energii. Spole\u010dn\u011b tvo\u0159\u00ed dvojici, kter\u00e1 pot\u011b\u0161\u00ed smysly i t\u011blo, kdykoli pot\u0159ebujete chv\u00edli oddechu nebo mal\u00fd \u00fanik do sv\u011bta pohody. Pr\u00e9miov\u00e1 \u0159ada \u010daj\u016f Biogena Majestic prom\u011b\u0148uje ka\u017edodenn\u00ed pit\u00ed \u010daje v z\u00e1\u017eitek pln\u00fd v\u016fn\u00ed, chut\u00ed a klidu. Ka\u017ed\u00e9 balen\u00ed obsahuje 20 \u010dajov\u00fdch s\u00e1\u010dk\u016f.<\/p>\n","protected":false},"excerpt":{"rendered":"<p>\u010caj okouzl\u00ed zlatav\u00fdm odst\u00ednem, spojuje sladkou v\u016fni zral\u00e9ho manga s jemn\u00fdmi kv\u011btinov\u00fdmi t\u00f3ny r\u016f\u017ee.<\/p>\n","protected":false},"featured_media":7291,"comment_status":"open","ping_status":"closed","template":"","meta":[],"product_brand":[2074,2075],"product_cat":[814],"product_tag":[2077,2076,2078],"class_list":{"0":"post-7290","1":"product","2":"type-product","3":"status-publish","4":"has-post-thumbnail","6":"product_brand-biogena","7":"product_brand-majestic","8":"product_cat-caje","9":"product_tag-aromatizovane-caje","10":"product_tag-ovocne-caje","11":"product_tag-porcovane-caje","13":"first","14":"instock","15":"sale","16":"taxable","17":"shipping-taxable","18":"purchasable","19":"product-type-simple"},"jetpack_sharing_enabled":true,"_links":{"self":[{"href":"https:\/\/etev7e.pef.czu.cz\/zs2223\/wp-json\/wp\/v2\/product\/7290","targetHints":{"allow":["GET"]}}],"collection":[{"href":"https:\/\/etev7e.pef.czu.cz\/zs2223\/wp-json\/wp\/v2\/product"}],"about":[{"href":"https:\/\/etev7e.pef.czu.cz\/zs2223\/wp-json\/wp\/v2\/types\/product"}],"replies":[{"embeddable":true,"href":"https:\/\/etev7e.pef.czu.cz\/zs2223\/wp-json\/wp\/v2\/comments?post=7290"}],"wp:featuredmedia":[{"embeddable":true,"href":"https:\/\/etev7e.pef.czu.cz\/zs2223\/wp-json\/wp\/v2\/media\/7291"}],"wp:attachment":[{"href":"https:\/\/etev7e.pef.czu.cz\/zs2223\/wp-json\/wp\/v2\/media?parent=7290"}],"wp:term":[{"taxonomy":"product_brand","embeddable":true,"href":"https:\/\/etev7e.pef.czu.cz\/zs2223\/wp-json\/wp\/v2\/product_brand?post=7290"},{"taxonomy":"product_cat","embeddable":true,"href":"https:\/\/etev7e.pef.czu.cz\/zs2223\/wp-json\/wp\/v2\/product_cat?post=7290"},{"taxonomy":"product_tag","embeddable":true,"href":"https:\/\/etev7e.pef.czu.cz\/zs2223\/wp-json\/wp\/v2\/product_tag?post=7290"}],"curies":[{"name":"wp","href":"https:\/\/api.w.org\/{rel}","templated":true}]}}