{"id":7292,"date":"2025-11-06T16:17:50","date_gmt":"2025-11-06T15:17:50","guid":{"rendered":"https:\/\/etev7e.pef.czu.cz\/zs2223\/?post_type=product&#038;p=7292"},"modified":"2025-11-09T08:46:56","modified_gmt":"2025-11-09T07:46:56","slug":"sleepwell-doplnek-stravy-pro-klidny-a-kvalitni-spanek","status":"publish","type":"product","link":"https:\/\/etev7e.pef.czu.cz\/zs2223\/produkt\/sleepwell-doplnek-stravy-pro-klidny-a-kvalitni-spanek\/","title":{"rendered":"SleepWell &#8211;  pro klidn\u00fd a kvalitn\u00ed sp\u00e1nek"},"content":{"rendered":"<p><strong>SleepWell<\/strong> je dopln\u011bk stravy ur\u010den\u00fd pro ka\u017ed\u00e9ho, kdo chce ve\u010der zklidnit mysl, rychleji usnout a probudit se odpo\u010dat\u00fd.<br \/>\nObsahuje kombinaci <strong>melatoninu, he\u0159m\u00e1nku a levandule<\/strong> &#8211; melatonin podporuje rychlej\u0161\u00ed us\u00edn\u00e1n\u00ed, he\u0159m\u00e1nek pom\u00e1h\u00e1 t\u011blu p\u0159epnout do klidov\u00e9ho re\u017eimu a levandule p\u0159isp\u00edv\u00e1 k hlubok\u00e9mu a regeneruj\u00edc\u00edmu sp\u00e1nku.<\/p>\n<p>SleepWell je perfektn\u00ed volba, kdy\u017e pot\u0159ebuje\u0161 zpomalit, zti\u0161it mysl a dop\u0159\u00e1t si opravdov\u00fd odpo\u010dinek.<\/p>\n<p><strong>Us\u00ednej p\u0159irozen\u011b. Probouzej se odpo\u010dat\u00fd.<\/strong><\/p>\n","protected":false},"excerpt":{"rendered":"<p>SleepWell je dopln\u011bk stravy pro zklidn\u011bn\u00ed mysli, rychlej\u0161\u00ed us\u00edn\u00e1n\u00ed a kvalitn\u00ed sp\u00e1nek. Pom\u00e1h\u00e1 zpomalit, uvolnit se a probouzet se odpo\u010dat\u00fd.<\/p>\n","protected":false},"featured_media":7303,"comment_status":"open","ping_status":"closed","template":"","meta":[],"product_brand":[2032],"product_cat":[1892],"product_tag":[192,2087,2086,740,928,333,2085,874,116],"class_list":{"0":"post-7292","1":"product","2":"type-product","3":"status-publish","4":"has-post-thumbnail","6":"product_brand-vital-nutriska","7":"product_cat-doplnkystravy2025","8":"product_tag-doplnky-stravy","9":"product_tag-klidny-spanek","10":"product_tag-kvalitni-odpocinek","11":"product_tag-regenerace","12":"product_tag-relaxace","13":"product_tag-spanek","14":"product_tag-usinani","15":"product_tag-uvolneni","16":"product_tag-zdravi","18":"first","19":"instock","20":"sale","21":"taxable","22":"shipping-taxable","23":"purchasable","24":"product-type-variable"},"jetpack_sharing_enabled":true,"_links":{"self":[{"href":"https:\/\/etev7e.pef.czu.cz\/zs2223\/wp-json\/wp\/v2\/product\/7292","targetHints":{"allow":["GET"]}}],"collection":[{"href":"https:\/\/etev7e.pef.czu.cz\/zs2223\/wp-json\/wp\/v2\/product"}],"about":[{"href":"https:\/\/etev7e.pef.czu.cz\/zs2223\/wp-json\/wp\/v2\/types\/product"}],"replies":[{"embeddable":true,"href":"https:\/\/etev7e.pef.czu.cz\/zs2223\/wp-json\/wp\/v2\/comments?post=7292"}],"wp:featuredmedia":[{"embeddable":true,"href":"https:\/\/etev7e.pef.czu.cz\/zs2223\/wp-json\/wp\/v2\/media\/7303"}],"wp:attachment":[{"href":"https:\/\/etev7e.pef.czu.cz\/zs2223\/wp-json\/wp\/v2\/media?parent=7292"}],"wp:term":[{"taxonomy":"product_brand","embeddable":true,"href":"https:\/\/etev7e.pef.czu.cz\/zs2223\/wp-json\/wp\/v2\/product_brand?post=7292"},{"taxonomy":"product_cat","embeddable":true,"href":"https:\/\/etev7e.pef.czu.cz\/zs2223\/wp-json\/wp\/v2\/product_cat?post=7292"},{"taxonomy":"product_tag","embeddable":true,"href":"https:\/\/etev7e.pef.czu.cz\/zs2223\/wp-json\/wp\/v2\/product_tag?post=7292"}],"curies":[{"name":"wp","href":"https:\/\/api.w.org\/{rel}","templated":true}]}}