{"id":7293,"date":"2025-11-06T15:50:16","date_gmt":"2025-11-06T14:50:16","guid":{"rendered":"https:\/\/etev7e.pef.czu.cz\/zs2223\/?post_type=product&#038;p=7293"},"modified":"2025-11-06T15:58:39","modified_gmt":"2025-11-06T14:58:39","slug":"biogena-majestic-ovocny-caj-goji-limetka","status":"publish","type":"product","link":"https:\/\/etev7e.pef.czu.cz\/zs2223\/produkt\/biogena-majestic-ovocny-caj-goji-limetka\/","title":{"rendered":"Biogena Majestic Ovocn\u00fd \u010daj Goji &amp; Limetka"},"content":{"rendered":"<p>Exkluzivn\u00ed \u010daj z pr\u00e9miov\u00e9 \u0159ady Biogena Majestic v sob\u011b spojuje vitalitu kustovnice \u010d\u00ednsk\u00e9 (goji) a osv\u011b\u017euj\u00edc\u00ed energii limetky. Goji je cen\u011bna pro sv\u00e9 antioxida\u010dn\u00ed \u00fa\u010dinky, podporu imunity a celkovou vitalitu organismu, zat\u00edmco limetka dod\u00e1v\u00e1 n\u00e1poji p\u0159\u00edjemn\u011b nakyslou sv\u011b\u017eest a p\u0159isp\u00edv\u00e1 k pocitu lehkosti a \u010distoty. V\u00fdsledkem je harmonick\u00e1 kombinace, kter\u00e1 p\u0159ekvap\u00ed medov\u011b tmavou barvou, jemnou citrusovou v\u016fn\u00ed a vyv\u00e1\u017eenou chut\u00ed \u2013 slad\u0161\u00ed ovocn\u00e9 t\u00f3ny s n\u00e1dechem l\u00e9ko\u0159ice se snoub\u00ed s jisk\u0159ivou kyselost\u00ed limetky. Ka\u017ed\u00e9 balen\u00ed obsahuje 20 \u010dajov\u00fdch s\u00e1\u010dk\u016f a nab\u00edz\u00ed tak ide\u00e1ln\u00ed cestu, jak si kdykoliv b\u011bhem dne dop\u0159\u00e1t \u0161\u00e1lek povzbuzuj\u00edc\u00edho \u010daje pln\u00e9ho s\u00edly p\u0159\u00edrody.<\/p>\n","protected":false},"excerpt":{"rendered":"<p>\u010caj zaujme sv\u011b\u017e\u00ed barvou a v\u016fn\u00ed, kter\u00e1 propojuje exotick\u00e9 plody goji s osv\u011b\u017euj\u00edc\u00ed kyselost\u00ed limetky.<\/p>\n","protected":false},"featured_media":7294,"comment_status":"open","ping_status":"closed","template":"","meta":[],"product_brand":[2074,2075],"product_cat":[814],"product_tag":[2077,2076,2078],"class_list":{"0":"post-7293","1":"product","2":"type-product","3":"status-publish","4":"has-post-thumbnail","6":"product_brand-biogena","7":"product_brand-majestic","8":"product_cat-caje","9":"product_tag-aromatizovane-caje","10":"product_tag-ovocne-caje","11":"product_tag-porcovane-caje","13":"first","14":"instock","15":"sale","16":"taxable","17":"shipping-taxable","18":"purchasable","19":"product-type-simple"},"jetpack_sharing_enabled":true,"_links":{"self":[{"href":"https:\/\/etev7e.pef.czu.cz\/zs2223\/wp-json\/wp\/v2\/product\/7293","targetHints":{"allow":["GET"]}}],"collection":[{"href":"https:\/\/etev7e.pef.czu.cz\/zs2223\/wp-json\/wp\/v2\/product"}],"about":[{"href":"https:\/\/etev7e.pef.czu.cz\/zs2223\/wp-json\/wp\/v2\/types\/product"}],"replies":[{"embeddable":true,"href":"https:\/\/etev7e.pef.czu.cz\/zs2223\/wp-json\/wp\/v2\/comments?post=7293"}],"wp:featuredmedia":[{"embeddable":true,"href":"https:\/\/etev7e.pef.czu.cz\/zs2223\/wp-json\/wp\/v2\/media\/7294"}],"wp:attachment":[{"href":"https:\/\/etev7e.pef.czu.cz\/zs2223\/wp-json\/wp\/v2\/media?parent=7293"}],"wp:term":[{"taxonomy":"product_brand","embeddable":true,"href":"https:\/\/etev7e.pef.czu.cz\/zs2223\/wp-json\/wp\/v2\/product_brand?post=7293"},{"taxonomy":"product_cat","embeddable":true,"href":"https:\/\/etev7e.pef.czu.cz\/zs2223\/wp-json\/wp\/v2\/product_cat?post=7293"},{"taxonomy":"product_tag","embeddable":true,"href":"https:\/\/etev7e.pef.czu.cz\/zs2223\/wp-json\/wp\/v2\/product_tag?post=7293"}],"curies":[{"name":"wp","href":"https:\/\/api.w.org\/{rel}","templated":true}]}}