{"id":7295,"date":"2025-11-06T15:52:12","date_gmt":"2025-11-06T14:52:12","guid":{"rendered":"https:\/\/etev7e.pef.czu.cz\/zs2223\/?post_type=product&#038;p=7295"},"modified":"2025-11-06T15:59:02","modified_gmt":"2025-11-06T14:59:02","slug":"biogena-majestic-ovocny-caj-hruska-yerba-mate","status":"publish","type":"product","link":"https:\/\/etev7e.pef.czu.cz\/zs2223\/produkt\/biogena-majestic-ovocny-caj-hruska-yerba-mate\/","title":{"rendered":"Biogena Majestic Ovocn\u00fd \u010daj Hru\u0161ka &amp; Yerba Mat\u00e9"},"content":{"rendered":"<p>Tento \u010daj Biogena Majestic V\u00e1s p\u0159ekvap\u00ed svou harmonickou chut\u00ed, ve kter\u00e9 se sladk\u00e1 hru\u0161ka snoub\u00ed s povzbuzuj\u00edc\u00ed silou jihoamerick\u00e9 yerby. N\u00e1lev sl\u00e1mov\u00e9 barvy je lehce zakalen\u00fd, co\u017e jen podtrhuje jeho p\u0159\u00edrodn\u00ed p\u016fvod. V\u016fn\u011b hru\u0161ky pohlad\u00ed smysly, zat\u00edmco yerba mat\u00e9 dod\u00e1 t\u011blu s\u00edlu, vitalitu a pot\u0159ebnou d\u00e1vku energie. Yerba mat\u00e9 je po stalet\u00ed cen\u011bna pro sv\u00e9 jedine\u010dn\u00e9 \u00fa\u010dinky \u2013 obsahuje kombinaci p\u0159\u00edrodn\u00edch stimulant\u016f (kofein, theobromin a theofylin), kter\u00e1 napom\u00e1h\u00e1 koncentraci, zlep\u0161uje n\u00e1ladu a p\u0159in\u00e1\u0161\u00ed dlouhotrvaj\u00edc\u00ed pocit sv\u011b\u017eesti. Hru\u0161ka zase do sm\u011bsi vn\u00e1\u0161\u00ed jemnost, sladkost a p\u0159irozenou rovnov\u00e1hu. Je bohat\u00e1 na miner\u00e1ly, jako jsou drasl\u00edk, ho\u0159\u010d\u00edk \u010di \u017eelezo. Biogena Majestic Tea Hru\u0161ka &amp; Yerba Mat\u00e9 je ide\u00e1ln\u00ed volbou pro ty, kdo hledaj\u00ed p\u0159\u00edrodn\u00ed energii, harmonii chut\u00ed a chu\u0165ov\u00fd z\u00e1\u017eitek, kter\u00fd inspiruje.<\/p>\n","protected":false},"excerpt":{"rendered":"<p>\u010caj m\u00e1 sv\u011btle jantarovou barvu, von\u00ed po \u0161\u0165avnat\u00e9 hru\u0161ce a p\u0159ekvap\u00ed energizuj\u00edc\u00ed chut\u00ed yerba mat\u00e9.<\/p>\n","protected":false},"featured_media":7296,"comment_status":"open","ping_status":"closed","template":"","meta":[],"product_brand":[2074,2075],"product_cat":[814],"product_tag":[2077,2076,2078],"class_list":{"0":"post-7295","1":"product","2":"type-product","3":"status-publish","4":"has-post-thumbnail","6":"product_brand-biogena","7":"product_brand-majestic","8":"product_cat-caje","9":"product_tag-aromatizovane-caje","10":"product_tag-ovocne-caje","11":"product_tag-porcovane-caje","13":"first","14":"instock","15":"sale","16":"taxable","17":"shipping-taxable","18":"purchasable","19":"product-type-simple"},"jetpack_sharing_enabled":true,"_links":{"self":[{"href":"https:\/\/etev7e.pef.czu.cz\/zs2223\/wp-json\/wp\/v2\/product\/7295","targetHints":{"allow":["GET"]}}],"collection":[{"href":"https:\/\/etev7e.pef.czu.cz\/zs2223\/wp-json\/wp\/v2\/product"}],"about":[{"href":"https:\/\/etev7e.pef.czu.cz\/zs2223\/wp-json\/wp\/v2\/types\/product"}],"replies":[{"embeddable":true,"href":"https:\/\/etev7e.pef.czu.cz\/zs2223\/wp-json\/wp\/v2\/comments?post=7295"}],"wp:featuredmedia":[{"embeddable":true,"href":"https:\/\/etev7e.pef.czu.cz\/zs2223\/wp-json\/wp\/v2\/media\/7296"}],"wp:attachment":[{"href":"https:\/\/etev7e.pef.czu.cz\/zs2223\/wp-json\/wp\/v2\/media?parent=7295"}],"wp:term":[{"taxonomy":"product_brand","embeddable":true,"href":"https:\/\/etev7e.pef.czu.cz\/zs2223\/wp-json\/wp\/v2\/product_brand?post=7295"},{"taxonomy":"product_cat","embeddable":true,"href":"https:\/\/etev7e.pef.czu.cz\/zs2223\/wp-json\/wp\/v2\/product_cat?post=7295"},{"taxonomy":"product_tag","embeddable":true,"href":"https:\/\/etev7e.pef.czu.cz\/zs2223\/wp-json\/wp\/v2\/product_tag?post=7295"}],"curies":[{"name":"wp","href":"https:\/\/api.w.org\/{rel}","templated":true}]}}