{"id":7297,"date":"2025-11-06T15:54:57","date_gmt":"2025-11-06T14:54:57","guid":{"rendered":"https:\/\/etev7e.pef.czu.cz\/zs2223\/?post_type=product&#038;p=7297"},"modified":"2025-11-06T15:59:15","modified_gmt":"2025-11-06T14:59:15","slug":"biogena-majestic-ovocny-caj-aloe-vera-ostruzina","status":"publish","type":"product","link":"https:\/\/etev7e.pef.czu.cz\/zs2223\/produkt\/biogena-majestic-ovocny-caj-aloe-vera-ostruzina\/","title":{"rendered":"Biogena Majestic Ovocn\u00fd \u010daj Aloe Vera &amp; Ostru\u017eina"},"content":{"rendered":"<p>Nechte se okouzlit kontrastem \u0161\u0165avnat\u00e9 ostru\u017einy a jemn\u011b sv\u011b\u017e\u00ed aloe vera. Tento \u010daj v sob\u011b ukr\u00fdv\u00e1 dotek divok\u00e9 p\u0159\u00edrody \u2013 temn\u011b rud\u00fd n\u00e1lev se nese v ovocn\u011b bylinn\u00e9m duchu, kde sladkokysel\u00e1 chu\u0165 ostru\u017ein osv\u011b\u017euje a aloe vera dod\u00e1v\u00e1 p\u0159\u00edjemnou lehkost a pocit \u010distoty. Ostru\u017eina je zn\u00e1m\u00e1 pro sv\u016fj vysok\u00fd obsah antioxidant\u016f, kter\u00e9 podporuj\u00ed vitalitu a p\u0159irozenou obranyschopnost, zat\u00edmco aloe vera p\u0159in\u00e1\u0161\u00ed t\u011blu harmonii, vnit\u0159n\u00ed zklidn\u011bn\u00ed a jemnou regeneraci. Spole\u010dn\u011b vytv\u00e1\u0159ej\u00ed neoby\u010dejn\u011b vyv\u00e1\u017eenou kombinaci, kter\u00e1 pot\u011b\u0161\u00ed smysly a zanech\u00e1 p\u0159\u00edjemn\u00fd pocit sv\u011b\u017eesti. Ka\u017ed\u00e9 balen\u00ed obsahuje 20 \u010dajov\u00fdch s\u00e1\u010dk\u016f \u2013 ide\u00e1ln\u00ed pro chv\u00edle, kdy pot\u0159ebujete zastavit \u010das a vychutnat si \u0161\u00e1lek \u010dist\u00e9 p\u0159\u00edrodn\u00ed energie.<\/p>\n","protected":false},"excerpt":{"rendered":"<p>\u010caj se vyzna\u010duje jemn\u011b fialov\u00fdm t\u00f3nem, von\u00ed po sladk\u00fdch ostru\u017ein\u00e1ch a zaujme harmonickou chut\u00ed s dotekem aloe vera.<\/p>\n","protected":false},"featured_media":7298,"comment_status":"open","ping_status":"closed","template":"","meta":[],"product_brand":[2074,2075],"product_cat":[814],"product_tag":[2077,2076,2078],"class_list":{"0":"post-7297","1":"product","2":"type-product","3":"status-publish","4":"has-post-thumbnail","6":"product_brand-biogena","7":"product_brand-majestic","8":"product_cat-caje","9":"product_tag-aromatizovane-caje","10":"product_tag-ovocne-caje","11":"product_tag-porcovane-caje","13":"first","14":"instock","15":"sale","16":"taxable","17":"shipping-taxable","18":"purchasable","19":"product-type-simple"},"jetpack_sharing_enabled":true,"_links":{"self":[{"href":"https:\/\/etev7e.pef.czu.cz\/zs2223\/wp-json\/wp\/v2\/product\/7297","targetHints":{"allow":["GET"]}}],"collection":[{"href":"https:\/\/etev7e.pef.czu.cz\/zs2223\/wp-json\/wp\/v2\/product"}],"about":[{"href":"https:\/\/etev7e.pef.czu.cz\/zs2223\/wp-json\/wp\/v2\/types\/product"}],"replies":[{"embeddable":true,"href":"https:\/\/etev7e.pef.czu.cz\/zs2223\/wp-json\/wp\/v2\/comments?post=7297"}],"wp:featuredmedia":[{"embeddable":true,"href":"https:\/\/etev7e.pef.czu.cz\/zs2223\/wp-json\/wp\/v2\/media\/7298"}],"wp:attachment":[{"href":"https:\/\/etev7e.pef.czu.cz\/zs2223\/wp-json\/wp\/v2\/media?parent=7297"}],"wp:term":[{"taxonomy":"product_brand","embeddable":true,"href":"https:\/\/etev7e.pef.czu.cz\/zs2223\/wp-json\/wp\/v2\/product_brand?post=7297"},{"taxonomy":"product_cat","embeddable":true,"href":"https:\/\/etev7e.pef.czu.cz\/zs2223\/wp-json\/wp\/v2\/product_cat?post=7297"},{"taxonomy":"product_tag","embeddable":true,"href":"https:\/\/etev7e.pef.czu.cz\/zs2223\/wp-json\/wp\/v2\/product_tag?post=7297"}],"curies":[{"name":"wp","href":"https:\/\/api.w.org\/{rel}","templated":true}]}}