{"id":7307,"date":"2025-11-06T18:40:46","date_gmt":"2025-11-06T17:40:46","guid":{"rendered":"https:\/\/etev7e.pef.czu.cz\/zs2223\/?post_type=product&#038;p=7307"},"modified":"2025-11-09T18:43:24","modified_gmt":"2025-11-09T17:43:24","slug":"svicka-woodwick-renew-collection-ginger-tumeric","status":"publish","type":"product","link":"https:\/\/etev7e.pef.czu.cz\/zs2223\/produkt\/svicka-woodwick-renew-collection-ginger-tumeric\/","title":{"rendered":"Sv\u00ed\u010dka WoodWick ReNew Collection &#8211; Ginger &amp; Tumeric"},"content":{"rendered":"<p>Vonn\u00e1 sv\u00ed\u010dka\u00a0<strong>WoodWick ReNew Ginger &amp; Tumeric (368 g)<\/strong>\u00a0p\u0159in\u00e1\u0161\u00ed jedine\u010dn\u00e9 spojen\u00ed sv\u011b\u017e\u00edho z\u00e1zvoru a h\u0159ejiv\u00e9 kurkumy, kter\u00e9 spole\u010dn\u011b vytv\u00e1\u0159ej\u00ed klidnou a p\u0159itom povzbuzuj\u00edc\u00ed v\u016fni \u2013 ide\u00e1ln\u00ed pro zimn\u00ed ve\u010dery pln\u00e9 sv\u011btel, tepla a pohody. D\u0159ev\u011bn\u00fd knot p\u0159i ho\u0159en\u00ed jemn\u011b prask\u00e1, \u010d\u00edm\u017e evokuje praskaj\u00edc\u00ed d\u0159evo v krbu a navozuje pocit opravdov\u00e9ho domova. Sv\u00ed\u010dka je sou\u010d\u00e1st\u00ed ekologick\u00e9 kolekce\u00a0<strong>ReNew<\/strong>, vyroben\u00e9 z p\u0159\u00edrodn\u00edch, udr\u017eiteln\u00fdch ingredienc\u00ed a recyklovateln\u00fdch materi\u00e1l\u016f. D\u00edky sv\u00e9mu minimalistick\u00e9mu designu a elegantn\u00edmu t\u00f3nu se stane nejen kr\u00e1snou dekorac\u00ed, ale i skv\u011bl\u00fdm d\u00e1rkem pod v\u00e1no\u010dn\u00ed strome\u010dek. Dop\u0159ejte sob\u011b nebo sv\u00fdm bl\u00edzk\u00fdm chv\u00edle klidu, tepla a v\u016fn\u011b, kter\u00e1 zt\u011bles\u0148uje jemnou s\u00edlu p\u0159\u00edrody i kouzlo V\u00e1noc.<\/p>\n<p><strong>Vosk:<\/strong>\u00a0Vysoce kvalitn\u00ed paraf\u00edn a s\u00f3jov\u00e9 vosky jsou sm\u00edch\u00e1ny s vysoce koncentrovan\u00fdmi vonn\u00fdmi l\u00e1tkami a vytv\u00e1\u0159ej\u00ed kr\u00e1sn\u00fd plamen bez nep\u0159\u00edjemn\u00fdch zbytk\u016f.<br \/>\n<strong>V\u016fn\u011b:<\/strong>\u00a0Pe\u010dliv\u011b vybr\u00e1na a testov\u00e1na, aby sv\u00ed\u010dka naplnila m\u00edstnost svou dlouhotrvaj\u00edc\u00ed v\u016fn\u00ed.<br \/>\n<strong id=\"yui_3_18_1_1_1762710176115_628\">Slo\u017een\u00ed v\u016fn\u011b:<\/strong><span id=\"yui_3_18_1_1_1762710176115_629\">\u00a0<span id=\"yui_3_18_1_1_1762710176115_632\">z\u00e1zvor<\/span>,\u00a0<span id=\"yui_3_18_1_1_1762710176115_633\">pep\u0159<\/span>\u00a0z Nep\u00e1lu s t\u00f3ny\u00a0<span id=\"yui_3_18_1_1_1762710176115_634\">kurkumy<\/span>\u00a0a pomeran\u010de<\/span><br \/>\n<strong>N\u00e1doba:<\/strong> Roz\u0161\u00ed\u0159en\u00fd design vytv\u00e1\u0159\u00ed v\u011bt\u0161\u00ed otvor pro pln\u011b roztaven\u00fd vosk a vytv\u00e1\u0159\u00ed tak konzistentn\u011bj\u0161\u00ed z\u00e1\u017eitek z v\u016fn\u011b. V\u00ed\u010dko s efektem d\u0159eva je sou\u010d\u00e1st\u00ed balen\u00ed.<br \/>\n<strong>Knot:\u00a0<\/strong>Pluswick\u00ae Innovation, n\u00e1\u0161 exkluzivn\u00ed patentovan\u00fd d\u0159ev\u011bn\u00fd knot, vytv\u00e1\u0159\u00ed zvuk praskaj\u00edc\u00edho ohn\u011b. Knoty jsou ru\u010dn\u011b vyr\u00e1b\u011bny pro ka\u017edou sv\u00ed\u010dku a vytv\u00e1\u0159ej\u00ed tak velkorys\u00fd vosk s rychl\u00fdm uvol\u0148ov\u00e1n\u00edm v\u016fn\u011b.<\/p>\n","protected":false},"excerpt":{"rendered":"<p>Objevte harmonii klidu a tepla s v\u016fn\u00ed\u00a0<b>Ginger &amp; Tumeric<\/b>\u00a0z kolekce Woodwick ReNew. Jemn\u00e9 t\u00f3ny z\u00e1zvoru a kurkumy se prol\u00ednaj\u00ed s kr\u00e9mov\u00fdm podt\u00f3nem d\u0159eva a ko\u0159en\u00ed, kter\u00e9 vytv\u00e1\u0159ej\u00ed \u00fatulnou atmosf\u00e9ru zimn\u00edho domova. Elegantn\u00ed sv\u00ed\u010dka, jej\u00ed\u017e plamen i praskaj\u00edc\u00ed knot zah\u0159ej\u00ed du\u0161i.<\/p>\n","protected":false},"featured_media":7309,"comment_status":"open","ping_status":"closed","template":"","meta":[],"product_brand":[2030],"product_cat":[2031],"product_tag":[997,1649,466,752,317,2245],"class_list":{"0":"post-7307","1":"product","2":"type-product","3":"status-publish","4":"has-post-thumbnail","6":"product_brand-woodwick","7":"product_cat-vonne-svicky-woodwick","8":"product_tag-drogerie","9":"product_tag-sladka-vune","10":"product_tag-svicka","11":"product_tag-vonne-svicky","12":"product_tag-vune","13":"product_tag-zazvor","15":"first","16":"instock","17":"sale","18":"taxable","19":"shipping-taxable","20":"purchasable","21":"product-type-simple"},"jetpack_sharing_enabled":true,"_links":{"self":[{"href":"https:\/\/etev7e.pef.czu.cz\/zs2223\/wp-json\/wp\/v2\/product\/7307","targetHints":{"allow":["GET"]}}],"collection":[{"href":"https:\/\/etev7e.pef.czu.cz\/zs2223\/wp-json\/wp\/v2\/product"}],"about":[{"href":"https:\/\/etev7e.pef.czu.cz\/zs2223\/wp-json\/wp\/v2\/types\/product"}],"replies":[{"embeddable":true,"href":"https:\/\/etev7e.pef.czu.cz\/zs2223\/wp-json\/wp\/v2\/comments?post=7307"}],"wp:featuredmedia":[{"embeddable":true,"href":"https:\/\/etev7e.pef.czu.cz\/zs2223\/wp-json\/wp\/v2\/media\/7309"}],"wp:attachment":[{"href":"https:\/\/etev7e.pef.czu.cz\/zs2223\/wp-json\/wp\/v2\/media?parent=7307"}],"wp:term":[{"taxonomy":"product_brand","embeddable":true,"href":"https:\/\/etev7e.pef.czu.cz\/zs2223\/wp-json\/wp\/v2\/product_brand?post=7307"},{"taxonomy":"product_cat","embeddable":true,"href":"https:\/\/etev7e.pef.czu.cz\/zs2223\/wp-json\/wp\/v2\/product_cat?post=7307"},{"taxonomy":"product_tag","embeddable":true,"href":"https:\/\/etev7e.pef.czu.cz\/zs2223\/wp-json\/wp\/v2\/product_tag?post=7307"}],"curies":[{"name":"wp","href":"https:\/\/api.w.org\/{rel}","templated":true}]}}