{"id":7312,"date":"2025-11-06T19:34:55","date_gmt":"2025-11-06T18:34:55","guid":{"rendered":"https:\/\/etev7e.pef.czu.cz\/zs2223\/?post_type=product&#038;p=7312"},"modified":"2025-11-10T23:50:42","modified_gmt":"2025-11-10T22:50:42","slug":"star-wars-jedi-starfighter-cerveno%e2%80%91bila-varianta","status":"publish","type":"product","link":"https:\/\/etev7e.pef.czu.cz\/zs2223\/produkt\/star-wars-jedi-starfighter-cerveno%e2%80%91bila-varianta\/","title":{"rendered":"Star Wars &#8211; Jedi Starfighter (\u010derveno\u2011b\u00edl\u00e1 varianta)"},"content":{"rendered":"<p><span id=\"body_lblProduct\">Stavebnice LEGOStar Wars &#8211; Jedi Starfighter <\/span>Obi-Wan Kenobiho t\u011b pot\u011b\u0161\u00ed autentick\u00fdm zpracov\u00e1n\u00edm podle filmu Star Wars: Klony \u00fato\u010d\u00ed.<\/p>\n<p>P\u0159ehraj si sc\u00e9ny z filmu, kter\u00e9 t\u011b zavedou a\u017e na planetu Kamino. LEGO st\u00edha\u010dka Obi-Wan Kenobiho je vybavena otev\u00edrac\u00edm kokpitem pro minifigurku, 2 vyst\u0159elova\u010di, zatahovac\u00edm podvozkem, dr\u017e\u00e1ky na sv\u011bteln\u00e9 me\u010de a bodem pro p\u0159ipevn\u011bn\u00ed hlavy droida R4-P17 na k\u0159\u00eddle.<\/p>\n<p>Sou\u010d\u00e1st\u00ed je krom\u011b minifigurky Obi-Wan Kenobiho tak\u00e9 \u00fapln\u011b nov\u00e1 minifigurka obyvatelky planety Kamino Taun We.<\/p>\n","protected":false},"excerpt":{"rendered":"<p>Jedn\u00e1 se o model jedisk\u00e9 st\u00edha\u010dky z kultovn\u00ed s\u00e9rie Star Wars.\u00a0\u00a0St\u00edha\u010dka m\u00e1 otev\u00edrateln\u00fd pr\u016fhledn\u00fd kokpit pro minifigurku pilota, postrann\u00ed prostor pro droida um\u00edst\u011bn\u00ed do trupu a dva funk\u010dn\u00ed vyst\u0159elova\u010de typu \u201estud shooter\u201c na k\u0159\u00eddlech. Nab\u00edz\u00ed tak\u00e9 dal\u0161\u00ed z\u00e1bavn\u00e9 prvky, se kter\u00fdmi si u\u017eij\u00ed z\u00e1bavu v\u0161echny v\u011bkov\u00e9 skupiny.<\/p>\n","protected":false},"featured_media":7315,"comment_status":"open","ping_status":"closed","template":"","meta":[],"product_brand":[],"product_cat":[2061],"product_tag":[2089,1247,2088,550],"class_list":{"0":"post-7312","1":"product","2":"type-product","3":"status-publish","4":"has-post-thumbnail","6":"product_cat-lego-stavebnice-2025","7":"product_tag-jedi","8":"product_tag-lego","9":"product_tag-starwars","10":"product_tag-stavebnice","12":"first","13":"instock","14":"sale","15":"taxable","16":"shipping-taxable","17":"purchasable","18":"product-type-simple"},"jetpack_sharing_enabled":true,"_links":{"self":[{"href":"https:\/\/etev7e.pef.czu.cz\/zs2223\/wp-json\/wp\/v2\/product\/7312","targetHints":{"allow":["GET"]}}],"collection":[{"href":"https:\/\/etev7e.pef.czu.cz\/zs2223\/wp-json\/wp\/v2\/product"}],"about":[{"href":"https:\/\/etev7e.pef.czu.cz\/zs2223\/wp-json\/wp\/v2\/types\/product"}],"replies":[{"embeddable":true,"href":"https:\/\/etev7e.pef.czu.cz\/zs2223\/wp-json\/wp\/v2\/comments?post=7312"}],"wp:featuredmedia":[{"embeddable":true,"href":"https:\/\/etev7e.pef.czu.cz\/zs2223\/wp-json\/wp\/v2\/media\/7315"}],"wp:attachment":[{"href":"https:\/\/etev7e.pef.czu.cz\/zs2223\/wp-json\/wp\/v2\/media?parent=7312"}],"wp:term":[{"taxonomy":"product_brand","embeddable":true,"href":"https:\/\/etev7e.pef.czu.cz\/zs2223\/wp-json\/wp\/v2\/product_brand?post=7312"},{"taxonomy":"product_cat","embeddable":true,"href":"https:\/\/etev7e.pef.czu.cz\/zs2223\/wp-json\/wp\/v2\/product_cat?post=7312"},{"taxonomy":"product_tag","embeddable":true,"href":"https:\/\/etev7e.pef.czu.cz\/zs2223\/wp-json\/wp\/v2\/product_tag?post=7312"}],"curies":[{"name":"wp","href":"https:\/\/api.w.org\/{rel}","templated":true}]}}