{"id":7317,"date":"2025-11-06T21:12:17","date_gmt":"2025-11-06T20:12:17","guid":{"rendered":"https:\/\/etev7e.pef.czu.cz\/zs2223\/?post_type=product&#038;p=7317"},"modified":"2025-11-06T21:13:51","modified_gmt":"2025-11-06T20:13:51","slug":"svicka-woodwick-cinnamon-chai","status":"publish","type":"product","link":"https:\/\/etev7e.pef.czu.cz\/zs2223\/produkt\/svicka-woodwick-cinnamon-chai\/","title":{"rendered":"Sv\u00ed\u010dka WoodWick &#8211; Cinnamon Chai"},"content":{"rendered":"<p>Vonn\u00e1 sv\u00ed\u010dka\u00a0<strong>WoodWick Cinnamon Chai (275 g)<\/strong>\u00a0je zt\u011blesn\u011bn\u00edm v\u00e1no\u010dn\u00ed pohody \u2013 h\u0159ejiv\u00e1 kombinace sko\u0159ice, \u010derstv\u011b namlet\u00e9ho kardamomu a jemn\u00e9 vanilky navod\u00ed atmosf\u00e9ru \u00fatuln\u00e9ho zimn\u00edho ve\u010dera. D\u0159ev\u011bn\u00fd knot vytv\u00e1\u0159\u00ed jemn\u00fd praskaj\u00edc\u00ed zvuk p\u0159ipom\u00ednaj\u00edc\u00ed ohe\u0148 v krbu, tak\u017ee se r\u00e1zem ocitnete v srdci sv\u00e1te\u010dn\u00edho klidu. Sv\u00ed\u010dka je vyrobena z pr\u00e9miov\u00e9ho vosku pro rovnom\u011brn\u00e9 ho\u0159en\u00ed a dlouhou v\u00fddr\u017e, kter\u00e1 v\u00e1m zajist\u00ed hodiny provon\u011bn\u00e9 relaxace. Elegantn\u00ed sklen\u011bn\u00e1 n\u00e1doba s d\u0159ev\u011bn\u00fdm v\u00ed\u010dkem kr\u00e1sn\u011b zapadne do ka\u017ed\u00e9ho interi\u00e9ru a p\u016fsob\u00ed jako stylov\u00fd dopln\u011bk. D\u00edky sv\u00e9mu luxusn\u00edmu vzhledu a okouzluj\u00edc\u00ed v\u016fni je\u00a0<strong>Cinnamon Chai<\/strong>\u00a0perfektn\u00edm d\u00e1rkem pod strome\u010dek \u2013 pro ty, kte\u0159\u00ed miluj\u00ed teplo domova, sv\u00e1te\u010dn\u00ed v\u016fn\u011b a chv\u00edle klidu p\u0159i sv\u011btle sv\u00ed\u010dek.<\/p>\n<p><strong>Vosk:<\/strong>\u00a0Rostlinn\u00e1 sm\u011bs s\u00f3jov\u00e9ho a kokosov\u00e9ho vosku, bez barviv.<\/p>\n<p><strong>V\u016fn\u011b:<\/strong> Pe\u010dliv\u011b vyrobeno a testov\u00e1no, aby sv\u00ed\u010dka naplnila m\u00edstnost svou dlouhotrvaj\u00edc\u00ed v\u016fn\u00ed.<\/p>\n<p><strong>Knot:<\/strong>\u00a0D\u0159ev\u011bn\u00fd knot je speci\u00e1ln\u011b vyroben pro jemn\u011bj\u0161\u00ed, lehk\u00fd praskav\u00fd zvuk.<\/p>\n","protected":false},"excerpt":{"rendered":"<p>Nechte se un\u00e9st h\u0159ejivou v\u016fn\u00ed zimn\u00edch ve\u010der\u016f.\u00a0<strong>WoodWick Cinnamon Chai<\/strong>\u00a0v sob\u011b spojuje sladk\u00e9 aroma sko\u0159ice, vanilky a h\u0159eb\u00ed\u010dku, kter\u00e9 napln\u00ed v\u00e1\u0161 domov kouzlem V\u00e1noc. Elegantn\u00ed sv\u00ed\u010dka s praskaj\u00edc\u00edm d\u0159ev\u011bn\u00fdm knotem prom\u011bn\u00ed ka\u017ed\u00fd okam\u017eik v klidnou, \u00fatulnou chvilku.<\/p>\n","protected":false},"featured_media":7320,"comment_status":"open","ping_status":"closed","template":"","meta":[],"product_brand":[2030],"product_cat":[2031],"product_tag":[997,470,466,752,317],"class_list":{"0":"post-7317","1":"product","2":"type-product","3":"status-publish","4":"has-post-thumbnail","6":"product_brand-woodwick","7":"product_cat-vonne-svicky-woodwick","8":"product_tag-drogerie","9":"product_tag-skorice","10":"product_tag-svicka","11":"product_tag-vonne-svicky","12":"product_tag-vune","14":"first","15":"instock","16":"sale","17":"taxable","18":"shipping-taxable","19":"purchasable","20":"product-type-simple"},"jetpack_sharing_enabled":true,"_links":{"self":[{"href":"https:\/\/etev7e.pef.czu.cz\/zs2223\/wp-json\/wp\/v2\/product\/7317","targetHints":{"allow":["GET"]}}],"collection":[{"href":"https:\/\/etev7e.pef.czu.cz\/zs2223\/wp-json\/wp\/v2\/product"}],"about":[{"href":"https:\/\/etev7e.pef.czu.cz\/zs2223\/wp-json\/wp\/v2\/types\/product"}],"replies":[{"embeddable":true,"href":"https:\/\/etev7e.pef.czu.cz\/zs2223\/wp-json\/wp\/v2\/comments?post=7317"}],"wp:featuredmedia":[{"embeddable":true,"href":"https:\/\/etev7e.pef.czu.cz\/zs2223\/wp-json\/wp\/v2\/media\/7320"}],"wp:attachment":[{"href":"https:\/\/etev7e.pef.czu.cz\/zs2223\/wp-json\/wp\/v2\/media?parent=7317"}],"wp:term":[{"taxonomy":"product_brand","embeddable":true,"href":"https:\/\/etev7e.pef.czu.cz\/zs2223\/wp-json\/wp\/v2\/product_brand?post=7317"},{"taxonomy":"product_cat","embeddable":true,"href":"https:\/\/etev7e.pef.czu.cz\/zs2223\/wp-json\/wp\/v2\/product_cat?post=7317"},{"taxonomy":"product_tag","embeddable":true,"href":"https:\/\/etev7e.pef.czu.cz\/zs2223\/wp-json\/wp\/v2\/product_tag?post=7317"}],"curies":[{"name":"wp","href":"https:\/\/api.w.org\/{rel}","templated":true}]}}