{"id":7318,"date":"2025-11-09T16:53:21","date_gmt":"2025-11-09T15:53:21","guid":{"rendered":"https:\/\/etev7e.pef.czu.cz\/zs2223\/?post_type=product&#038;p=7318"},"modified":"2025-11-09T17:36:02","modified_gmt":"2025-11-09T16:36:02","slug":"clovece-nezlob-se-univerzitni-edice","status":"publish","type":"product","link":"https:\/\/etev7e.pef.czu.cz\/zs2223\/produkt\/clovece-nezlob-se-univerzitni-edice\/","title":{"rendered":"\u010clov\u011b\u010de, nezlob se! Univerzitn\u00ed edice &#8211; FIVE GAMES"},"content":{"rendered":"<p>Zapome\u0148te na nudn\u00e9 pole a dome\u010dky! St\u00e1v\u00e1te se Rektorem jedn\u00e9 z presti\u017en\u00edch univerzit v \u010cR (UK, \u010cZU, \u010cVUT, MUNI). Va\u0161\u00edm \u00fakolem je dostat ty nejtalentovan\u011bj\u0161\u00ed studenty do rektor\u00e1tu d\u0159\u00edve, ne\u017e to stihne konkurence. Jen ten, kdo to stihne nejd\u0159\u00edve, z\u00edsk\u00e1 akademick\u00fd titul!<\/p>\n","protected":false},"excerpt":{"rendered":"<p>Spole\u010densk\u00e1 deskov\u00e1 hra pro studenty, d\u011bti, rodiny i kamar\u00e1dy, kte\u0159\u00ed maj\u00ed r\u00e1di z\u00e1bavu a zdravou rivalitu. Pro d\u011bti od 6 let. Pro 2-4 hr\u00e1\u010de.<\/p>\n","protected":false},"featured_media":7323,"comment_status":"open","ping_status":"closed","template":"","meta":[],"product_brand":[2229],"product_cat":[2091],"product_tag":[681,305,301,903],"class_list":{"0":"post-7318","1":"product","2":"type-product","3":"status-publish","4":"has-post-thumbnail","6":"product_brand-five-games","7":"product_cat-deskove-hry-1","8":"product_tag-deskove-hry","9":"product_tag-hra","10":"product_tag-hry","11":"product_tag-zabava","13":"first","14":"instock","15":"taxable","16":"shipping-taxable","17":"purchasable","18":"product-type-simple"},"jetpack_sharing_enabled":true,"_links":{"self":[{"href":"https:\/\/etev7e.pef.czu.cz\/zs2223\/wp-json\/wp\/v2\/product\/7318","targetHints":{"allow":["GET"]}}],"collection":[{"href":"https:\/\/etev7e.pef.czu.cz\/zs2223\/wp-json\/wp\/v2\/product"}],"about":[{"href":"https:\/\/etev7e.pef.czu.cz\/zs2223\/wp-json\/wp\/v2\/types\/product"}],"replies":[{"embeddable":true,"href":"https:\/\/etev7e.pef.czu.cz\/zs2223\/wp-json\/wp\/v2\/comments?post=7318"}],"wp:featuredmedia":[{"embeddable":true,"href":"https:\/\/etev7e.pef.czu.cz\/zs2223\/wp-json\/wp\/v2\/media\/7323"}],"wp:attachment":[{"href":"https:\/\/etev7e.pef.czu.cz\/zs2223\/wp-json\/wp\/v2\/media?parent=7318"}],"wp:term":[{"taxonomy":"product_brand","embeddable":true,"href":"https:\/\/etev7e.pef.czu.cz\/zs2223\/wp-json\/wp\/v2\/product_brand?post=7318"},{"taxonomy":"product_cat","embeddable":true,"href":"https:\/\/etev7e.pef.czu.cz\/zs2223\/wp-json\/wp\/v2\/product_cat?post=7318"},{"taxonomy":"product_tag","embeddable":true,"href":"https:\/\/etev7e.pef.czu.cz\/zs2223\/wp-json\/wp\/v2\/product_tag?post=7318"}],"curies":[{"name":"wp","href":"https:\/\/api.w.org\/{rel}","templated":true}]}}