{"id":7324,"date":"2025-11-06T21:54:47","date_gmt":"2025-11-06T20:54:47","guid":{"rendered":"https:\/\/etev7e.pef.czu.cz\/zs2223\/?post_type=product&#038;p=7324"},"modified":"2025-11-06T21:54:47","modified_gmt":"2025-11-06T20:54:47","slug":"svicka-woodwick-pomegranate","status":"publish","type":"product","link":"https:\/\/etev7e.pef.czu.cz\/zs2223\/produkt\/svicka-woodwick-pomegranate\/","title":{"rendered":"Sv\u00ed\u010dka WoodWick &#8211; Pomegranate"},"content":{"rendered":"<p>Vonn\u00e1 sv\u00ed\u010dka\u00a0<strong>WoodWick Pomegranate (454 g)<\/strong>\u00a0v ikonick\u00e9m tvaru lodi je symbolem elegance a smyslnosti \u2013 dokonale propojuje sv\u011b\u017e\u00ed v\u016fni zral\u00e9ho gran\u00e1tov\u00e9ho jablka s jemn\u00fdmi akcenty \u010derven\u00e9ho ovoce a kv\u011btin. Ka\u017ed\u00e9 zap\u00e1len\u00ed t\u00e9to sv\u00ed\u010dky prom\u011bn\u00ed v\u00e1\u0161 domov v o\u00e1zu klidu a tepla, zat\u00edmco jej\u00ed\u00a0<strong>d\u0159ev\u011bn\u00fd knot<\/strong>\u00a0jemn\u011b prask\u00e1 a vytv\u00e1\u0159\u00ed \u00fatulnou atmosf\u00e9ru p\u0159ipom\u00ednaj\u00edc\u00ed praskaj\u00edc\u00ed ohe\u0148 v krbu. Pr\u00e9miov\u00fd vosk zaji\u0161\u0165uje\u00a0<strong>rovnom\u011brn\u00e9 ho\u0159en\u00ed a dlouhou v\u00fddr\u017e<\/strong>, tak\u017ee si m\u016f\u017eete vychutn\u00e1vat v\u016fni i sv\u011btlo po cel\u00e9 zimn\u00ed ve\u010dery. Elegantn\u00ed\u00a0<strong>design s d\u0159ev\u011bn\u00fdm v\u00ed\u010dkem<\/strong>\u00a0p\u016fsob\u00ed luxusn\u011b a skv\u011ble zapadne do ka\u017ed\u00e9ho interi\u00e9ru. Sv\u00ed\u010dka\u00a0<strong>Pomegranate<\/strong>\u00a0je perfektn\u00edm v\u00e1no\u010dn\u00edm d\u00e1rkem pro ty, kte\u0159\u00ed miluj\u00ed kvalitu, styl a v\u016fni, kter\u00e1 v sob\u011b nese radost, energii a kouzlo sv\u00e1te\u010dn\u00edch okam\u017eik\u016f.<\/p>\n<p><strong>Vosk:\u00a0<\/strong>Vysoce kvalitn\u00ed paraf\u00edn a s\u00f3jov\u00e9 vosky jsou sm\u00edch\u00e1ny s vysoce koncentrovan\u00fdmi vonn\u00fdmi l\u00e1tkami a vytv\u00e1\u0159ej\u00ed kr\u00e1sn\u00fd plamen bez nep\u0159\u00edjemn\u00fdch zbytk\u016f.<\/p>\n<p><strong>V\u016fn\u011b:\u00a0<\/strong>Pe\u010dliv\u011b vybr\u00e1na a testov\u00e1na, aby sv\u00ed\u010dka naplnila m\u00edstnost svou dlouhotrvaj\u00edc\u00ed v\u016fn\u00ed. Sladk\u00e1 v\u016fn\u011b.<\/p>\n<p id=\"yui_3_18_1_1_1762460826759_18\"><span id=\"yui_3_18_1_1_1762460826759_17\"><strong>Knot:<\/strong>\u00a0Pluswick\u00ae Innovation, n\u00e1\u0161 exkluzivn\u00ed patentovan\u00fd d\u0159ev\u011bn\u00fd knot, vytv\u00e1\u0159\u00ed zvuk praskaj\u00edc\u00edho ohn\u011b. Knoty jsou ru\u010dn\u011b vyr\u00e1b\u011bny pro ka\u017edou sv\u00ed\u010dku a vytv\u00e1\u0159ej\u00ed tak velkorys\u00fd vosk s rychl\u00fdm uvol\u0148ov\u00e1n\u00edm v\u016fn\u011b.<\/span><\/p>\n","protected":false},"excerpt":{"rendered":"<p>Nechte se okouzlit sv\u011b\u017e\u00ed eleganc\u00ed sv\u00ed\u010dky\u00a0<strong>WoodWick Pomegranate<\/strong>. \u0160\u0165avnat\u00e9 t\u00f3ny gran\u00e1tov\u00e9ho jablka se snoub\u00ed s jemnou sladkost\u00ed \u010derven\u00e9ho ovoce a h\u0159ejiv\u00fdm z\u00e1kladem, kter\u00fd do va\u0161eho domova vnese sv\u00e1te\u010dn\u00ed atmosf\u00e9ru a kouzlo V\u00e1noc. D\u0159ev\u011bn\u00fd knot praskaj\u00edc\u00ed jako krb dod\u00e1 ka\u017ed\u00e9mu ve\u010deru dotek klidu a luxusu.<\/p>\n","protected":false},"featured_media":7326,"comment_status":"open","ping_status":"closed","template":"","meta":[],"product_brand":[2030],"product_cat":[2031],"product_tag":[997,1649,466,752,317],"class_list":{"0":"post-7324","1":"product","2":"type-product","3":"status-publish","4":"has-post-thumbnail","6":"product_brand-woodwick","7":"product_cat-vonne-svicky-woodwick","8":"product_tag-drogerie","9":"product_tag-sladka-vune","10":"product_tag-svicka","11":"product_tag-vonne-svicky","12":"product_tag-vune","14":"first","15":"instock","16":"sale","17":"taxable","18":"shipping-taxable","19":"purchasable","20":"product-type-simple"},"jetpack_sharing_enabled":true,"_links":{"self":[{"href":"https:\/\/etev7e.pef.czu.cz\/zs2223\/wp-json\/wp\/v2\/product\/7324","targetHints":{"allow":["GET"]}}],"collection":[{"href":"https:\/\/etev7e.pef.czu.cz\/zs2223\/wp-json\/wp\/v2\/product"}],"about":[{"href":"https:\/\/etev7e.pef.czu.cz\/zs2223\/wp-json\/wp\/v2\/types\/product"}],"replies":[{"embeddable":true,"href":"https:\/\/etev7e.pef.czu.cz\/zs2223\/wp-json\/wp\/v2\/comments?post=7324"}],"wp:featuredmedia":[{"embeddable":true,"href":"https:\/\/etev7e.pef.czu.cz\/zs2223\/wp-json\/wp\/v2\/media\/7326"}],"wp:attachment":[{"href":"https:\/\/etev7e.pef.czu.cz\/zs2223\/wp-json\/wp\/v2\/media?parent=7324"}],"wp:term":[{"taxonomy":"product_brand","embeddable":true,"href":"https:\/\/etev7e.pef.czu.cz\/zs2223\/wp-json\/wp\/v2\/product_brand?post=7324"},{"taxonomy":"product_cat","embeddable":true,"href":"https:\/\/etev7e.pef.czu.cz\/zs2223\/wp-json\/wp\/v2\/product_cat?post=7324"},{"taxonomy":"product_tag","embeddable":true,"href":"https:\/\/etev7e.pef.czu.cz\/zs2223\/wp-json\/wp\/v2\/product_tag?post=7324"}],"curies":[{"name":"wp","href":"https:\/\/api.w.org\/{rel}","templated":true}]}}