{"id":7341,"date":"2025-11-07T11:17:01","date_gmt":"2025-11-07T10:17:01","guid":{"rendered":"https:\/\/etev7e.pef.czu.cz\/zs2223\/?post_type=product&#038;p=7341"},"modified":"2025-11-07T11:25:33","modified_gmt":"2025-11-07T10:25:33","slug":"icepebble-kompaktni-automaticky-vyrobnik-ledu","status":"publish","type":"product","link":"https:\/\/etev7e.pef.czu.cz\/zs2223\/produkt\/icepebble-kompaktni-automaticky-vyrobnik-ledu\/","title":{"rendered":"IcePebble\u2122 &#8211; kompaktn\u00ed automatick\u00fd v\u00fdrobn\u00edk ledu"},"content":{"rendered":"<p><img loading=\"lazy\" decoding=\"async\" class=\"alignnone size-medium wp-image-7330\" src=\"https:\/\/etev7e.pef.czu.cz\/zs2223\/01\/wp-content\/uploads\/2025\/11\/0af1400c-7fbb-4ef4-8f06-c25fe62c777f-300x300.jpeg\" alt=\"\" width=\"300\" height=\"300\" srcset=\"https:\/\/etev7e.pef.czu.cz\/zs2223\/01\/wp-content\/uploads\/2025\/11\/0af1400c-7fbb-4ef4-8f06-c25fe62c777f-300x300.jpeg 300w, https:\/\/etev7e.pef.czu.cz\/zs2223\/01\/wp-content\/uploads\/2025\/11\/0af1400c-7fbb-4ef4-8f06-c25fe62c777f-150x150.jpeg 150w, https:\/\/etev7e.pef.czu.cz\/zs2223\/01\/wp-content\/uploads\/2025\/11\/0af1400c-7fbb-4ef4-8f06-c25fe62c777f-768x768.jpeg 768w, https:\/\/etev7e.pef.czu.cz\/zs2223\/01\/wp-content\/uploads\/2025\/11\/0af1400c-7fbb-4ef4-8f06-c25fe62c777f-324x324.jpeg 324w, https:\/\/etev7e.pef.czu.cz\/zs2223\/01\/wp-content\/uploads\/2025\/11\/0af1400c-7fbb-4ef4-8f06-c25fe62c777f-416x416.jpeg 416w, https:\/\/etev7e.pef.czu.cz\/zs2223\/01\/wp-content\/uploads\/2025\/11\/0af1400c-7fbb-4ef4-8f06-c25fe62c777f-100x100.jpeg 100w, https:\/\/etev7e.pef.czu.cz\/zs2223\/01\/wp-content\/uploads\/2025\/11\/0af1400c-7fbb-4ef4-8f06-c25fe62c777f.jpeg 1024w\" sizes=\"auto, (max-width: 300px) 100vw, 300px\" \/>Zchla\u010f si den b\u011bhem n\u011bkolika minut s IcePebble\u2122 &#8211; chytr\u00fdm a kompaktn\u00edm pomocn\u00edkem, kter\u00fd vyr\u00e1b\u00ed \u010derstv\u00fd led rychleji, ne\u017e stihne\u0161 p\u0159ipravit drink. D\u00edky modern\u00edmu designu a tich\u00e9mu chodu se skv\u011ble hod\u00ed do kuchyn\u011b, kancel\u00e1\u0159e i na chalupu. Led vyr\u00e1b\u00ed automaticky &#8211; sta\u010d\u00ed dol\u00edt vodu, zvolit velikost kostek a stisknout tla\u010d\u00edtko. Za 3 minuty m\u00e1\u0161 prvn\u00ed d\u00e1vku ledu p\u0159ipravenou. IcePebble\u2122 m\u00e1 pr\u016fhledn\u00e9 v\u00edko pro snadnou kontrolu, funkci automatick\u00e9ho vypnut\u00ed a m\u00e1 energeticky \u00fasporn\u00fd re\u017eim.<\/p>\n","protected":false},"excerpt":{"rendered":"<p>Mal\u00fd, elegantn\u00ed, ale v\u00fdkonn\u00fd \u2014 ide\u00e1ln\u00ed pro ka\u017ed\u00e9ho, kdo miluje studen\u00e9 osv\u011b\u017een\u00ed. IcePebble\u2122 se v\u00e1m postar\u00e1 o automatick\u00e9 p\u0159ipraven\u00ed ledu bez n\u00e1mahy !<\/p>\n","protected":false},"featured_media":7330,"comment_status":"open","ping_status":"closed","template":"","meta":[],"product_brand":[2092],"product_cat":[1871],"product_tag":[2102,2099,2100,2103,2101,2104,842],"class_list":{"0":"post-7341","1":"product","2":"type-product","3":"status-publish","4":"has-post-thumbnail","6":"product_brand-megaelektro","7":"product_cat-domaci-elektro-10","8":"product_tag-drink","9":"product_tag-ice","10":"product_tag-led","11":"product_tag-ledovac","12":"product_tag-osvezeni","13":"product_tag-smartaplikace","14":"product_tag-leto","16":"first","17":"instock","18":"sale","19":"taxable","20":"shipping-taxable","21":"purchasable","22":"product-type-simple"},"jetpack_sharing_enabled":true,"_links":{"self":[{"href":"https:\/\/etev7e.pef.czu.cz\/zs2223\/wp-json\/wp\/v2\/product\/7341","targetHints":{"allow":["GET"]}}],"collection":[{"href":"https:\/\/etev7e.pef.czu.cz\/zs2223\/wp-json\/wp\/v2\/product"}],"about":[{"href":"https:\/\/etev7e.pef.czu.cz\/zs2223\/wp-json\/wp\/v2\/types\/product"}],"replies":[{"embeddable":true,"href":"https:\/\/etev7e.pef.czu.cz\/zs2223\/wp-json\/wp\/v2\/comments?post=7341"}],"wp:featuredmedia":[{"embeddable":true,"href":"https:\/\/etev7e.pef.czu.cz\/zs2223\/wp-json\/wp\/v2\/media\/7330"}],"wp:attachment":[{"href":"https:\/\/etev7e.pef.czu.cz\/zs2223\/wp-json\/wp\/v2\/media?parent=7341"}],"wp:term":[{"taxonomy":"product_brand","embeddable":true,"href":"https:\/\/etev7e.pef.czu.cz\/zs2223\/wp-json\/wp\/v2\/product_brand?post=7341"},{"taxonomy":"product_cat","embeddable":true,"href":"https:\/\/etev7e.pef.czu.cz\/zs2223\/wp-json\/wp\/v2\/product_cat?post=7341"},{"taxonomy":"product_tag","embeddable":true,"href":"https:\/\/etev7e.pef.czu.cz\/zs2223\/wp-json\/wp\/v2\/product_tag?post=7341"}],"curies":[{"name":"wp","href":"https:\/\/api.w.org\/{rel}","templated":true}]}}