{"id":7369,"date":"2025-11-07T17:24:54","date_gmt":"2025-11-07T16:24:54","guid":{"rendered":"https:\/\/etev7e.pef.czu.cz\/zs2223\/?post_type=product&#038;p=7369"},"modified":"2025-11-10T18:19:10","modified_gmt":"2025-11-10T17:19:10","slug":"cerstva-domaci-vejce-30-ks","status":"publish","type":"product","link":"https:\/\/etev7e.pef.czu.cz\/zs2223\/produkt\/cerstva-domaci-vejce-30-ks\/","title":{"rendered":"\u010cerstv\u00e1 dom\u00e1c\u00ed vejce &#8211; 30 ks"},"content":{"rendered":"<p data-start=\"251\" data-end=\"458\">Na\u0161e dom\u00e1c\u00ed vejce poch\u00e1zej\u00ed od slepic, kter\u00e9 \u017eij\u00ed svobodn\u011b na zelen\u00e9 tr\u00e1v\u011b a zobou sm\u011bs obil\u00ed, tr\u00e1vy a kuchy\u0148sk\u00fdch zbytk\u016f. \u017d\u00e1dn\u00e9 klece, \u017e\u00e1dn\u00e9 stresy. Jen p\u0159irozen\u00fd \u017eivot, jak\u00fd by m\u011bla m\u00edt ka\u017ed\u00e1 slepice.<\/p>\n<p data-start=\"251\" data-end=\"458\">Ka\u017ed\u00e9 vejce m\u00e1 trochu jin\u00fd tvar i odst\u00edn sko\u0159\u00e1pky, proto\u017ee poch\u00e1z\u00ed z opravdov\u00e9 farmy, ne z p\u00e1sov\u00e9 linky. Kouzlo v chuti, v\u016fni i sv\u011b\u017eesti, kterou v b\u011b\u017en\u00e9m obchod\u011b nenajde\u0161.<\/p>\n<p data-start=\"661\" data-end=\"803\"><em>Vejce maj\u00ed <strong data-start=\"645\" data-end=\"677\">minim\u00e1ln\u00ed trvanlivost 28 dn\u00ed<\/strong>, proto\u017ee je odes\u00edl\u00e1me <strong data-start=\"700\" data-end=\"725\">do 24 hodin od sn\u00e1\u0161ky<\/strong>.<\/em><br data-start=\"726\" data-end=\"729\" \/><em>D\u00edky t\u00e9hle \u010derstvosti jsou ide\u00e1ln\u00ed na ztracen\u00e1 vaj\u00ed\u010dka, sma\u017een\u00ed nebo m\u00edchan\u00e1 vaj\u00ed\u010dka k sn\u00eddani.<\/em><\/p>\n","protected":false},"excerpt":{"rendered":"<p>Ka\u017ed\u00e9 vejce je jin\u00e9, ale v\u0161echna maj\u00ed spole\u010dn\u00e9 jedno: chu\u0165, kterou z obchodu nezn\u00e1\u0161.<\/p>\n<p>Na\u0161e slepice \u017eij\u00ed voln\u011b na tr\u00e1v\u011b, zobou obil\u00ed, bylinky a zbytky z kuchyn\u011b. Prost\u011b tak, jak to m\u00e1 b\u00fdt. Bez klec\u00ed, bez stresu, s respektem ke zv\u00ed\u0159at\u016fm. \ud83d\udc9b<\/p>\n<p>\u2192 Ide\u00e1ln\u00ed na sn\u00eddani, pe\u010den\u00ed i jako d\u00e1rek pro souseda<\/p>\n","protected":false},"featured_media":7370,"comment_status":"open","ping_status":"closed","template":"","meta":[],"product_brand":[2300],"product_cat":[2108,2105,2063],"product_tag":[2110],"class_list":{"0":"post-7369","1":"product","2":"type-product","3":"status-publish","4":"has-post-thumbnail","6":"product_brand-vejcezkurniku","7":"product_cat-cerstva-domaci-vejce","8":"product_cat-vejce-z-kurniku","9":"product_cat-vychozi","10":"product_tag-domaci-vejce","12":"first","13":"instock","14":"taxable","15":"shipping-taxable","16":"purchasable","17":"product-type-simple"},"jetpack_sharing_enabled":true,"_links":{"self":[{"href":"https:\/\/etev7e.pef.czu.cz\/zs2223\/wp-json\/wp\/v2\/product\/7369","targetHints":{"allow":["GET"]}}],"collection":[{"href":"https:\/\/etev7e.pef.czu.cz\/zs2223\/wp-json\/wp\/v2\/product"}],"about":[{"href":"https:\/\/etev7e.pef.czu.cz\/zs2223\/wp-json\/wp\/v2\/types\/product"}],"replies":[{"embeddable":true,"href":"https:\/\/etev7e.pef.czu.cz\/zs2223\/wp-json\/wp\/v2\/comments?post=7369"}],"wp:featuredmedia":[{"embeddable":true,"href":"https:\/\/etev7e.pef.czu.cz\/zs2223\/wp-json\/wp\/v2\/media\/7370"}],"wp:attachment":[{"href":"https:\/\/etev7e.pef.czu.cz\/zs2223\/wp-json\/wp\/v2\/media?parent=7369"}],"wp:term":[{"taxonomy":"product_brand","embeddable":true,"href":"https:\/\/etev7e.pef.czu.cz\/zs2223\/wp-json\/wp\/v2\/product_brand?post=7369"},{"taxonomy":"product_cat","embeddable":true,"href":"https:\/\/etev7e.pef.czu.cz\/zs2223\/wp-json\/wp\/v2\/product_cat?post=7369"},{"taxonomy":"product_tag","embeddable":true,"href":"https:\/\/etev7e.pef.czu.cz\/zs2223\/wp-json\/wp\/v2\/product_tag?post=7369"}],"curies":[{"name":"wp","href":"https:\/\/api.w.org\/{rel}","templated":true}]}}