{"id":7372,"date":"2025-11-09T16:53:58","date_gmt":"2025-11-09T15:53:58","guid":{"rendered":"https:\/\/etev7e.pef.czu.cz\/zs2223\/?post_type=product&#038;p=7372"},"modified":"2025-11-09T17:25:02","modified_gmt":"2025-11-09T16:25:02","slug":"univerzitni-monopoly","status":"publish","type":"product","link":"https:\/\/etev7e.pef.czu.cz\/zs2223\/produkt\/univerzitni-monopoly\/","title":{"rendered":"Univerzitn\u00ed MONOPOLY &#8211; FIVE GAMES"},"content":{"rendered":"<p>Obl\u00edben\u00e1 hra Monopoly p\u0159ich\u00e1z\u00ed v nov\u00e9 edici Univerzitn\u00ed Monopoly \u2013 s modern\u00edm obalem a nov\u00fdmi figurkami. Budujte sv\u00e9 imp\u00e9rium, investujte chyt\u0159e a uzav\u00edrejte v\u00fdhodn\u00e9 obchody, abyste se stali nejbohat\u0161\u00edm hr\u00e1\u010dem.<\/p>\n","protected":false},"excerpt":{"rendered":"<p>Deskov\u00e1 obchodn\u00ed hra, st\u0159edn\u00ed obt\u00ed\u017enost, d\u00e9lka hry 30 min, v \u010desk\u00e9m jazyce. Vhodn\u00e9 od 8 let. Ur\u010deno pro 2 a\u017e 6 hr\u00e1\u010d\u016f.<\/p>\n","protected":false},"featured_media":7380,"comment_status":"open","ping_status":"closed","template":"","meta":[],"product_brand":[2229],"product_cat":[2091],"product_tag":[681,305,301,903],"class_list":{"0":"post-7372","1":"product","2":"type-product","3":"status-publish","4":"has-post-thumbnail","6":"product_brand-five-games","7":"product_cat-deskove-hry-1","8":"product_tag-deskove-hry","9":"product_tag-hra","10":"product_tag-hry","11":"product_tag-zabava","13":"first","14":"instock","15":"sale","16":"taxable","17":"shipping-taxable","18":"purchasable","19":"product-type-simple"},"jetpack_sharing_enabled":true,"_links":{"self":[{"href":"https:\/\/etev7e.pef.czu.cz\/zs2223\/wp-json\/wp\/v2\/product\/7372","targetHints":{"allow":["GET"]}}],"collection":[{"href":"https:\/\/etev7e.pef.czu.cz\/zs2223\/wp-json\/wp\/v2\/product"}],"about":[{"href":"https:\/\/etev7e.pef.czu.cz\/zs2223\/wp-json\/wp\/v2\/types\/product"}],"replies":[{"embeddable":true,"href":"https:\/\/etev7e.pef.czu.cz\/zs2223\/wp-json\/wp\/v2\/comments?post=7372"}],"wp:featuredmedia":[{"embeddable":true,"href":"https:\/\/etev7e.pef.czu.cz\/zs2223\/wp-json\/wp\/v2\/media\/7380"}],"wp:attachment":[{"href":"https:\/\/etev7e.pef.czu.cz\/zs2223\/wp-json\/wp\/v2\/media?parent=7372"}],"wp:term":[{"taxonomy":"product_brand","embeddable":true,"href":"https:\/\/etev7e.pef.czu.cz\/zs2223\/wp-json\/wp\/v2\/product_brand?post=7372"},{"taxonomy":"product_cat","embeddable":true,"href":"https:\/\/etev7e.pef.czu.cz\/zs2223\/wp-json\/wp\/v2\/product_cat?post=7372"},{"taxonomy":"product_tag","embeddable":true,"href":"https:\/\/etev7e.pef.czu.cz\/zs2223\/wp-json\/wp\/v2\/product_tag?post=7372"}],"curies":[{"name":"wp","href":"https:\/\/api.w.org\/{rel}","templated":true}]}}