{"id":7375,"date":"2025-11-07T17:33:58","date_gmt":"2025-11-07T16:33:58","guid":{"rendered":"https:\/\/etev7e.pef.czu.cz\/zs2223\/?post_type=product&#038;p=7375"},"modified":"2025-11-10T18:18:53","modified_gmt":"2025-11-10T17:18:53","slug":"adopce-zachranene-slepice-z-klecoveho-velkochovu","status":"publish","type":"product","link":"https:\/\/etev7e.pef.czu.cz\/zs2223\/produkt\/adopce-zachranene-slepice-z-klecoveho-velkochovu\/","title":{"rendered":"Adopce zachr\u00e1n\u011bn\u00e9 slepice z klecov\u00e9ho velkochovu"},"content":{"rendered":"<p><span style=\"font-weight: 400\">Za m\u011bs\u00ed\u010dn\u00ed p\u0159\u00edsp\u011bvek z\u00edsk\u00e1\u0161:<\/span><\/p>\n<p><span style=\"font-weight: 400\">\ud83e\udd5a 20 \u010derstv\u00fdch vajec m\u011bs\u00ed\u010dn\u011b<\/span><\/p>\n<p><span style=\"font-weight: 400\">\ud83d\udcdd adop\u010dn\u00ed certifik\u00e1t se jm\u00e9nem tv\u00e9 slepice<\/span><\/p>\n<p><span style=\"font-weight: 400\">\ud83d\udc8c pravideln\u00e9 novinky z farmy<\/span><\/p>\n<p><span style=\"font-weight: 400\">\u2192 Tv\u016fj p\u0159\u00edsp\u011bvek pom\u00e1h\u00e1 slepic\u00edm \u017e\u00edt v blahu!<\/span><\/p>\n<p><br style=\"font-weight: 400\" \/><br style=\"font-weight: 400\" \/><br style=\"font-weight: 400\" \/><\/p>\n","protected":false},"excerpt":{"rendered":"<p>Sta\u0148 se sou\u010d\u00e1st\u00ed n\u011b\u010deho, co d\u00e1v\u00e1 smysl! Adoptuj slepici <strong>na rok<\/strong>, kterou zachr\u00e1n\u00edme z klecov\u00e9ho velkochovu, a dop\u0159ej j\u00ed nov\u00fd \u017eivot u n\u00e1s na farm\u011b v Mod\u0159anech. BONUS PRO TEBE? 20 vajec m\u011bs\u00ed\u010dn\u011b!<\/p>\n<p><span style=\"font-weight: 400\">\u2192 Tv\u016fj p\u0159\u00edsp\u011bvek pom\u00e1h\u00e1 slepic\u00edm \u017e\u00edt v blahu!<\/span><\/p>\n","protected":false},"featured_media":7395,"comment_status":"open","ping_status":"closed","template":"","meta":[],"product_brand":[2300],"product_cat":[2106,2105],"product_tag":[2115,2116,2130,2114],"class_list":{"0":"post-7375","1":"product","2":"type-product","3":"status-publish","4":"has-post-thumbnail","6":"product_brand-vejcezkurniku","7":"product_cat-adopce-slepice","8":"product_cat-vejce-z-kurniku","9":"product_tag-adopce-slepice","10":"product_tag-klecovy-chov","11":"product_tag-predplatne","12":"product_tag-zachrana-slepic","14":"first","15":"instock","16":"taxable","17":"shipping-taxable","18":"purchasable","19":"product-type-simple"},"jetpack_sharing_enabled":true,"_links":{"self":[{"href":"https:\/\/etev7e.pef.czu.cz\/zs2223\/wp-json\/wp\/v2\/product\/7375","targetHints":{"allow":["GET"]}}],"collection":[{"href":"https:\/\/etev7e.pef.czu.cz\/zs2223\/wp-json\/wp\/v2\/product"}],"about":[{"href":"https:\/\/etev7e.pef.czu.cz\/zs2223\/wp-json\/wp\/v2\/types\/product"}],"replies":[{"embeddable":true,"href":"https:\/\/etev7e.pef.czu.cz\/zs2223\/wp-json\/wp\/v2\/comments?post=7375"}],"wp:featuredmedia":[{"embeddable":true,"href":"https:\/\/etev7e.pef.czu.cz\/zs2223\/wp-json\/wp\/v2\/media\/7395"}],"wp:attachment":[{"href":"https:\/\/etev7e.pef.czu.cz\/zs2223\/wp-json\/wp\/v2\/media?parent=7375"}],"wp:term":[{"taxonomy":"product_brand","embeddable":true,"href":"https:\/\/etev7e.pef.czu.cz\/zs2223\/wp-json\/wp\/v2\/product_brand?post=7375"},{"taxonomy":"product_cat","embeddable":true,"href":"https:\/\/etev7e.pef.czu.cz\/zs2223\/wp-json\/wp\/v2\/product_cat?post=7375"},{"taxonomy":"product_tag","embeddable":true,"href":"https:\/\/etev7e.pef.czu.cz\/zs2223\/wp-json\/wp\/v2\/product_tag?post=7375"}],"curies":[{"name":"wp","href":"https:\/\/api.w.org\/{rel}","templated":true}]}}