{"id":7384,"date":"2025-11-07T17:42:29","date_gmt":"2025-11-07T16:42:29","guid":{"rendered":"https:\/\/etev7e.pef.czu.cz\/zs2223\/?post_type=product&#038;p=7384"},"modified":"2025-11-10T18:18:45","modified_gmt":"2025-11-10T17:18:45","slug":"vyvary-ve-sklenicich","status":"publish","type":"product","link":"https:\/\/etev7e.pef.czu.cz\/zs2223\/produkt\/vyvary-ve-sklenicich\/","title":{"rendered":"V\u00fdvary ve sklenic\u00edch"},"content":{"rendered":"<p><span style=\"font-weight: 400\">V\u00fdvary va\u0159\u00edme s \u00factou k p\u0159irozen\u00e9mu kolob\u011bhu \u017eivota. Poch\u00e1zej\u00ed ze slepic, kter\u00e9 do\u017eily sv\u016fj \u010das v hejnu a jejich maso vyu\u017e\u00edv\u00e1me jako sou\u010d\u00e1st udr\u017eiteln\u00e9 produkce.<\/span><\/p>\n<p><span style=\"font-weight: 400\">D\u00edky tomu dok\u00e1\u017eeme zachovat rovnov\u00e1hu a plynulost chovu, ani\u017e bychom pl\u00fdtvali.<\/span><\/p>\n<p>&nbsp;<\/p>\n<p><em>Sklenice obsahuje 500 ml v\u00fdvaru. Zava\u0159en\u00e1 sklenice v\u00fdvaru m\u00e1 trvanlivost 2 t\u00fddny od data doru\u010den\u00ed.<\/em><\/p>\n","protected":false},"excerpt":{"rendered":"<p><span style=\"font-weight: 400\">Poctiv\u00e9 slepi\u010d\u00ed v\u00fdvary, pomalu ta\u017een\u00e9 n\u011bkolik hodin, bez chemie, dochucovadel a zkratek. Najde\u0161 v nich jen maso, zeleninu, bylinky a kapku l\u00e1sky z farmy. V\u00fdvar je ide\u00e1ln\u00ed jako z\u00e1klad pro pol\u00e9vky, om\u00e1\u010dky nebo jen tak k zah\u0159\u00e1t\u00ed po dlouh\u00e9m dni.<br data-start=\"709\" data-end=\"712\" \/>\u2192 Otev\u0159i sklenici a vychutnej poctivost, kter\u00e1 se va\u0159ila cel\u00e9 odpoledne.<\/span><\/p>\n","protected":false},"featured_media":7385,"comment_status":"open","ping_status":"closed","template":"","meta":[],"product_brand":[2300],"product_cat":[2107,2105],"product_tag":[2124,2125,2123,2122,2126],"class_list":{"0":"post-7384","1":"product","2":"type-product","3":"status-publish","4":"has-post-thumbnail","6":"product_brand-vejcezkurniku","7":"product_cat-produkty-z-farmy","8":"product_cat-vejce-z-kurniku","9":"product_tag-domaci","10":"product_tag-domaci-vyvar","11":"product_tag-slepici-vyvar","12":"product_tag-vyvar","13":"product_tag-vyvar-ve-sklenicich","15":"first","16":"instock","17":"taxable","18":"shipping-taxable","19":"purchasable","20":"product-type-simple"},"jetpack_sharing_enabled":true,"_links":{"self":[{"href":"https:\/\/etev7e.pef.czu.cz\/zs2223\/wp-json\/wp\/v2\/product\/7384","targetHints":{"allow":["GET"]}}],"collection":[{"href":"https:\/\/etev7e.pef.czu.cz\/zs2223\/wp-json\/wp\/v2\/product"}],"about":[{"href":"https:\/\/etev7e.pef.czu.cz\/zs2223\/wp-json\/wp\/v2\/types\/product"}],"replies":[{"embeddable":true,"href":"https:\/\/etev7e.pef.czu.cz\/zs2223\/wp-json\/wp\/v2\/comments?post=7384"}],"wp:featuredmedia":[{"embeddable":true,"href":"https:\/\/etev7e.pef.czu.cz\/zs2223\/wp-json\/wp\/v2\/media\/7385"}],"wp:attachment":[{"href":"https:\/\/etev7e.pef.czu.cz\/zs2223\/wp-json\/wp\/v2\/media?parent=7384"}],"wp:term":[{"taxonomy":"product_brand","embeddable":true,"href":"https:\/\/etev7e.pef.czu.cz\/zs2223\/wp-json\/wp\/v2\/product_brand?post=7384"},{"taxonomy":"product_cat","embeddable":true,"href":"https:\/\/etev7e.pef.czu.cz\/zs2223\/wp-json\/wp\/v2\/product_cat?post=7384"},{"taxonomy":"product_tag","embeddable":true,"href":"https:\/\/etev7e.pef.czu.cz\/zs2223\/wp-json\/wp\/v2\/product_tag?post=7384"}],"curies":[{"name":"wp","href":"https:\/\/api.w.org\/{rel}","templated":true}]}}