{"id":7386,"date":"2025-11-09T16:53:28","date_gmt":"2025-11-09T15:53:28","guid":{"rendered":"https:\/\/etev7e.pef.czu.cz\/zs2223\/?post_type=product&#038;p=7386"},"modified":"2025-11-09T17:44:17","modified_gmt":"2025-11-09T16:44:17","slug":"dostavte-kolej","status":"publish","type":"product","link":"https:\/\/etev7e.pef.czu.cz\/zs2223\/produkt\/dostavte-kolej\/","title":{"rendered":"Dostavte kolej! &#8211; FIVE GAMES"},"content":{"rendered":"<p>Rodinn\u00e1 deskov\u00e1 hra, kde po semestru pln\u00e9ho u\u010den\u00ed p\u0159i\u0161la na \u0159adu chv\u00edle budov\u00e1n\u00ed! Sna\u017ete se co nejd\u0159\u00edve propojit Laborato\u0159e, Koleje, Parkovi\u0161t\u011b a Menzu. Na motivy obl\u00edben\u00e9 hry Carcassonne. Rozv\u00edjejte svou prostorovou p\u0159edstavivost a pl\u00e1nov\u00e1n\u00ed!<\/p>\n","protected":false},"excerpt":{"rendered":"<p>Taktick\u00e1 deskov\u00e1 hra, d\u00e9lka hry 30-50 minut. Vhodn\u00e9 pro d\u011bti od 8 let. Ur\u010deno pro 2-5 hr\u00e1\u010d\u016f.<\/p>\n","protected":false},"featured_media":7392,"comment_status":"open","ping_status":"closed","template":"","meta":[],"product_brand":[2229],"product_cat":[2091],"product_tag":[681,305,301,903],"class_list":{"0":"post-7386","1":"product","2":"type-product","3":"status-publish","4":"has-post-thumbnail","6":"product_brand-five-games","7":"product_cat-deskove-hry-1","8":"product_tag-deskove-hry","9":"product_tag-hra","10":"product_tag-hry","11":"product_tag-zabava","13":"first","14":"instock","15":"sale","16":"taxable","17":"shipping-taxable","18":"purchasable","19":"product-type-simple"},"jetpack_sharing_enabled":true,"_links":{"self":[{"href":"https:\/\/etev7e.pef.czu.cz\/zs2223\/wp-json\/wp\/v2\/product\/7386","targetHints":{"allow":["GET"]}}],"collection":[{"href":"https:\/\/etev7e.pef.czu.cz\/zs2223\/wp-json\/wp\/v2\/product"}],"about":[{"href":"https:\/\/etev7e.pef.czu.cz\/zs2223\/wp-json\/wp\/v2\/types\/product"}],"replies":[{"embeddable":true,"href":"https:\/\/etev7e.pef.czu.cz\/zs2223\/wp-json\/wp\/v2\/comments?post=7386"}],"wp:featuredmedia":[{"embeddable":true,"href":"https:\/\/etev7e.pef.czu.cz\/zs2223\/wp-json\/wp\/v2\/media\/7392"}],"wp:attachment":[{"href":"https:\/\/etev7e.pef.czu.cz\/zs2223\/wp-json\/wp\/v2\/media?parent=7386"}],"wp:term":[{"taxonomy":"product_brand","embeddable":true,"href":"https:\/\/etev7e.pef.czu.cz\/zs2223\/wp-json\/wp\/v2\/product_brand?post=7386"},{"taxonomy":"product_cat","embeddable":true,"href":"https:\/\/etev7e.pef.czu.cz\/zs2223\/wp-json\/wp\/v2\/product_cat?post=7386"},{"taxonomy":"product_tag","embeddable":true,"href":"https:\/\/etev7e.pef.czu.cz\/zs2223\/wp-json\/wp\/v2\/product_tag?post=7386"}],"curies":[{"name":"wp","href":"https:\/\/api.w.org\/{rel}","templated":true}]}}